{"id":54023,"date":"2024-07-18T04:05:44","date_gmt":"2024-07-18T04:05:44","guid":{"rendered":"https:\/\/e.kosmolat.eu\/product\/%d0%b7%d0%b5e%d0%b5%d0%bda%d1%8f-a%d0%bf%d1%82%d0%b5%d0%baa-%d0%bcco%d0%b5ee%d1%8fs%d0%bdu%d0%b9-%d1%82%d0%be%d0%bdc%d0%ba-%d1%83%d0%b2eae%d0%bd%d1%8fz%d1%89c%d0%b9-250%d0%bce\/"},"modified":"2025-09-15T13:02:08","modified_gmt":"2025-09-15T13:02:08","slug":"i_za-micelarais-toniks-mitrin-ar-nomierinosu-iedarbibu-250-ml","status":"publish","type":"product","link":"https:\/\/e.kosmolat.eu\/lt\/produktas\/i_za-micelarais-toniks-mitrin-ar-nomierinosu-iedarbibu-250-ml\/","title":{"rendered":"I_ZELIONAJA APTEKA Micelinis tonikas Dr\u0117kinamasis su raminamuoju poveikiu, 250 ml"},"content":{"rendered":"<p>Vis\u0173 tip\u0173 odai, \u012fskaitant jautri\u0105.<\/p>\n<p>Sud\u0117tyje yra 100% alavijo sul\u010di\u0173, vitamino E, mineral\u0173, burno\u010di\u0173 aliejaus ir magnolij\u0173 ekstrakto + ramina od\u0105 + kompozicijoje esan\u010dios micel\u0117s geriau i\u0161valo od\u0105 nuo vis\u0173 ne\u0161varum\u0173 nei \u012fprasti tonikai. Nedirgina aki\u0173 ir gali b\u016bti naudojamas makia\u017eui nuvalyti. Dr\u0117kina od\u0105 2 kartus daugiau nei micelinis vanduo. Sustiprina dr\u0117kinam\u0105j\u012f kremo poveik\u012f ir nereikalauja nuplauti odos.<\/p>\n<p>Naudojimo instrukcijos: U\u017etepkite ant kempin\u0117s ir \u0161velniai \u012ftrinkite ant veid\u0105 ir od\u0105 aplink akis i\u0161ilgai masa\u017eo linij\u0173. <\/p>\n<p>Atsargumo priemon\u0117s: padid\u0117j\u0119s individualus jautrumas atskiriems komponentams.<br \/>\nLaikyti nuo +5\u00b0C iki +25\u00b0C temperat\u016broje.<\/p>\n<p>Geriausias 24 m\u0117n. nuo pagaminimo datos.<\/p>\n","protected":false},"excerpt":{"rendered":"<p>Vis\u0173 tip\u0173 odai, \u012fskaitant jautri\u0105. Sud\u0117tyje yra 100% alavijo sul\u010di\u0173, vitamino E, mineral\u0173, burno\u010di\u0173 aliejaus ir magnolij\u0173 ekstrakto + ramina od\u0105 + kompozicijoje esan\u010dios micel\u0117s geriau i\u0161valo od\u0105 nuo vis\u0173 ne\u0161varum\u0173 nei \u012fprasti tonikai. Nedirgina aki\u0173 ir gali b\u016bti naudojamas makia\u017eui nuvalyti. Dr\u0117kina od\u0105 2 kartus daugiau nei micelinis vanduo. Sustiprina dr\u0117kinam\u0105j\u012f kremo poveik\u012f ir [&#8230;]\n","protected":false},"featured_media":0,"template":"","meta":[],"product_cat":[1570],"product_tag":[],"class_list":{"0":"post-54023","1":"product","2":"type-product","3":"status-publish","5":"product_brand-elfa_ua-lt","6":"product_cat-micelinis-vanduo","8":"first","9":"outofstock","10":"taxable","11":"shipping-taxable","12":"product-type-simple"},"_links":{"self":[{"href":"https:\/\/e.kosmolat.eu\/lt\/wp-json\/wp\/v2\/product\/54023","targetHints":{"allow":["GET"]}}],"collection":[{"href":"https:\/\/e.kosmolat.eu\/lt\/wp-json\/wp\/v2\/product"}],"about":[{"href":"https:\/\/e.kosmolat.eu\/lt\/wp-json\/wp\/v2\/types\/product"}],"wp:attachment":[{"href":"https:\/\/e.kosmolat.eu\/lt\/wp-json\/wp\/v2\/media?parent=54023"}],"wp:term":[{"taxonomy":"product_cat","embeddable":true,"href":"https:\/\/e.kosmolat.eu\/lt\/wp-json\/wp\/v2\/product_cat?post=54023"},{"taxonomy":"product_tag","embeddable":true,"href":"https:\/\/e.kosmolat.eu\/lt\/wp-json\/wp\/v2\/product_tag?post=54023"}],"curies":[{"name":"wp","href":"https:\/\/api.w.org\/{rel}","templated":true}]}}