{"id":54007,"date":"2024-07-18T04:02:30","date_gmt":"2024-07-18T04:02:30","guid":{"rendered":"https:\/\/e.kosmolat.eu\/product\/a%d0%be%d0%bcau%d0%bdc%d0%b9-a%d0%be%d0%ba%d1%82%d0%bes-%d1%81%d0%beeu-ae%d1%8f-%d0%b2a%d0%bd%d0%bd-%d0%bc%d0%bes%d1%81%d0%baa%d1%8f-%d1%81-%d0%bcan%d0%bd%d0%b5%d0%b7c%d0%b5%d0%b9-1000-n\/"},"modified":"2026-03-31T12:59:28","modified_gmt":"2026-03-31T12:59:28","slug":"i_dd-vannas-sals-ar-magneziju-1000-g","status":"publish","type":"product","link":"https:\/\/e.kosmolat.eu\/lt\/produktas\/i_dd-vannas-sals-ar-magneziju-1000-g\/","title":{"rendered":"DOMA\u0160NIJ DOKTOR Vonios druska su magniu, 1000 g"},"content":{"rendered":"<p>Reguliarus maudymasis su nat\u016bralia j\u016bros druska ir magniu teigiamai veikia od\u0105 ir vis\u0105 organizm\u0105 \u2013 gerina odos b\u016bkl\u0119 ir normalizuoja emocin\u0119 b\u016bsen\u0105.<\/p>\n<p>\u2022 J\u016bros druskoje yra didel\u0117 mikro ir makro element\u0173 koncentracija, reikalingos sveikai odos b\u016bklei palaikyti:<br \/>\n\u2022 Kalis ir natris \u2013 reguliuoja dr\u0117gm\u0117s lyg\u012f odos l\u0105stel\u0117se;<br \/>\n\u2022 Kalcis \u2013 didina elastingum\u0105 ir stangrum\u0105;<br \/>\n\u2022 Magnis \u2013 l\u0117tina sen\u0117jimo procesus;<br \/>\n\u2022 Gele\u017eis \u2013 atkuria gyvybingum\u0105;<br \/>\n\u2022 Sulfato jonai \u2013 gerina odos spalv\u0105.<\/p>\n<p>Naudojimas: 100 g druskos i\u0161tirpinkite \u0161iltame vandenyje. Norint gauti ry\u0161k\u0173 balneologin\u012f poveik\u012f, \u012f vien\u0105 voni\u0105 \u012fpilkite iki 500 g druskos. M\u0117gaukit\u0117s vonia15-20 minu\u010di\u0173, tada nuplaukite od\u0105 \u0161variu vandeniu, nusausinkite od\u0105 ir patepkite dr\u0117kinamuoju kremu arba losjonu.<\/p>\n<p>Atsargumo priemon\u0117s: vengti patekimo \u012f akis. Patekus, nedelsiant nuplaukite vandeniu. Nevartoti maistui. Galimas padid\u0117j\u0119s individualus jautrumas atskiriems komponentams.<\/p>\n<p>Laikyti nuo +5 \u00b0C iki +25 \u00b0C temperat\u016broje.<\/p>\n<p>Geriausias: 36 m\u0117nesiai nuo pagaminimo datos.<\/p>\n","protected":false},"excerpt":{"rendered":"<p>Reguliarus maudymasis su nat\u016bralia j\u016bros druska ir magniu teigiamai veikia od\u0105 ir vis\u0105 organizm\u0105 \u2013 gerina odos b\u016bkl\u0119 ir normalizuoja emocin\u0119 b\u016bsen\u0105. \u2022 J\u016bros druskoje yra didel\u0117 mikro ir makro element\u0173 koncentracija, reikalingos sveikai odos b\u016bklei palaikyti: \u2022 Kalis ir natris \u2013 reguliuoja dr\u0117gm\u0117s lyg\u012f odos l\u0105stel\u0117se; \u2022 Kalcis \u2013 didina elastingum\u0105 ir stangrum\u0105; \u2022 [&#8230;]\n","protected":false},"featured_media":97623,"template":"","meta":[],"product_cat":[1612],"product_tag":[],"class_list":{"0":"post-54007","1":"product","2":"type-product","3":"status-publish","4":"has-post-thumbnail","6":"product_brand-elfa_ua-lt","7":"product_cat-putos-druska-vonios-bombos","9":"first","10":"outofstock","11":"taxable","12":"shipping-taxable","13":"product-type-simple"},"_links":{"self":[{"href":"https:\/\/e.kosmolat.eu\/lt\/wp-json\/wp\/v2\/product\/54007","targetHints":{"allow":["GET"]}}],"collection":[{"href":"https:\/\/e.kosmolat.eu\/lt\/wp-json\/wp\/v2\/product"}],"about":[{"href":"https:\/\/e.kosmolat.eu\/lt\/wp-json\/wp\/v2\/types\/product"}],"wp:featuredmedia":[{"embeddable":true,"href":"https:\/\/e.kosmolat.eu\/lt\/wp-json\/wp\/v2\/media\/97623"}],"wp:attachment":[{"href":"https:\/\/e.kosmolat.eu\/lt\/wp-json\/wp\/v2\/media?parent=54007"}],"wp:term":[{"taxonomy":"product_cat","embeddable":true,"href":"https:\/\/e.kosmolat.eu\/lt\/wp-json\/wp\/v2\/product_cat?post=54007"},{"taxonomy":"product_tag","embeddable":true,"href":"https:\/\/e.kosmolat.eu\/lt\/wp-json\/wp\/v2\/product_tag?post=54007"}],"curies":[{"name":"wp","href":"https:\/\/api.w.org\/{rel}","templated":true}]}}