{"id":53973,"date":"2024-07-17T04:23:43","date_gmt":"2024-07-17T04:23:43","guid":{"rendered":"https:\/\/e.kosmolat.eu\/product\/shagun-gold-dabiga-henna-matu-krasos-bruna-25-g\/"},"modified":"2025-09-23T08:01:29","modified_gmt":"2025-09-23T08:01:29","slug":"shagun-gold-dabiga-henna-matu-krasos-bruna-25-g","status":"publish","type":"product","link":"https:\/\/e.kosmolat.eu\/lt\/produktas\/shagun-gold-dabiga-henna-matu-krasos-bruna-25-g\/","title":{"rendered":"SHAGUN GOLD Nat\u016brali chna plaukams, Ruda, 25 g"},"content":{"rendered":"<p>Nat\u016brali chna (Henna)  SHAGUN GOLD skirta ilgalaikiam ir efektyviam plauk\u0173 da\u017eymui nat\u016braliu rudu atspalviu. Chna visi\u0161kai padengia \u017eilus plaukus, suteikia sodri\u0105 ir ilgai i\u0161liekan\u010di\u0105 spalv\u0105, stiprina ir atkuria plaukus nuo \u0161akn\u0173 iki galiuk\u0173, d\u0117ka nat\u016brali\u0173 Indijos augal\u0173: amla, ritha, shikakai, brahmi, tulsi, aloe vera, neem, jatamansi ir hibiscus. kompozicija.  <\/p>\n<p>Chna prisisotina maistin\u0117mis med\u017eiagomis ir stiprina plauk\u0173 folikulus da\u017eymo metu, po to plaukai tampa elastingi ir stipr\u016bs, o garbanos \u012fgauna nat\u016bral\u0173 ir sveik\u0105 blizges\u012f. Chna visi\u0161kai atkuria plauko strukt\u016br\u0105 i\u0161 vidaus, giliai maitina ir saugo plaukus nuo trapumo ir skilin\u0117jan\u010di\u0173 galiuk\u0173.<br \/>\nNaudojimas: reikiam\u0105 kiek\u012f chna u\u017epilkite \u0161iltu vandeniu. Palikite 10 minu\u010di\u0173 ir tolygiai paskirstykite ant i\u0161plaut\u0173 ir i\u0161d\u017eiovint\u0173 plauk\u0173. U\u017edenkite plaukus plastikine kepur\u0117le  ir apvyniokite galv\u0105 rank\u0161luos\u010diu. Palikite da\u017eus ant plauk\u0173 \u0161iek tiek ilgiau nei 40 minu\u010di\u0173. Pasibaigus da\u017eymo laikui, plaukus reikia kruop\u0161\u010diai i\u0161skalauti \u0161iltu vandeniu, kol i\u0161 plauk\u0173 tekantis vanduo taps visi\u0161kai skaidrus. Da\u017eymo laikas priklauso nuo jums reikalingos spalvos intensyvumo. Kuo ilgiau chna bus ant plauk\u0173, tuo sodresn\u0117 bus spalva.<br \/>\nSavyb\u0117s: Chna spalva pagil\u0117ja ir visi\u0161kai i\u0161ry\u0161k\u0117ja 3 dien\u0105 po da\u017eymo. Po da\u017eymo chna netur\u0117tum\u0117te da\u017eyti plauk\u0173 cheminiais da\u017eais ir nedaryti jiems chemini\u0173 proced\u016br\u0173 (garbanojimo ar tiesinimo). Prie\u0161 da\u017eydami plaukus netepkite kremu ar aliejumi.<\/p>\n<p>Atsargumo priemon\u0117s: Niekada nenaudokite \u0161ios chna blakstienoms ir antakiams da\u017eyti.<\/p>\n<p>Laikymo s\u0105lygos: nuo +5\u00b0C iki +25\u00b0C.<\/p>\n<p>Geriausia: 36 m\u0117n. nuo pagaminimo datos.<\/p>\n","protected":false},"excerpt":{"rendered":"<p>Nat\u016brali chna (Henna) SHAGUN GOLD skirta ilgalaikiam ir efektyviam plauk\u0173 da\u017eymui nat\u016braliu rudu atspalviu. Chna visi\u0161kai padengia \u017eilus plaukus, suteikia sodri\u0105 ir ilgai i\u0161liekan\u010di\u0105 spalv\u0105, stiprina ir atkuria plaukus nuo \u0161akn\u0173 iki galiuk\u0173, d\u0117ka nat\u016brali\u0173 Indijos augal\u0173: amla, ritha, shikakai, brahmi, tulsi, aloe vera, neem, jatamansi ir hibiscus. kompozicija. Chna prisisotina maistin\u0117mis med\u017eiagomis ir stiprina [&#8230;]\n","protected":false},"featured_media":78224,"template":"","meta":[],"product_cat":[1660],"product_tag":[],"class_list":{"0":"post-53973","1":"product","2":"type-product","3":"status-publish","4":"has-post-thumbnail","6":"product_brand-replay_kr-lt","7":"product_cat-chna-ir-basma","9":"first","10":"outofstock","11":"taxable","12":"shipping-taxable","13":"product-type-simple"},"_links":{"self":[{"href":"https:\/\/e.kosmolat.eu\/lt\/wp-json\/wp\/v2\/product\/53973","targetHints":{"allow":["GET"]}}],"collection":[{"href":"https:\/\/e.kosmolat.eu\/lt\/wp-json\/wp\/v2\/product"}],"about":[{"href":"https:\/\/e.kosmolat.eu\/lt\/wp-json\/wp\/v2\/types\/product"}],"wp:featuredmedia":[{"embeddable":true,"href":"https:\/\/e.kosmolat.eu\/lt\/wp-json\/wp\/v2\/media\/78224"}],"wp:attachment":[{"href":"https:\/\/e.kosmolat.eu\/lt\/wp-json\/wp\/v2\/media?parent=53973"}],"wp:term":[{"taxonomy":"product_cat","embeddable":true,"href":"https:\/\/e.kosmolat.eu\/lt\/wp-json\/wp\/v2\/product_cat?post=53973"},{"taxonomy":"product_tag","embeddable":true,"href":"https:\/\/e.kosmolat.eu\/lt\/wp-json\/wp\/v2\/product_tag?post=53973"}],"curies":[{"name":"wp","href":"https:\/\/api.w.org\/{rel}","templated":true}]}}