{"id":53957,"date":"2024-07-17T04:20:26","date_gmt":"2024-07-17T04:20:26","guid":{"rendered":"https:\/\/e.kosmolat.eu\/product\/shagun-gold-dabiga-indijas-basma-matu-krasosanai-25-g\/"},"modified":"2026-03-31T12:48:37","modified_gmt":"2026-03-31T12:48:37","slug":"shagun-gold-dabiga-indijas-basma-matu-krasosanai-25-g","status":"publish","type":"product","link":"https:\/\/e.kosmolat.eu\/lt\/produktas\/shagun-gold-dabiga-indijas-basma-matu-krasosanai-25-g\/","title":{"rendered":"SHAGUN GOLD Nat\u016brali indi\u0161ka basma plaukams, 25 g"},"content":{"rendered":"<p>BASMA SHAGUN GOLD yra nat\u016bral\u016bs \u017eoleli\u0173 pagrindo  plauk\u0173 da\u017eai, \u012fskaitant \u017eilus plaukus, kuriuos galima naudoti atskirai arba kartu su chna. Basma su chna da\u017eo plaukus sodriomis tamsiomis spalvomis. Indi\u0161ka basma puikiai kondicionuoja, atkuria plauk\u0173 strukt\u016br\u0105, maitina galvos od\u0105, stiprina plauk\u0173 \u0161aknis, ma\u017eina pleiskan\u0173 atsiradim\u0105, sukuria papildomos apimties, tod\u0117l plaukai tampa storesni ir pur\u016bs. Pati Basma turi melsvai \u017eali\u0105 atspalv\u012f, tod\u0117l naudojama kartu su chna. Jis nenusiplauna visi\u0161kai kaip cheminiai da\u017eai. \u012esiskverbusi \u012f plauk\u0173 strukt\u016br\u0105, basma i\u0161silaiko ilgiau. Indijos basma turi i\u0161skirtini\u0173 sugeb\u0117jim\u0173 Puikiai tinka da\u017eyti \u017eilus plaukus.<\/p>\n<p>Naudojimo instrukcija: Basma tepama ant \u0161vari\u0173, \u0161iek tiek nusausint\u0173 plauk\u0173. Da\u017eant rekomenduojama m\u016bv\u0117ti apsaugines pir\u0161tines ir ant pe\u010di\u0173 u\u017esimesti rank\u0161luost\u012f. Miltelius reikiama proporcija praskieskite chna ir kar\u0161tu vandeniu (ne verdan\u010diu vandeniu) iki tir\u0161tos pastos. Kad spalva b\u016bt\u0173 sodresn\u0117, leiskite mi\u0161iniui pastov\u0117ti kelias valandas. Tada v\u0117l \u012fpilkite \u0161iek tiek vandens ir pereikite prie da\u017eymo. Ekspozicijos laikas yra nuo 20 minu\u010di\u0173 iki 2-3 valand\u0173, priklausomai nuo norimo rezultato. <\/p>\n<p>Atsargumo priemon\u0117s: Niekada nenaudokite \u0161ios basmos blakstienoms ir antakiams da\u017eyti. Tai gali sukelti aklum\u0105!<\/p>\n<p>Laikymo s\u0105lygos: nuo +5\u00b0C iki +25\u00b0C.<\/p>\n<p>Geriausia: 48 m\u0117n. nuo pagaminimo datos.<\/p>\n","protected":false},"excerpt":{"rendered":"<p>BASMA SHAGUN GOLD yra nat\u016bral\u016bs \u017eoleli\u0173 pagrindo plauk\u0173 da\u017eai, \u012fskaitant \u017eilus plaukus, kuriuos galima naudoti atskirai arba kartu su chna. Basma su chna da\u017eo plaukus sodriomis tamsiomis spalvomis. Indi\u0161ka basma puikiai kondicionuoja, atkuria plauk\u0173 strukt\u016br\u0105, maitina galvos od\u0105, stiprina plauk\u0173 \u0161aknis, ma\u017eina pleiskan\u0173 atsiradim\u0105, sukuria papildomos apimties, tod\u0117l plaukai tampa storesni ir pur\u016bs. Pati Basma [&#8230;]\n","protected":false},"featured_media":97139,"template":"","meta":[],"product_cat":[1660],"product_tag":[],"class_list":{"0":"post-53957","1":"product","2":"type-product","3":"status-publish","4":"has-post-thumbnail","6":"product_brand-replay_kr-lt","7":"product_cat-chna-ir-basma","9":"first","10":"instock","11":"taxable","12":"shipping-taxable","13":"product-type-simple"},"_links":{"self":[{"href":"https:\/\/e.kosmolat.eu\/lt\/wp-json\/wp\/v2\/product\/53957","targetHints":{"allow":["GET"]}}],"collection":[{"href":"https:\/\/e.kosmolat.eu\/lt\/wp-json\/wp\/v2\/product"}],"about":[{"href":"https:\/\/e.kosmolat.eu\/lt\/wp-json\/wp\/v2\/types\/product"}],"wp:featuredmedia":[{"embeddable":true,"href":"https:\/\/e.kosmolat.eu\/lt\/wp-json\/wp\/v2\/media\/97139"}],"wp:attachment":[{"href":"https:\/\/e.kosmolat.eu\/lt\/wp-json\/wp\/v2\/media?parent=53957"}],"wp:term":[{"taxonomy":"product_cat","embeddable":true,"href":"https:\/\/e.kosmolat.eu\/lt\/wp-json\/wp\/v2\/product_cat?post=53957"},{"taxonomy":"product_tag","embeddable":true,"href":"https:\/\/e.kosmolat.eu\/lt\/wp-json\/wp\/v2\/product_tag?post=53957"}],"curies":[{"name":"wp","href":"https:\/\/api.w.org\/{rel}","templated":true}]}}