{"id":53949,"date":"2024-07-17T04:17:59","date_gmt":"2024-07-17T04:17:59","guid":{"rendered":"https:\/\/e.kosmolat.eu\/product\/khadi-by-organaturals-dabiga-ind-henna-matu-krasos-9-ajurvedas-augi-un-argana-ella-25-g\/"},"modified":"2025-09-23T08:01:14","modified_gmt":"2025-09-23T08:01:14","slug":"khadi-by-organaturals-dabiga-ind-henna-matu-krasos-9-ajurvedas-augi-un-argana-ella-25-g","status":"publish","type":"product","link":"https:\/\/e.kosmolat.eu\/lt\/produktas\/khadi-by-organaturals-dabiga-ind-henna-matu-krasos-9-ajurvedas-augi-un-argana-ella-25-g\/","title":{"rendered":"KHADI BY ORGANATURALS Nat\u016brali indi\u0161ka chna plaukams 9 Ajurvedos \u017eolel\u0117s ir argan\u0173 aliejus, 25 g"},"content":{"rendered":"<p>Khadi chna ( henna)  yra modernus da\u017eantis produktas, suteikiantis plaukams sodr\u0173, gra\u017e\u0173 atspalv\u012f ir neprilygstam\u0105 nat\u016brali\u0105 prie\u017ei\u016br\u0105 d\u0117l vertingo argan\u0173 aliejaus ir 9 nat\u016brali\u0173 Indijos augal\u0173: amla, ritha, \u0161ikakai, brahmi, tulsi, alavij\u0173, neem, jatamansi ir hibiscus.<\/p>\n<p>Naudodami chn\u0105 ne tik nuda\u017eysite plaukus, bet tuo pa\u010diu ir be didesnio vargo suteiksite plaukams intensyvi\u0105 nat\u016brali\u0105 prie\u017ei\u016br\u0105, kurios rezultatas bus sodri spalva, prabangus blizgesys, apimtis ir \u0161ilki\u0161kumas. Suteikia sodri\u0105 spalv\u0105 iki 10 plovim\u0173.<br \/>\nChna intensyviai da\u017eo, pri\u017ei\u016bri, atkuria plaukus ir suteikia i\u0161puosel\u0117t\u0105, sveik\u0105 i\u0161vaizd\u0105. Vertingas argan\u0173 aliejus maitina, atkuria, saugo nuo trapumo, suteikia spindesio. Argan\u0173 aliejus atkuria plauk\u0173 strukt\u016br\u0105 i\u0161 vidaus, giliai maitina, stiprina, saugo nuo trapumo ir galiuk\u0173 skilin\u0117jimo, didina stiprum\u0105.<br \/>\nNaudojimo instrukcija: Prie\u0161 da\u017eydami plaukus i\u0161plaukite ir \u0161iek tiek nusausinkite, atidarykite pakuot\u0119, turin\u012f supilkite \u012f patog\u0173, nemetalin\u012f ind\u0105. \u0160ilt\u0105 vanden\u012f sumai\u0161ykite su pakuot\u0117s turiniu, kol gausis vienalyt\u0117 mas\u0117 (chna ir vandens santykis 1:3), mai\u0161ykite iki grietin\u0117s konsistencijos. \u0160iek tiek atv\u0117susiu mi\u0161iniu tepkite plaukus. Da\u017eymo laikas svyruoja nuo 25 minu\u010di\u0173 iki 45 minu\u010di\u0173, priklausomai nuo reikiamos spalvos. Po da\u017eymo i\u0161skalaukite plaukus vandeniu be \u0161amp\u016bno. Galutin\u0117 spalva pasirodys po 24 valand\u0173.<\/p>\n<p>Atsargumo priemon\u0117s: Niekada nenaudokite \u0161ios chna blakstienoms ir antakiams da\u017eyti. Tai gali sukelti aklum\u0105!<\/p>\n<p>Laikymo s\u0105lygos: nuo +5\u00b0C iki +25\u00b0C.<\/p>\n<p>Geriausia: 48 m\u0117n. nuo pagaminimo datos.<\/p>\n","protected":false},"excerpt":{"rendered":"<p>Khadi chna ( henna) yra modernus da\u017eantis produktas, suteikiantis plaukams sodr\u0173, gra\u017e\u0173 atspalv\u012f ir neprilygstam\u0105 nat\u016brali\u0105 prie\u017ei\u016br\u0105 d\u0117l vertingo argan\u0173 aliejaus ir 9 nat\u016brali\u0173 Indijos augal\u0173: amla, ritha, \u0161ikakai, brahmi, tulsi, alavij\u0173, neem, jatamansi ir hibiscus. Naudodami chn\u0105 ne tik nuda\u017eysite plaukus, bet tuo pa\u010diu ir be didesnio vargo suteiksite plaukams intensyvi\u0105 nat\u016brali\u0105 prie\u017ei\u016br\u0105, kurios [&#8230;]\n","protected":false},"featured_media":78220,"template":"","meta":[],"product_cat":[1660],"product_tag":[],"class_list":{"0":"post-53949","1":"product","2":"type-product","3":"status-publish","4":"has-post-thumbnail","6":"product_brand-replay_kr-lt","7":"product_cat-chna-ir-basma","9":"first","10":"outofstock","11":"taxable","12":"shipping-taxable","13":"product-type-simple"},"_links":{"self":[{"href":"https:\/\/e.kosmolat.eu\/lt\/wp-json\/wp\/v2\/product\/53949","targetHints":{"allow":["GET"]}}],"collection":[{"href":"https:\/\/e.kosmolat.eu\/lt\/wp-json\/wp\/v2\/product"}],"about":[{"href":"https:\/\/e.kosmolat.eu\/lt\/wp-json\/wp\/v2\/types\/product"}],"wp:featuredmedia":[{"embeddable":true,"href":"https:\/\/e.kosmolat.eu\/lt\/wp-json\/wp\/v2\/media\/78220"}],"wp:attachment":[{"href":"https:\/\/e.kosmolat.eu\/lt\/wp-json\/wp\/v2\/media?parent=53949"}],"wp:term":[{"taxonomy":"product_cat","embeddable":true,"href":"https:\/\/e.kosmolat.eu\/lt\/wp-json\/wp\/v2\/product_cat?post=53949"},{"taxonomy":"product_tag","embeddable":true,"href":"https:\/\/e.kosmolat.eu\/lt\/wp-json\/wp\/v2\/product_tag?post=53949"}],"curies":[{"name":"wp","href":"https:\/\/api.w.org\/{rel}","templated":true}]}}