{"id":53941,"date":"2024-07-17T04:15:56","date_gmt":"2024-07-17T04:15:56","guid":{"rendered":"https:\/\/e.kosmolat.eu\/product\/khadi-by-organaturals-dabiga-indijas-basma-matu-krasos-ar-argana-ellu-25-g\/"},"modified":"2026-04-05T05:42:01","modified_gmt":"2026-04-05T05:42:01","slug":"khadi-by-organaturals-dabiga-indijas-basma-matu-krasos-ar-argana-ellu-25-g","status":"publish","type":"product","link":"https:\/\/e.kosmolat.eu\/lt\/produktas\/khadi-by-organaturals-dabiga-indijas-basma-matu-krasos-ar-argana-ellu-25-g\/","title":{"rendered":"KHADI BY ORGANATURALS Nat\u016brali Indi\u0161ka basma plaukams su argan\u0173 aliejumi, 25 g"},"content":{"rendered":"<p>100% nat\u016brali Indi\u0161ka basma, ekologi\u0161kai \u0161varus produktas, kuriame yra biologi\u0161kai aktyvi\u0173 med\u017eiag\u0173 ir vitamin\u0173. Basma yra nat\u016bral\u016bs augaliniai da\u017eai, jais da\u017eomi plaukai tamsesniais tonais (nuo \u0161viesaus ka\u0161toninio iki juodo). Basma gerina plauk\u0173 strukt\u016br\u0105 ir stiprina \u0161aknis, suteikia plaukams nat\u016bralaus blizgesio, ma\u017eina pleiskan\u0173 atsiradim\u0105. Po naudojimo plaukai tampa elastingi ir lengvai \u0161ukuojami. Basma ypa\u010d tinka \u017emon\u0117ms, kuriems yra padid\u0117j\u0119s jautrumas chemini\u0173 plauk\u0173 da\u017e\u0173 komponentams.<\/p>\n<p>Naudojamas kartu su chna. Derindami skirtingas chna ir basmos proporcijas, galite pasiekti nuostabi\u0105 nat\u016brali\u0105 plauk\u0173 spalv\u0105 &#8211; nuo bronzos  ka\u0161ton\u0173 iki  juodojo \u0161okolado ar visi\u0161kai juodos.  Sud\u0117tyje esantis argano\u0173 aliejus maitina ir atkuria plaukus, saugo nuo trapumo ir galiuk\u0173 skilin\u0117jimo, stiprina plauk\u0173 stiprum\u0105.<\/p>\n<p>Naudojimas:<br \/>\nBasma tepama ant \u0161vari\u0173, \u0161iek tiek nusausint\u0173 plauk\u0173. Da\u017eant rekomenduojama m\u016bv\u0117ti apsaugines pir\u0161tines ir ant pe\u010di\u0173 u\u017esimesti rank\u0161luost\u012f. Miltelius reikiama proporcija praskieskite chna ir kar\u0161tu vandeniu (ne verdan\u010diu vandeniu) iki tir\u0161tos pastos. Kad spalva b\u016bt\u0173 sodresn\u0117, leiskite mi\u0161iniui pastov\u0117ti kelias valandas. Tada v\u0117l \u012fpilkite \u0161iek tiek vandens ir pereikite prie da\u017eymo. Ekspozicijos  laikas nuo 20 minu\u010di\u0173 iki 2-3 valand\u0173, priklausomai nuo norimo rezultato. <\/p>\n<p>Atsargumo priemon\u0117s: Niekada nenaudokite \u0161ios basmos blakstienoms ir antakiams da\u017eyti. Tai gali sukelti aklum\u0105!<\/p>\n<p>Laikymo s\u0105lygos: nuo +5\u00b0C iki +25\u00b0C.<\/p>\n<p>Geriausia: 48 m\u0117n. nuo pagaminimo datos.<\/p>\n","protected":false},"excerpt":{"rendered":"<p>100% nat\u016brali Indi\u0161ka basma, ekologi\u0161kai \u0161varus produktas, kuriame yra biologi\u0161kai aktyvi\u0173 med\u017eiag\u0173 ir vitamin\u0173. Basma yra nat\u016bral\u016bs augaliniai da\u017eai, jais da\u017eomi plaukai tamsesniais tonais (nuo \u0161viesaus ka\u0161toninio iki juodo). Basma gerina plauk\u0173 strukt\u016br\u0105 ir stiprina \u0161aknis, suteikia plaukams nat\u016bralaus blizgesio, ma\u017eina pleiskan\u0173 atsiradim\u0105. Po naudojimo plaukai tampa elastingi ir lengvai \u0161ukuojami. Basma ypa\u010d tinka \u017emon\u0117ms, [&#8230;]\n","protected":false},"featured_media":97820,"template":"","meta":[],"product_cat":[2181],"product_tag":[],"class_list":{"0":"post-53941","1":"product","2":"type-product","3":"status-publish","4":"has-post-thumbnail","6":"product_brand-replay_kr-lt","7":"product_cat-bez-kategorijas-lt","9":"first","10":"instock","11":"taxable","12":"shipping-taxable","13":"product-type-simple"},"_links":{"self":[{"href":"https:\/\/e.kosmolat.eu\/lt\/wp-json\/wp\/v2\/product\/53941","targetHints":{"allow":["GET"]}}],"collection":[{"href":"https:\/\/e.kosmolat.eu\/lt\/wp-json\/wp\/v2\/product"}],"about":[{"href":"https:\/\/e.kosmolat.eu\/lt\/wp-json\/wp\/v2\/types\/product"}],"wp:featuredmedia":[{"embeddable":true,"href":"https:\/\/e.kosmolat.eu\/lt\/wp-json\/wp\/v2\/media\/97820"}],"wp:attachment":[{"href":"https:\/\/e.kosmolat.eu\/lt\/wp-json\/wp\/v2\/media?parent=53941"}],"wp:term":[{"taxonomy":"product_cat","embeddable":true,"href":"https:\/\/e.kosmolat.eu\/lt\/wp-json\/wp\/v2\/product_cat?post=53941"},{"taxonomy":"product_tag","embeddable":true,"href":"https:\/\/e.kosmolat.eu\/lt\/wp-json\/wp\/v2\/product_tag?post=53941"}],"curies":[{"name":"wp","href":"https:\/\/api.w.org\/{rel}","templated":true}]}}