{"id":53925,"date":"2024-07-17T04:14:40","date_gmt":"2024-07-17T04:14:40","guid":{"rendered":"https:\/\/e.kosmolat.eu\/product\/dm-energia-dusas-zeleja-mango-750-ml\/"},"modified":"2026-04-23T11:28:38","modified_gmt":"2026-04-23T11:28:38","slug":"dm-energia-dusas-zeleja-mango-750-ml","status":"publish","type":"product","link":"https:\/\/e.kosmolat.eu\/lt\/produktas\/dm-energia-dusas-zeleja-mango-750-ml\/","title":{"rendered":"DERMOMED Energia Du\u0161o \u017eel\u0117 Mango, 750 ml"},"content":{"rendered":"<p>Du\u0161o \u017eel\u0117 su \u0161velniomis, raminan\u010diomis natomis \u0161velniai r\u016bpinasi net ir jautriausia oda, daro j\u0105 \u0161velni\u0105 ir sudr\u0117kint\u0105. Dermatologi\u0161kai patikrintas, pH neutralus. Su hialurono r\u016bg\u0161timi.<\/p>\n","protected":false},"excerpt":{"rendered":"<p>Du\u0161o \u017eel\u0117 su \u0161velniomis, raminan\u010diomis natomis \u0161velniai r\u016bpinasi net ir jautriausia oda, daro j\u0105 \u0161velni\u0105 ir sudr\u0117kint\u0105. Dermatologi\u0161kai patikrintas, pH neutralus. Su hialurono r\u016bg\u0161timi.<\/p>\n","protected":false},"featured_media":100060,"template":"","meta":[],"product_cat":[1282],"product_tag":[],"class_list":{"0":"post-53925","1":"product","2":"type-product","3":"status-publish","4":"has-post-thumbnail","6":"product_brand-italchimica-it-lt","7":"product_cat-duso-geliai-ir-duso-aliejai","9":"first","10":"instock","11":"taxable","12":"shipping-taxable","13":"product-type-simple"},"_links":{"self":[{"href":"https:\/\/e.kosmolat.eu\/lt\/wp-json\/wp\/v2\/product\/53925","targetHints":{"allow":["GET"]}}],"collection":[{"href":"https:\/\/e.kosmolat.eu\/lt\/wp-json\/wp\/v2\/product"}],"about":[{"href":"https:\/\/e.kosmolat.eu\/lt\/wp-json\/wp\/v2\/types\/product"}],"wp:featuredmedia":[{"embeddable":true,"href":"https:\/\/e.kosmolat.eu\/lt\/wp-json\/wp\/v2\/media\/100060"}],"wp:attachment":[{"href":"https:\/\/e.kosmolat.eu\/lt\/wp-json\/wp\/v2\/media?parent=53925"}],"wp:term":[{"taxonomy":"product_cat","embeddable":true,"href":"https:\/\/e.kosmolat.eu\/lt\/wp-json\/wp\/v2\/product_cat?post=53925"},{"taxonomy":"product_tag","embeddable":true,"href":"https:\/\/e.kosmolat.eu\/lt\/wp-json\/wp\/v2\/product_tag?post=53925"}],"curies":[{"name":"wp","href":"https:\/\/api.w.org\/{rel}","templated":true}]}}