{"id":53917,"date":"2024-07-17T04:12:35","date_gmt":"2024-07-17T04:12:35","guid":{"rendered":"https:\/\/e.kosmolat.eu\/product\/dm-carezza-dusas-zeleja-mandele-750-ml\/"},"modified":"2026-04-23T13:30:54","modified_gmt":"2026-04-23T13:30:54","slug":"dm-carezza-dusas-zeleja-mandele-750-ml","status":"publish","type":"product","link":"https:\/\/e.kosmolat.eu\/lt\/produktas\/dm-carezza-dusas-zeleja-mandele-750-ml\/","title":{"rendered":"DERMOMED Carezza Du\u0161o \u017eel\u0117 Migdolai, 750 ml"},"content":{"rendered":"<p>Du\u0161o \u017eel\u0117 su \u0161velniomis, raminan\u010diomis natomis \u0161velniai r\u016bpinasi net ir jautriausia oda, daro j\u0105 \u0161velni\u0105 ir sudr\u0117kint\u0105. Dermatologi\u0161kai patikrintas, pH neutralus. Su hialurono r\u016bg\u0161timi.<\/p>\n","protected":false},"excerpt":{"rendered":"<p>Du\u0161o \u017eel\u0117 su \u0161velniomis, raminan\u010diomis natomis \u0161velniai r\u016bpinasi net ir jautriausia oda, daro j\u0105 \u0161velni\u0105 ir sudr\u0117kint\u0105. Dermatologi\u0161kai patikrintas, pH neutralus. Su hialurono r\u016bg\u0161timi.<\/p>\n","protected":false},"featured_media":0,"template":"","meta":[],"product_cat":[1282],"product_tag":[],"class_list":{"0":"post-53917","1":"product","2":"type-product","3":"status-publish","5":"product_brand-italchimica-it-lt","6":"product_cat-duso-geliai-ir-duso-aliejai","8":"first","9":"instock","10":"taxable","11":"shipping-taxable","12":"product-type-simple"},"_links":{"self":[{"href":"https:\/\/e.kosmolat.eu\/lt\/wp-json\/wp\/v2\/product\/53917","targetHints":{"allow":["GET"]}}],"collection":[{"href":"https:\/\/e.kosmolat.eu\/lt\/wp-json\/wp\/v2\/product"}],"about":[{"href":"https:\/\/e.kosmolat.eu\/lt\/wp-json\/wp\/v2\/types\/product"}],"wp:attachment":[{"href":"https:\/\/e.kosmolat.eu\/lt\/wp-json\/wp\/v2\/media?parent=53917"}],"wp:term":[{"taxonomy":"product_cat","embeddable":true,"href":"https:\/\/e.kosmolat.eu\/lt\/wp-json\/wp\/v2\/product_cat?post=53917"},{"taxonomy":"product_tag","embeddable":true,"href":"https:\/\/e.kosmolat.eu\/lt\/wp-json\/wp\/v2\/product_tag?post=53917"}],"curies":[{"name":"wp","href":"https:\/\/api.w.org\/{rel}","templated":true}]}}