{"id":53851,"date":"2024-07-13T15:50:51","date_gmt":"2024-07-13T15:50:51","guid":{"rendered":"https:\/\/e.kosmolat.eu\/product\/i_se-travel-emulsija-iedegumam-spf-30-90-ml\/"},"modified":"2026-04-21T11:17:09","modified_gmt":"2026-04-21T11:17:09","slug":"i_se-travel-emulsija-iedegumam-spf-30-90-ml","status":"publish","type":"product","link":"https:\/\/e.kosmolat.eu\/lt\/produktas\/i_se-travel-emulsija-iedegumam-spf-30-90-ml\/","title":{"rendered":"SUN ENERGY TRAVEL Apsaugos nuo saul\u0117s \u012fdegio emulsija Waterproof SPF 30, 90 ml"},"content":{"rendered":"<p>Priemon\u0117 skirta \u0161viesai jautriai odai, esant aktyviai saul\u0117s spinduliuotei arba pirmosiomis saul\u0117s poveikio dienomis. Suteikia vienod\u0105, ilgalaik\u012f \u012fdeg\u012f ir apsaugo nuo nudegim\u0173. Emulsija saugo ir r\u016bpinasi oda deginimosi metu bei apsaugo nuo i\u0161saus\u0117jimo. <\/p>\n<p>Naudojimo instrukcija: gausiai ir tolygiai u\u017etepkite krem\u0105 nuo saul\u0117s ant odos prie\u0161 buvim\u0105 saul\u0117je. Pakartotinai tepkite kas 2 valandas ir po maudyni\u0173 bei nusausinus od\u0105 rank\u0161luos\u010diu.  <\/p>\n<p>Atsargumo priemon\u0117s: naudojant nedidel\u012f produkto kiek\u012f \u017eymiai suma\u017e\u0117ja apsaugos lygis. Neb\u016bkite saul\u0117je per ilgai, net jei d\u0117vite apsaugos nuo saul\u0117s priemones. Per didelis buvimas saul\u0117je yra pavojingas sveikatai. Venkite saul\u0117s spinduli\u0173 nuo 12:00 iki 16:00. Nelaikykite k\u016bdiki\u0173 ir ma\u017e\u0173 vaik\u0173 tiesioginiuose saul\u0117s spinduliuose. D\u0117v\u0117kite apsauginius drabu\u017eius (kepur\u0119, akinius, mar\u0161kin\u0117lius). U\u017etep\u0119 produkt\u0105, venkite s\u0105ly\u010dio su drabu\u017eiais ir bet kokiais pavir\u0161iais, kad i\u0161vengtum\u0117te j\u0173 d\u0117mi\u0173. Galimas padid\u0117j\u0119s individualus jautrumas atskiriems komponentams. Sud\u0117tyje yra benzofenono-3.<\/p>\n<p>Laikymo s\u0105lygos: nuo +5 iki +25\u00b0C.<\/p>\n","protected":false},"excerpt":{"rendered":"<p>Priemon\u0117 skirta \u0161viesai jautriai odai, esant aktyviai saul\u0117s spinduliuotei arba pirmosiomis saul\u0117s poveikio dienomis. Suteikia vienod\u0105, ilgalaik\u012f \u012fdeg\u012f ir apsaugo nuo nudegim\u0173. Emulsija saugo ir r\u016bpinasi oda deginimosi metu bei apsaugo nuo i\u0161saus\u0117jimo. Naudojimo instrukcija: gausiai ir tolygiai u\u017etepkite krem\u0105 nuo saul\u0117s ant odos prie\u0161 buvim\u0105 saul\u0117je. Pakartotinai tepkite kas 2 valandas ir po maudyni\u0173 [&#8230;]\n","protected":false},"featured_media":81006,"template":"","meta":[],"product_cat":[2181],"product_tag":[],"class_list":{"0":"post-53851","1":"product","2":"type-product","3":"status-publish","4":"has-post-thumbnail","6":"product_brand-elfa_ua-lt","7":"product_cat-bez-kategorijas-lt","9":"first","10":"instock","11":"taxable","12":"shipping-taxable","13":"product-type-simple"},"_links":{"self":[{"href":"https:\/\/e.kosmolat.eu\/lt\/wp-json\/wp\/v2\/product\/53851","targetHints":{"allow":["GET"]}}],"collection":[{"href":"https:\/\/e.kosmolat.eu\/lt\/wp-json\/wp\/v2\/product"}],"about":[{"href":"https:\/\/e.kosmolat.eu\/lt\/wp-json\/wp\/v2\/types\/product"}],"wp:featuredmedia":[{"embeddable":true,"href":"https:\/\/e.kosmolat.eu\/lt\/wp-json\/wp\/v2\/media\/81006"}],"wp:attachment":[{"href":"https:\/\/e.kosmolat.eu\/lt\/wp-json\/wp\/v2\/media?parent=53851"}],"wp:term":[{"taxonomy":"product_cat","embeddable":true,"href":"https:\/\/e.kosmolat.eu\/lt\/wp-json\/wp\/v2\/product_cat?post=53851"},{"taxonomy":"product_tag","embeddable":true,"href":"https:\/\/e.kosmolat.eu\/lt\/wp-json\/wp\/v2\/product_tag?post=53851"}],"curies":[{"name":"wp","href":"https:\/\/api.w.org\/{rel}","templated":true}]}}