{"id":53843,"date":"2024-07-13T15:39:37","date_gmt":"2024-07-13T15:39:37","guid":{"rendered":"https:\/\/e.kosmolat.eu\/product\/i_se-travel-balzams-pec-saulosanas-si-90-ml\/"},"modified":"2026-04-22T10:02:39","modified_gmt":"2026-04-22T10:02:39","slug":"i_se-travel-balzams-pec-saulosanas-si-90-ml","status":"publish","type":"product","link":"https:\/\/e.kosmolat.eu\/lt\/produktas\/i_se-travel-balzams-pec-saulosanas-si-90-ml\/","title":{"rendered":"SUN ENERGY TRAVEL Balzamas po \u012fdegio, 90 ml"},"content":{"rendered":"<p>Speciali priemon\u0117 odos prie\u017ei\u016brai po saul\u0117s voni\u0173, taip pat odai, pa\u017eeistai saul\u0117s.  Alantoinas ir pantenolis pa\u0161alina diskomfort\u0105, ramina ir atkuria od\u0105. <\/p>\n<p>Naudojimo instrukcija: tolygiai paskirstykite ant viso k\u016bno arba atviras saul\u0117s poveikiui vietas. <\/p>\n<p>Atsargumo priemon\u0117s: padid\u0117j\u0119s individualus jautrumas atskiriems komponentams. <\/p>\n<p>Laikymo s\u0105lygos: nuo +5 iki +25\u00b0C.<\/p>\n","protected":false},"excerpt":{"rendered":"<p>Speciali priemon\u0117 odos prie\u017ei\u016brai po saul\u0117s voni\u0173, taip pat odai, pa\u017eeistai saul\u0117s. Alantoinas ir pantenolis pa\u0161alina diskomfort\u0105, ramina ir atkuria od\u0105. Naudojimo instrukcija: tolygiai paskirstykite ant viso k\u016bno arba atviras saul\u0117s poveikiui vietas. Atsargumo priemon\u0117s: padid\u0117j\u0119s individualus jautrumas atskiriems komponentams. Laikymo s\u0105lygos: nuo +5 iki +25\u00b0C.<\/p>\n","protected":false},"featured_media":79722,"template":"","meta":[],"product_cat":[2181],"product_tag":[],"class_list":{"0":"post-53843","1":"product","2":"type-product","3":"status-publish","4":"has-post-thumbnail","6":"product_brand-elfa_ua-lt","7":"product_cat-bez-kategorijas-lt","9":"first","10":"instock","11":"taxable","12":"shipping-taxable","13":"product-type-simple"},"_links":{"self":[{"href":"https:\/\/e.kosmolat.eu\/lt\/wp-json\/wp\/v2\/product\/53843","targetHints":{"allow":["GET"]}}],"collection":[{"href":"https:\/\/e.kosmolat.eu\/lt\/wp-json\/wp\/v2\/product"}],"about":[{"href":"https:\/\/e.kosmolat.eu\/lt\/wp-json\/wp\/v2\/types\/product"}],"wp:featuredmedia":[{"embeddable":true,"href":"https:\/\/e.kosmolat.eu\/lt\/wp-json\/wp\/v2\/media\/79722"}],"wp:attachment":[{"href":"https:\/\/e.kosmolat.eu\/lt\/wp-json\/wp\/v2\/media?parent=53843"}],"wp:term":[{"taxonomy":"product_cat","embeddable":true,"href":"https:\/\/e.kosmolat.eu\/lt\/wp-json\/wp\/v2\/product_cat?post=53843"},{"taxonomy":"product_tag","embeddable":true,"href":"https:\/\/e.kosmolat.eu\/lt\/wp-json\/wp\/v2\/product_tag?post=53843"}],"curies":[{"name":"wp","href":"https:\/\/api.w.org\/{rel}","templated":true}]}}