{"id":53835,"date":"2024-07-13T15:36:17","date_gmt":"2024-07-13T15:36:17","guid":{"rendered":"https:\/\/e.kosmolat.eu\/product\/i_fj-higieniska-lupu-krasa-watermelon-36-g-individualaja-iepalojuma\/"},"modified":"2025-09-22T08:12:37","modified_gmt":"2025-09-22T08:12:37","slug":"i_fj-higieniska-lupu-krasa-watermelon-36-g-individualaja-iepalojuma","status":"publish","type":"product","link":"https:\/\/e.kosmolat.eu\/lt\/produktas\/i_fj-higieniska-lupu-krasa-watermelon-36-g-individualaja-iepalojuma\/","title":{"rendered":"Fresh Juice Higieninis l\u016bpda\u017eis Watermelon 3,6 g (\u012fpakuotas)"},"content":{"rendered":"<\/p>\n","protected":false},"excerpt":{"rendered":"","protected":false},"featured_media":83006,"template":"","meta":[],"product_cat":[1386],"product_tag":[],"class_list":{"0":"post-53835","1":"product","2":"type-product","3":"status-publish","4":"has-post-thumbnail","6":"product_brand-sale-lt","7":"product_cat-lupu-balzamas","9":"first","10":"instock","11":"taxable","12":"shipping-taxable","13":"product-type-simple"},"_links":{"self":[{"href":"https:\/\/e.kosmolat.eu\/lt\/wp-json\/wp\/v2\/product\/53835","targetHints":{"allow":["GET"]}}],"collection":[{"href":"https:\/\/e.kosmolat.eu\/lt\/wp-json\/wp\/v2\/product"}],"about":[{"href":"https:\/\/e.kosmolat.eu\/lt\/wp-json\/wp\/v2\/types\/product"}],"wp:featuredmedia":[{"embeddable":true,"href":"https:\/\/e.kosmolat.eu\/lt\/wp-json\/wp\/v2\/media\/83006"}],"wp:attachment":[{"href":"https:\/\/e.kosmolat.eu\/lt\/wp-json\/wp\/v2\/media?parent=53835"}],"wp:term":[{"taxonomy":"product_cat","embeddable":true,"href":"https:\/\/e.kosmolat.eu\/lt\/wp-json\/wp\/v2\/product_cat?post=53835"},{"taxonomy":"product_tag","embeddable":true,"href":"https:\/\/e.kosmolat.eu\/lt\/wp-json\/wp\/v2\/product_tag?post=53835"}],"curies":[{"name":"wp","href":"https:\/\/api.w.org\/{rel}","templated":true}]}}