{"id":53795,"date":"2024-07-13T15:25:39","date_gmt":"2024-07-13T15:25:39","guid":{"rendered":"https:\/\/e.kosmolat.eu\/product\/i_fj-higieniska-lupu-krasa-apricot-36-g-individualaja-iepakojuma\/"},"modified":"2025-09-19T19:35:38","modified_gmt":"2025-09-19T19:35:38","slug":"i_fj-higieniska-lupu-krasa-apricot-36-g-individualaja-iepakojuma","status":"publish","type":"product","link":"https:\/\/e.kosmolat.eu\/lt\/produktas\/i_fj-higieniska-lupu-krasa-apricot-36-g-individualaja-iepakojuma\/","title":{"rendered":"FRESH JUICE Higieninis l\u016bpda\u017eis Apricot, 3,6 g (\u012fpakuotas)"},"content":{"rendered":"<\/p>\n","protected":false},"excerpt":{"rendered":"","protected":false},"featured_media":82986,"template":"","meta":[],"product_cat":[1269],"product_tag":[],"class_list":{"0":"post-53795","1":"product","2":"type-product","3":"status-publish","4":"has-post-thumbnail","6":"product_brand-elfa_ua-lt","7":"product_cat-lupu-dazai","9":"first","10":"outofstock","11":"taxable","12":"shipping-taxable","13":"product-type-simple"},"_links":{"self":[{"href":"https:\/\/e.kosmolat.eu\/lt\/wp-json\/wp\/v2\/product\/53795","targetHints":{"allow":["GET"]}}],"collection":[{"href":"https:\/\/e.kosmolat.eu\/lt\/wp-json\/wp\/v2\/product"}],"about":[{"href":"https:\/\/e.kosmolat.eu\/lt\/wp-json\/wp\/v2\/types\/product"}],"wp:featuredmedia":[{"embeddable":true,"href":"https:\/\/e.kosmolat.eu\/lt\/wp-json\/wp\/v2\/media\/82986"}],"wp:attachment":[{"href":"https:\/\/e.kosmolat.eu\/lt\/wp-json\/wp\/v2\/media?parent=53795"}],"wp:term":[{"taxonomy":"product_cat","embeddable":true,"href":"https:\/\/e.kosmolat.eu\/lt\/wp-json\/wp\/v2\/product_cat?post=53795"},{"taxonomy":"product_tag","embeddable":true,"href":"https:\/\/e.kosmolat.eu\/lt\/wp-json\/wp\/v2\/product_tag?post=53795"}],"curies":[{"name":"wp","href":"https:\/\/api.w.org\/{rel}","templated":true}]}}