{"id":53787,"date":"2024-07-13T15:25:23","date_gmt":"2024-07-13T15:25:23","guid":{"rendered":"https:\/\/e.kosmolat.eu\/product\/lb-bernu-zobu-pasta-no-2-gadu-vecuma-50-ml\/"},"modified":"2025-09-19T19:01:44","modified_gmt":"2025-09-19T19:01:44","slug":"lb-bernu-zobu-pasta-no-2-gadu-vecuma-50-ml","status":"publish","type":"product","link":"https:\/\/e.kosmolat.eu\/lt\/produktas\/lb-bernu-zobu-pasta-no-2-gadu-vecuma-50-ml\/","title":{"rendered":"LB  Vaiki\u0161ka dant\u0173 valymo pasta nuo 2 met\u0173 50ml"},"content":{"rendered":"<\/p>\n<div>Nat\u016bralus antibakterinis kompleksas su magnolija apsaugo nuo apna\u0161\u0173 susidarymo \u2013 pagrindin\u0117 danten\u0173 problem\u0173 atsiradimo prie\u017eastis. Formul\u0117 su kalciu stiprina emal\u012f ir turi antikarieso efekt\u0105. Alijo\u0161ius turi raminan\u010di\u0173 ir antioksidantini\u0173 savybi\u0173. Naudojimo b\u016bdas: nedidel\u012f pastos kiek\u012f, \u017eirnelio dyd\u017eio, i\u0161spauskite ant dant\u0173 \u0161epetuko, valykite dantis 2-3 minutes 2 kartus per dien\u0105. Naudokite nedidel\u012f pastos kiek\u012f, kad suma\u017eintum\u0117te rijimo tikimyb\u0119, dantis valytis suaugusiems pri\u017ei\u016brint.\n<\/div>\n","protected":false},"excerpt":{"rendered":"<p>Nat\u016bralus antibakterinis kompleksas su magnolija apsaugo nuo apna\u0161\u0173 susidarymo \u2013 pagrindin\u0117 danten\u0173 problem\u0173 atsiradimo prie\u017eastis. Formul\u0117 su kalciu stiprina emal\u012f ir turi antikarieso efekt\u0105. Alijo\u0161ius turi raminan\u010di\u0173 ir antioksidantini\u0173 savybi\u0173. Naudojimo b\u016bdas: nedidel\u012f pastos kiek\u012f, \u017eirnelio dyd\u017eio, i\u0161spauskite ant dant\u0173 \u0161epetuko, valykite dantis 2-3 minutes 2 kartus per dien\u0105. Naudokite nedidel\u012f pastos kiek\u012f, kad suma\u017eintum\u0117te [&#8230;]\n","protected":false},"featured_media":82414,"template":"","meta":[],"product_cat":[1337],"product_tag":[],"class_list":{"0":"post-53787","1":"product","2":"type-product","3":"status-publish","4":"has-post-thumbnail","6":"product_brand-unilever-rus-lt","7":"product_cat-burnos-higiena","9":"first","10":"outofstock","11":"taxable","12":"shipping-taxable","13":"product-type-simple"},"_links":{"self":[{"href":"https:\/\/e.kosmolat.eu\/lt\/wp-json\/wp\/v2\/product\/53787","targetHints":{"allow":["GET"]}}],"collection":[{"href":"https:\/\/e.kosmolat.eu\/lt\/wp-json\/wp\/v2\/product"}],"about":[{"href":"https:\/\/e.kosmolat.eu\/lt\/wp-json\/wp\/v2\/types\/product"}],"wp:featuredmedia":[{"embeddable":true,"href":"https:\/\/e.kosmolat.eu\/lt\/wp-json\/wp\/v2\/media\/82414"}],"wp:attachment":[{"href":"https:\/\/e.kosmolat.eu\/lt\/wp-json\/wp\/v2\/media?parent=53787"}],"wp:term":[{"taxonomy":"product_cat","embeddable":true,"href":"https:\/\/e.kosmolat.eu\/lt\/wp-json\/wp\/v2\/product_cat?post=53787"},{"taxonomy":"product_tag","embeddable":true,"href":"https:\/\/e.kosmolat.eu\/lt\/wp-json\/wp\/v2\/product_tag?post=53787"}],"curies":[{"name":"wp","href":"https:\/\/api.w.org\/{rel}","templated":true}]}}