{"id":53779,"date":"2024-07-13T15:20:58","date_gmt":"2024-07-13T15:20:58","guid":{"rendered":"https:\/\/e.kosmolat.eu\/product\/cl-micelarais-udens-ideala-ada-400-ml\/"},"modified":"2025-09-19T17:18:43","modified_gmt":"2025-09-19T17:18:43","slug":"cl-micelarais-udens-ideala-ada-400-ml","status":"publish","type":"product","link":"https:\/\/e.kosmolat.eu\/lt\/produktas\/cl-micelarais-udens-ideala-ada-400-ml\/","title":{"rendered":"\u010cistaja Linija Micelinis vanduo Ideali ida, 400 ml"},"content":{"rendered":"<p>Vulkanin\u0117s kilm\u0117s micelinis vanduo kaip absorbentas, efektyviai valo od\u0105 jos nedirgindamas. \u017daliosios arbatos ekstraktas kovoja su u\u017edegiminiais procesais ir ma\u017eina j\u0173 p\u0117dsakus. Idealiai \u0161vari ir lygi oda. Rekomenduojama probleminei ir jautriai odai. <\/p>\n<h4>Naudojimas: <\/h4>\n<p>nedideliu kiekiu produkto, vatos diskelio pagalba valykite veido od\u0105. \u0160alinant makia\u017e\u0105 nuo aki\u0173 diskel\u012f kelet\u0105 sekund\u017ei\u0173 palaikykite priglausta prie u\u017emerkt\u0173 aki\u0173, tada atsargiai nuvalykite. Venkite patekimo \u012f akis. N\u0117ra vaistas ar maisto produktas.<\/p>\n","protected":false},"excerpt":{"rendered":"<p>Vulkanin\u0117s kilm\u0117s micelinis vanduo kaip absorbentas, efektyviai valo od\u0105 jos nedirgindamas. \u017daliosios arbatos ekstraktas kovoja su u\u017edegiminiais procesais ir ma\u017eina j\u0173 p\u0117dsakus. Idealiai \u0161vari ir lygi oda. Rekomenduojama probleminei ir jautriai odai. Naudojimas: nedideliu kiekiu produkto, vatos diskelio pagalba valykite veido od\u0105. \u0160alinant makia\u017e\u0105 nuo aki\u0173 diskel\u012f kelet\u0105 sekund\u017ei\u0173 palaikykite priglausta prie u\u017emerkt\u0173 aki\u0173, tada [&#8230;]\n","protected":false},"featured_media":80674,"template":"","meta":[],"product_cat":[1570],"product_tag":[],"class_list":{"0":"post-53779","1":"product","2":"type-product","3":"status-publish","4":"has-post-thumbnail","6":"product_brand-unilever-rus-lt","7":"product_cat-micelinis-vanduo","9":"first","10":"outofstock","11":"taxable","12":"shipping-taxable","13":"product-type-simple"},"_links":{"self":[{"href":"https:\/\/e.kosmolat.eu\/lt\/wp-json\/wp\/v2\/product\/53779","targetHints":{"allow":["GET"]}}],"collection":[{"href":"https:\/\/e.kosmolat.eu\/lt\/wp-json\/wp\/v2\/product"}],"about":[{"href":"https:\/\/e.kosmolat.eu\/lt\/wp-json\/wp\/v2\/types\/product"}],"wp:featuredmedia":[{"embeddable":true,"href":"https:\/\/e.kosmolat.eu\/lt\/wp-json\/wp\/v2\/media\/80674"}],"wp:attachment":[{"href":"https:\/\/e.kosmolat.eu\/lt\/wp-json\/wp\/v2\/media?parent=53779"}],"wp:term":[{"taxonomy":"product_cat","embeddable":true,"href":"https:\/\/e.kosmolat.eu\/lt\/wp-json\/wp\/v2\/product_cat?post=53779"},{"taxonomy":"product_tag","embeddable":true,"href":"https:\/\/e.kosmolat.eu\/lt\/wp-json\/wp\/v2\/product_tag?post=53779"}],"curies":[{"name":"wp","href":"https:\/\/api.w.org\/{rel}","templated":true}]}}