{"id":53775,"date":"2024-07-12T16:18:53","date_gmt":"2024-07-12T16:18:53","guid":{"rendered":"https:\/\/e.kosmolat.eu\/product\/pomorin-herbal-zobu-pasta-100-ml\/"},"modified":"2026-04-01T07:55:40","modified_gmt":"2026-04-01T07:55:40","slug":"pomorin-herbal-zobu-pasta-100-ml","status":"publish","type":"product","link":"https:\/\/e.kosmolat.eu\/lt\/produktas\/pomorin-herbal-zobu-pasta-100-ml\/","title":{"rendered":"POMORIN Herbal dant\u0173 pasta, 100 ml"},"content":{"rendered":"<p>Dant\u0173 pasta su \u017eolel\u0117mis ir su nat\u016braliu Pomorje &scaron;armu ir ramun\u0117li\u0173 bei skumpij\u0173 ekstraktais. Sud\u0117tyje yra natrio fluorido, kuris yra patikima profilaktika nuo \u0117duonies ir skatina dant\u0173 emalio remineralizacij\u0105. Ramun\u0117li\u0173 ir skumpij\u0173 ekstraktas stangrina ir ramina dantenas. Pomorje &scaron;armas apsaugo burnos gleivin\u0119 nuo u\u017edegim\u0173.<\/p>\n<p><strong>Naudojimas:<\/strong> kad dantenos ir dantys b\u016bt\u0173 sveiki, dant\u0173 past\u0105 naudokite reguliariai, bent du kartus per dien\u0105, valydami 2-3 minutes tinkamu &scaron;epet\u0117liu.<\/p>\n<p><strong>Atsargiai: <\/strong>Sud\u0117tyje yra 0,145% natrio fluorido (fluoro pavidalu).<\/p>\n<p>Produktas tinka suaugusiems ir vaikams nuo 7 met\u0173.<\/p>\n<p>Laikyti sausoje vietoje nuo +5&deg;C iki +25&deg;C temperat\u016broje.<br \/>\n&nbsp;<\/p>\n","protected":false},"excerpt":{"rendered":"<p>Dant\u0173 pasta su \u017eolel\u0117mis ir su nat\u016braliu Pomorje &scaron;armu ir ramun\u0117li\u0173 bei skumpij\u0173 ekstraktais. Sud\u0117tyje yra natrio fluorido, kuris yra patikima profilaktika nuo \u0117duonies ir skatina dant\u0173 emalio remineralizacij\u0105. Ramun\u0117li\u0173 ir skumpij\u0173 ekstraktas stangrina ir ramina dantenas. Pomorje &scaron;armas apsaugo burnos gleivin\u0119 nuo u\u017edegim\u0173. Naudojimas: kad dantenos ir dantys b\u016bt\u0173 sveiki, dant\u0173 past\u0105 naudokite reguliariai, [&#8230;]\n","protected":false},"featured_media":89658,"template":"","meta":[],"product_cat":[1308],"product_tag":[],"class_list":{"0":"post-53775","1":"product","2":"type-product","3":"status-publish","4":"has-post-thumbnail","6":"product_brand-danhson_bg-lt","7":"product_cat-dantu-pastos-ir-geliai","9":"first","10":"outofstock","11":"taxable","12":"shipping-taxable","13":"product-type-simple"},"_links":{"self":[{"href":"https:\/\/e.kosmolat.eu\/lt\/wp-json\/wp\/v2\/product\/53775","targetHints":{"allow":["GET"]}}],"collection":[{"href":"https:\/\/e.kosmolat.eu\/lt\/wp-json\/wp\/v2\/product"}],"about":[{"href":"https:\/\/e.kosmolat.eu\/lt\/wp-json\/wp\/v2\/types\/product"}],"wp:featuredmedia":[{"embeddable":true,"href":"https:\/\/e.kosmolat.eu\/lt\/wp-json\/wp\/v2\/media\/89658"}],"wp:attachment":[{"href":"https:\/\/e.kosmolat.eu\/lt\/wp-json\/wp\/v2\/media?parent=53775"}],"wp:term":[{"taxonomy":"product_cat","embeddable":true,"href":"https:\/\/e.kosmolat.eu\/lt\/wp-json\/wp\/v2\/product_cat?post=53775"},{"taxonomy":"product_tag","embeddable":true,"href":"https:\/\/e.kosmolat.eu\/lt\/wp-json\/wp\/v2\/product_tag?post=53775"}],"curies":[{"name":"wp","href":"https:\/\/api.w.org\/{rel}","templated":true}]}}