{"id":53767,"date":"2024-07-12T16:18:35","date_gmt":"2024-07-12T16:18:35","guid":{"rendered":"https:\/\/e.kosmolat.eu\/product\/dr-hc-kerat-argin-biot-maks-energija-matu-sprejs-150-ml\/"},"modified":"2026-03-31T20:19:40","modified_gmt":"2026-03-31T20:19:40","slug":"i__the-doctor-hc-kerat-argin-biot-maks-energija-matu-sprejs-150-ml","status":"publish","type":"product","link":"https:\/\/e.kosmolat.eu\/lt\/produktas\/i__the-doctor-hc-kerat-argin-biot-maks-energija-matu-sprejs-150-ml\/","title":{"rendered":"THE DOCTOR HEALTH &#038; CARE Keratin + Arginine + Biotin Maksimali energija plauk\u0173 pur\u0161kiklis, 150 ml"},"content":{"rendered":"<p>Kompleksas su keratinu, argininu ir biotinu. Atkuria elastingum\u0105 ir mink&scaron;tina plaukus, suteikia prabangaus blizgesio ir palengvina &scaron;ukavim\u0105.<\/p>\n<p><strong>Naudojimas: <\/strong>paskirstyti ant dr\u0117gn\u0173 arba saus\u0173 plauk\u0173 15-20 cm atstumu.Neskalauti.<\/p>\n<p><strong>Atsargumo priemon\u0117s:<\/strong> patekus \u012f akis, praplauti vandeniu.<\/p>\n<p>Laikyti nuo +5 &deg;C iki +25 &deg;C temperat\u016broje.<br \/>\n&nbsp;<\/p>\n","protected":false},"excerpt":{"rendered":"<p>Kompleksas su keratinu, argininu ir biotinu. Atkuria elastingum\u0105 ir mink&scaron;tina plaukus, suteikia prabangaus blizgesio ir palengvina &scaron;ukavim\u0105. Naudojimas: paskirstyti ant dr\u0117gn\u0173 arba saus\u0173 plauk\u0173 15-20 cm atstumu.Neskalauti. Atsargumo priemon\u0117s: patekus \u012f akis, praplauti vandeniu. Laikyti nuo +5 &deg;C iki +25 &deg;C temperat\u016broje. &nbsp;<\/p>\n","protected":false},"featured_media":90114,"template":"","meta":[],"product_cat":[1345],"product_tag":[],"class_list":{"0":"post-53767","1":"product","2":"type-product","3":"status-publish","4":"has-post-thumbnail","6":"product_brand-elfa_ua-lt","7":"product_cat-kitos-plauku-prieziuros-priemones","9":"first","10":"outofstock","11":"taxable","12":"shipping-taxable","13":"product-type-simple"},"_links":{"self":[{"href":"https:\/\/e.kosmolat.eu\/lt\/wp-json\/wp\/v2\/product\/53767","targetHints":{"allow":["GET"]}}],"collection":[{"href":"https:\/\/e.kosmolat.eu\/lt\/wp-json\/wp\/v2\/product"}],"about":[{"href":"https:\/\/e.kosmolat.eu\/lt\/wp-json\/wp\/v2\/types\/product"}],"wp:featuredmedia":[{"embeddable":true,"href":"https:\/\/e.kosmolat.eu\/lt\/wp-json\/wp\/v2\/media\/90114"}],"wp:attachment":[{"href":"https:\/\/e.kosmolat.eu\/lt\/wp-json\/wp\/v2\/media?parent=53767"}],"wp:term":[{"taxonomy":"product_cat","embeddable":true,"href":"https:\/\/e.kosmolat.eu\/lt\/wp-json\/wp\/v2\/product_cat?post=53767"},{"taxonomy":"product_tag","embeddable":true,"href":"https:\/\/e.kosmolat.eu\/lt\/wp-json\/wp\/v2\/product_tag?post=53767"}],"curies":[{"name":"wp","href":"https:\/\/api.w.org\/{rel}","templated":true}]}}