{"id":53759,"date":"2024-07-12T16:18:21","date_gmt":"2024-07-12T16:18:21","guid":{"rendered":"https:\/\/e.kosmolat.eu\/product\/dr-hc-ingvers-kofeins-stimul-matu-sprejs-150-ml\/"},"modified":"2026-04-10T11:03:39","modified_gmt":"2026-04-10T11:03:39","slug":"the-doctor-hc-ingvers-kofeins-stimul-matu-sprejs-150-ml","status":"publish","type":"product","link":"https:\/\/e.kosmolat.eu\/lt\/produktas\/the-doctor-hc-ingvers-kofeins-stimul-matu-sprejs-150-ml\/","title":{"rendered":"THE DOCTOR HEALTH &#038; CARE imbier\u0173 ir kofeino stimuliuojantis plauk\u0173 pur\u0161kiklis, 150 ml"},"content":{"rendered":"<p>Pur&scaron;kiklis su kofeinu ir imbier\u0173 eteriniu aliejumi. Pagerina plauk\u0173 b\u016bkl\u0119 ir i&scaron;vaizd\u0105, suteikia prabangaus \u017evilgesio ir palengvina &scaron;ukavim\u0105.<\/p>\n<p><strong>Naudojimas: <\/strong>paskirstyti ant dr\u0117gn\u0173 arba saus\u0173 plauk\u0173 15-20 cm atstumu.Neskalauti.<\/p>\n<p><strong>Atsargumo priemon\u0117s:<\/strong> patekus \u012f akis, praplauti vandeniu.<\/p>\n<p>Laikyti nuo +5 &deg;C iki +25 &deg;C temperat\u016broje.<br \/>\n&nbsp;<\/p>\n","protected":false},"excerpt":{"rendered":"<p>Pur&scaron;kiklis su kofeinu ir imbier\u0173 eteriniu aliejumi. Pagerina plauk\u0173 b\u016bkl\u0119 ir i&scaron;vaizd\u0105, suteikia prabangaus \u017evilgesio ir palengvina &scaron;ukavim\u0105. Naudojimas: paskirstyti ant dr\u0117gn\u0173 arba saus\u0173 plauk\u0173 15-20 cm atstumu.Neskalauti. Atsargumo priemon\u0117s: patekus \u012f akis, praplauti vandeniu. Laikyti nuo +5 &deg;C iki +25 &deg;C temperat\u016broje. &nbsp;<\/p>\n","protected":false},"featured_media":90110,"template":"","meta":[],"product_cat":[1653],"product_tag":[],"class_list":{"0":"post-53759","1":"product","2":"type-product","3":"status-publish","4":"has-post-thumbnail","6":"product_brand-elfa_ua-lt","7":"product_cat-geliai-kremai-aliejai-ir-kt","9":"first","10":"instock","11":"taxable","12":"shipping-taxable","13":"product-type-simple"},"_links":{"self":[{"href":"https:\/\/e.kosmolat.eu\/lt\/wp-json\/wp\/v2\/product\/53759","targetHints":{"allow":["GET"]}}],"collection":[{"href":"https:\/\/e.kosmolat.eu\/lt\/wp-json\/wp\/v2\/product"}],"about":[{"href":"https:\/\/e.kosmolat.eu\/lt\/wp-json\/wp\/v2\/types\/product"}],"wp:featuredmedia":[{"embeddable":true,"href":"https:\/\/e.kosmolat.eu\/lt\/wp-json\/wp\/v2\/media\/90110"}],"wp:attachment":[{"href":"https:\/\/e.kosmolat.eu\/lt\/wp-json\/wp\/v2\/media?parent=53759"}],"wp:term":[{"taxonomy":"product_cat","embeddable":true,"href":"https:\/\/e.kosmolat.eu\/lt\/wp-json\/wp\/v2\/product_cat?post=53759"},{"taxonomy":"product_tag","embeddable":true,"href":"https:\/\/e.kosmolat.eu\/lt\/wp-json\/wp\/v2\/product_tag?post=53759"}],"curies":[{"name":"wp","href":"https:\/\/api.w.org\/{rel}","templated":true}]}}