{"id":53749,"date":"2024-07-12T10:46:25","date_gmt":"2024-07-12T10:46:25","guid":{"rendered":"https:\/\/e.kosmolat.eu\/product\/metallic-hair-colorant-silver-blonde\/"},"modified":"2026-03-31T09:21:08","modified_gmt":"2026-03-31T09:21:08","slug":"rubelia-metallic-touch-notur-matu-kremkr-metala-sudrabs-ms-50-50-15-ml","status":"publish","type":"product","link":"https:\/\/e.kosmolat.eu\/lt\/produktas\/rubelia-metallic-touch-notur-matu-kremkr-metala-sudrabs-ms-50-50-15-ml\/","title":{"rendered":"RUBELIA METALLIC TOUCH Ilgalaikiai kreminiai da\u017eai plaukams Metali\u0161kai sidarbrinis (MS), 50\/50\/15 ml"},"content":{"rendered":"<p>Rubelia Metallic Touch Ilgalaikiai plauk\u0173 da\u017eai su metaliniu efektu originaliai i\u0161vaizdai. Nauja formul\u0117 su prid\u0117tu ry\u017ei\u0173 baltymais geresnei plauk\u0173 prie\u017ei\u016brai ir apsaugai. Balzamas praturtintas keratinu, vitaminu PP ir D-pantenoliu \u2013 sveikiems ir elastingiems plaukams, \u012fsp\u016bdingas blizgesys ir nuostab\u016bs niuansai.<\/p>\n<p>ATSARGUMO PRIEMON\u0116S:<br \/>\nPlauk\u0173 da\u017eai gali sukelti sunkias alergines reakcijas.<br \/>\nPerskaitykite ir vykdykite instrukcijas. \u0160is gaminys n\u0117ra skirtas naudoti jaunesniems nei 16 met\u0173 asmenims.<br \/>\nLaikinos \u201ejuodosios chna\u201c tatuiruot\u0117s gali padidinti alergijos rizik\u0105.<br \/>\nNeda\u017eykite plauk\u0173, jei: I\u0161b\u0117r\u0117 veid\u0105 arba yra jautri, sudirgusi ar pa\u017eeista galvos oda. Ar kada nors patyr\u0117te koki\u0105 nors reakcij\u0105 po plauk\u0173 da\u017eymo? Anks\u010diau j\u016bs tur\u0117jote reakcij\u0105 \u012f laikinas juodos chna tatuiruotes. 48 VALANDAS PRIE\u0160 NAUDOJANT \u0160\u012e PRODUKT\u0104 ATLIKITE ODOS ALERGIJOS TYRIM\u0104 (perskaitykite ir vykdykite instrukcijas, pateiktas pridedamame lapelyje), net jei naudojote plauk\u0173 da\u017eus ir netur\u0117jote reakcijos \u012f juos. Kremini\u0173 da\u017e\u0173 ir oksidatoriaus mai\u0161ymo santykis: 1:1.Oksidatoriaus sud\u0117tyje yra vandenilio peroksido. Kreminiuose da\u017euose yra amoniako, rezorcinolio, fenilendiamin\u0173 (tolilendiamin\u0173). Visos sudedamosios dalys nurodytos pakuot\u0117s dugno. Nenaudoti blakstienoms ar antakiams da\u017eyti. Naudokite pir\u0161tines i\u0161 pakuot\u0117s.<br \/>\nPo naudojimo gerai i\u0161skalaukite plaukus. Vengti patekimo \u012f akis.<br \/>\nNedelsiant praplauti akis, jei produktas pateko ant j\u0173.<br \/>\nJei naudojote chemin\u012f su\u0161ukavim\u0105, palaukite bent dvi savaites prie\u0161 naudodami plauk\u0173 da\u017eus. Nenaudokite, jei plaukai jau buvo da\u017eyti chna arba progresyvia spalva (\u0161vino acetatu). Laikyti vaikams nepasiekiamoje, tamsioje, sausoje ir v\u0117sioje vietoje. LAIKYKITES PAKUOT\u0116JE ESAN\u010cIOMIS  INSTRUKCIJOMIS.<\/p>\n<p>Pakuot\u0117je yra:<br \/>\n1. Buteliukas su oksidantu 50 ml<br \/>\n2. M\u0117gintuv\u0117lis su kreminiais da\u017eais 50 ml<br \/>\n3. Fiksuojamojo balzamo mai\u0161elis 15 ml<br \/>\n4. Naudojimo instrukcija<br \/>\n5. Apsaugin\u0117s pir\u0161tin\u0117s<\/p>\n","protected":false},"excerpt":{"rendered":"<p>Rubelia Metallic Touch Ilgalaikiai plauk\u0173 da\u017eai su metaliniu efektu originaliai i\u0161vaizdai. Nauja formul\u0117 su prid\u0117tu ry\u017ei\u0173 baltymais geresnei plauk\u0173 prie\u017ei\u016brai ir apsaugai. Balzamas praturtintas keratinu, vitaminu PP ir D-pantenoliu \u2013 sveikiems ir elastingiems plaukams, \u012fsp\u016bdingas blizgesys ir nuostab\u016bs niuansai. ATSARGUMO PRIEMON\u0116S: Plauk\u0173 da\u017eai gali sukelti sunkias alergines reakcijas. Perskaitykite ir vykdykite instrukcijas. \u0160is gaminys n\u0117ra [&#8230;]\n","protected":false},"featured_media":100280,"template":"","meta":[],"product_cat":[2181],"product_tag":[],"class_list":{"0":"post-53749","1":"product","2":"type-product","3":"status-publish","4":"has-post-thumbnail","6":"product_brand-rubella-bg-lt","7":"product_cat-bez-kategorijas-lt","9":"first","10":"outofstock","11":"taxable","12":"shipping-taxable","13":"product-type-simple"},"_links":{"self":[{"href":"https:\/\/e.kosmolat.eu\/lt\/wp-json\/wp\/v2\/product\/53749","targetHints":{"allow":["GET"]}}],"collection":[{"href":"https:\/\/e.kosmolat.eu\/lt\/wp-json\/wp\/v2\/product"}],"about":[{"href":"https:\/\/e.kosmolat.eu\/lt\/wp-json\/wp\/v2\/types\/product"}],"wp:featuredmedia":[{"embeddable":true,"href":"https:\/\/e.kosmolat.eu\/lt\/wp-json\/wp\/v2\/media\/100280"}],"wp:attachment":[{"href":"https:\/\/e.kosmolat.eu\/lt\/wp-json\/wp\/v2\/media?parent=53749"}],"wp:term":[{"taxonomy":"product_cat","embeddable":true,"href":"https:\/\/e.kosmolat.eu\/lt\/wp-json\/wp\/v2\/product_cat?post=53749"},{"taxonomy":"product_tag","embeddable":true,"href":"https:\/\/e.kosmolat.eu\/lt\/wp-json\/wp\/v2\/product_tag?post=53749"}],"curies":[{"name":"wp","href":"https:\/\/api.w.org\/{rel}","templated":true}]}}