{"id":53741,"date":"2024-07-11T14:35:53","date_gmt":"2024-07-11T14:35:53","guid":{"rendered":"https:\/\/e.kosmolat.eu\/product\/silk-aqua-smarzudens-sievietem-100-ml\/"},"modified":"2025-01-29T11:20:59","modified_gmt":"2025-01-29T11:20:59","slug":"silk-aqua-smarzudens-sievietem-100-ml","status":"publish","type":"product","link":"https:\/\/e.kosmolat.eu\/lt\/produktas\/silk-aqua-smarzudens-sievietem-100-ml\/","title":{"rendered":"SILK AQUA Parfumuotas vanduo moterims, 100 ml"},"content":{"rendered":"<p>Etilo alkoholio t\u016brin\u0117 dalis 80 t\u016brio proc.<\/p>\n<p>Laikyti nuo +5 \u00b0\u0421 iki +25 \u00b0\u0421 temperat\u016broje sausoje vietoje, toliau nuo \u0161ildymo prietais\u0173, saugoti nuo tiesiogini\u0173 saul\u0117s spinduli\u0173.<\/p>\n","protected":false},"excerpt":{"rendered":"<p>Etilo alkoholio t\u016brin\u0117 dalis 80 t\u016brio proc. Laikyti nuo +5 \u00b0\u0421 iki +25 \u00b0\u0421 temperat\u016broje sausoje vietoje, toliau nuo \u0161ildymo prietais\u0173, saugoti nuo tiesiogini\u0173 saul\u0117s spinduli\u0173.<\/p>\n","protected":false},"featured_media":53743,"template":"","meta":[],"product_cat":[2181],"product_tag":[],"class_list":{"0":"post-53741","1":"product","2":"type-product","3":"status-publish","4":"has-post-thumbnail","6":"product_brand-parfum-by-lt","7":"product_cat-bez-kategorijas-lt","9":"first","10":"outofstock","11":"taxable","12":"shipping-taxable","13":"product-type-simple"},"_links":{"self":[{"href":"https:\/\/e.kosmolat.eu\/lt\/wp-json\/wp\/v2\/product\/53741","targetHints":{"allow":["GET"]}}],"collection":[{"href":"https:\/\/e.kosmolat.eu\/lt\/wp-json\/wp\/v2\/product"}],"about":[{"href":"https:\/\/e.kosmolat.eu\/lt\/wp-json\/wp\/v2\/types\/product"}],"wp:featuredmedia":[{"embeddable":true,"href":"https:\/\/e.kosmolat.eu\/lt\/wp-json\/wp\/v2\/media\/53743"}],"wp:attachment":[{"href":"https:\/\/e.kosmolat.eu\/lt\/wp-json\/wp\/v2\/media?parent=53741"}],"wp:term":[{"taxonomy":"product_cat","embeddable":true,"href":"https:\/\/e.kosmolat.eu\/lt\/wp-json\/wp\/v2\/product_cat?post=53741"},{"taxonomy":"product_tag","embeddable":true,"href":"https:\/\/e.kosmolat.eu\/lt\/wp-json\/wp\/v2\/product_tag?post=53741"}],"curies":[{"name":"wp","href":"https:\/\/api.w.org\/{rel}","templated":true}]}}