{"id":53667,"date":"2024-07-10T04:25:27","date_gmt":"2024-07-10T04:25:27","guid":{"rendered":"https:\/\/e.kosmolat.eu\/product\/blyskavka-fresh-anti-odor-smaku-neitralizetajs-1-gab-50-g\/"},"modified":"2026-04-01T08:14:22","modified_gmt":"2026-04-01T08:14:22","slug":"blyskavka-fresh-anti-odor-smaku-neitralizetajs-1-gab-50-g","status":"publish","type":"product","link":"https:\/\/e.kosmolat.eu\/lt\/produktas\/blyskavka-fresh-anti-odor-smaku-neitralizetajs-1-gab-50-g\/","title":{"rendered":"BLYSKAVKA FRESH Anti-kvapas. Kvap\u0173 neutralizatorius, 1 vnt., 50 g"},"content":{"rendered":"<p>Kvap\u0173 neutralizatorius skirtas pa\u0161alinti nepageidaujamus kvapus ir dr\u0117gm\u0119 juos sugeriant. Netoksi\u0161kas ir bekvapis.<\/p>\n<p>Naudojimas: I\u0161imkite kvap\u0173 neutralizatori\u0173 i\u0161 popierinio mai\u0161elio ir pad\u0117kite j\u012f ten, kur norite pa\u0161alinti nepageidaujam\u0105 kvap\u0105 ar dr\u0117gm\u0119: spinta, drabu\u017ein\u0117, \u0161aldytuvas, automobilis, lagaminas ir kt.<\/p>\n<p>D\u0117mesio: neatidarykite, nepradurkite mai\u0161elio ir nei\u0161imkite i\u0161 jo granuli\u0173. Laikyti vaikams, naminiams gyv\u016bn\u0117liams ir pauk\u0161\u010diams neprieinamose vietose, ne ma\u017eesniu kaip 1 m atstumu nuo \u0161ildymo prietais\u0173, tokiomis s\u0105lygomis, kurios neleid\u017eia patekti \u012f agresyvi\u0105 aplink\u0105 ir degias med\u017eiagas. Vengti patekimo \u012f akis. Patekus \u012f akis, skalaukite jas vandeniu 15-20 minu\u010di\u0173 ir, jei reikia, kreipkit\u0117s \u012f gydytoj\u0105. Nenuryti! Atsitiktinai prarijus, nedelsiant kreipkit\u0117s medicinin\u0117s pagalbos ir tur\u0117kite etiket\u0119 su savimi.<\/p>\n<p>Sud\u0117tis: neutralus u\u017epildas, anglis.<\/p>\n<p>Geriausias: 30 dien\u0173 nuo atidarymo.<\/p>\n<p>Laikymo s\u0105lygos ir \u0161alinimas: laikyti nuo -20\u00b0C iki +40\u00b0C temperat\u016broje, kai santykin\u0117 oro dr\u0117gm\u0117 nuo 25% iki 70%. Po naudojimo i\u0161meskite kaip buitines atliekas.<\/p>\n","protected":false},"excerpt":{"rendered":"<p>Kvap\u0173 neutralizatorius skirtas pa\u0161alinti nepageidaujamus kvapus ir dr\u0117gm\u0119 juos sugeriant. Netoksi\u0161kas ir bekvapis. Naudojimas: I\u0161imkite kvap\u0173 neutralizatori\u0173 i\u0161 popierinio mai\u0161elio ir pad\u0117kite j\u012f ten, kur norite pa\u0161alinti nepageidaujam\u0105 kvap\u0105 ar dr\u0117gm\u0119: spinta, drabu\u017ein\u0117, \u0161aldytuvas, automobilis, lagaminas ir kt. D\u0117mesio: neatidarykite, nepradurkite mai\u0161elio ir nei\u0161imkite i\u0161 jo granuli\u0173. Laikyti vaikams, naminiams gyv\u016bn\u0117liams ir pauk\u0161\u010diams neprieinamose vietose, [&#8230;]\n","protected":false},"featured_media":99385,"template":"","meta":[],"product_cat":[2181],"product_tag":[],"class_list":{"0":"post-53667","1":"product","2":"type-product","3":"status-publish","4":"has-post-thumbnail","6":"product_brand-blyskavka_ua-lt","7":"product_cat-bez-kategorijas-lt","9":"first","10":"instock","11":"taxable","12":"shipping-taxable","13":"product-type-simple"},"_links":{"self":[{"href":"https:\/\/e.kosmolat.eu\/lt\/wp-json\/wp\/v2\/product\/53667","targetHints":{"allow":["GET"]}}],"collection":[{"href":"https:\/\/e.kosmolat.eu\/lt\/wp-json\/wp\/v2\/product"}],"about":[{"href":"https:\/\/e.kosmolat.eu\/lt\/wp-json\/wp\/v2\/types\/product"}],"wp:featuredmedia":[{"embeddable":true,"href":"https:\/\/e.kosmolat.eu\/lt\/wp-json\/wp\/v2\/media\/99385"}],"wp:attachment":[{"href":"https:\/\/e.kosmolat.eu\/lt\/wp-json\/wp\/v2\/media?parent=53667"}],"wp:term":[{"taxonomy":"product_cat","embeddable":true,"href":"https:\/\/e.kosmolat.eu\/lt\/wp-json\/wp\/v2\/product_cat?post=53667"},{"taxonomy":"product_tag","embeddable":true,"href":"https:\/\/e.kosmolat.eu\/lt\/wp-json\/wp\/v2\/product_tag?post=53667"}],"curies":[{"name":"wp","href":"https:\/\/api.w.org\/{rel}","templated":true}]}}