{"id":53651,"date":"2024-07-10T04:14:21","date_gmt":"2024-07-10T04:14:21","guid":{"rendered":"https:\/\/e.kosmolat.eu\/product\/blyskavka-fresh-gaisa-atsv-ar-impregnes-francu-mandarins-1-gab-10-g\/"},"modified":"2025-10-20T12:34:59","modified_gmt":"2025-10-20T12:34:59","slug":"blyskavka-fresh-gaisa-atsv-ar-impregnes-francu-mandarins-1-gab-10-g","status":"publish","type":"product","link":"https:\/\/e.kosmolat.eu\/lt\/produktas\/blyskavka-fresh-gaisa-atsv-ar-impregnes-francu-mandarins-1-gab-10-g\/","title":{"rendered":"BLYSKAVKA FRESH Impregnuotas oro gaiviklis. Pranc\u016bzi\u0161kas mandarinas, 1 vnt., 10 g"},"content":{"rendered":"<p>Aromatinis paket\u0117lis skirtas suteikti gaivumo orui ma\u017eoje u\u017edaroje erdv\u0117je ir taip pat suteikti malonaus aromato j\u016bs\u0173 daiktams.<\/p>\n<p>Naudojimo instrukcija: i\u0161imkite paket\u0117l\u012f i\u0161 mai\u0161elio ir pad\u0117kite \u012f t\u0105 viet\u0105, kuri\u0105 norite u\u017epildyti aromatu: spintoje tarp daikt\u0173, drabu\u017ein\u0117je,  ant lentynos su patalyne, automobilyje, lagamin\u0117lyje ir pan.<\/p>\n<p>D\u0117mesio: neatidarykite, nepradurkite mai\u0161elio ir nei\u0161imkite i\u0161 jo granuli\u0173. Laikyti vaikams, naminiams gyv\u016bn\u0117liams ir pauk\u0161\u010diams neprieinamose vietose, ne ma\u017eesniu kaip 1 m atstumu nuo \u0161ildymo prietais\u0173, tokiomis s\u0105lygomis, kurios neleid\u017eia patekti \u012f agresyvi\u0105 aplink\u0105 ir degias med\u017eiagas. Paket\u0117lis turi b\u016bti apsaugotas nuo dr\u0117gm\u0117s. Nenaudoti \u017emon\u0117ms, sergantiems odos ligomis arba turintiems padid\u0117jus\u012f jautrum\u0105. Vengti patekimo ant odos ir \u012f akis. \u012ed\u0117j\u0119 aromatin\u012f paket\u0117l\u012f, nusiplaukite rankas. Patekus \u012f akis, skalaukite jas vandeniu 15-20 minu\u010di\u0173 ir, jei reikia, kreipkit\u0117s \u012f gydytoj\u0105. Nenuryti! Atsitiktinai prarijus, nedelsiant kreipkit\u0117s medicinin\u0117s pagalbos ir tur\u0117kite etiket\u0119 su savimi.<br \/>\nSud\u0117tis: neutralus u\u017epildas, kvapas. <\/p>\n<p>Geriausias: 30 dien\u0173 nuo atidarymo.<\/p>\n<p>Laikymo s\u0105lygos ir \u0161alinimas: laikyti nuo -20\u00b0C iki +40\u00b0C temperat\u016broje, o santykin\u0117 oro dr\u0117gm\u0117 nuo 25% iki 70%. Po naudojimo i\u0161meskite kaip buitines atliekas.<\/p>\n","protected":false},"excerpt":{"rendered":"<p>Aromatinis paket\u0117lis skirtas suteikti gaivumo orui ma\u017eoje u\u017edaroje erdv\u0117je ir taip pat suteikti malonaus aromato j\u016bs\u0173 daiktams. Naudojimo instrukcija: i\u0161imkite paket\u0117l\u012f i\u0161 mai\u0161elio ir pad\u0117kite \u012f t\u0105 viet\u0105, kuri\u0105 norite u\u017epildyti aromatu: spintoje tarp daikt\u0173, drabu\u017ein\u0117je, ant lentynos su patalyne, automobilyje, lagamin\u0117lyje ir pan. D\u0117mesio: neatidarykite, nepradurkite mai\u0161elio ir nei\u0161imkite i\u0161 jo granuli\u0173. Laikyti vaikams, [&#8230;]\n","protected":false},"featured_media":97209,"template":"","meta":[],"product_cat":[2181],"product_tag":[],"class_list":{"0":"post-53651","1":"product","2":"type-product","3":"status-publish","4":"has-post-thumbnail","6":"product_brand-blyskavka_ua-lt","7":"product_cat-bez-kategorijas-lt","9":"first","10":"outofstock","11":"taxable","12":"shipping-taxable","13":"product-type-simple"},"_links":{"self":[{"href":"https:\/\/e.kosmolat.eu\/lt\/wp-json\/wp\/v2\/product\/53651","targetHints":{"allow":["GET"]}}],"collection":[{"href":"https:\/\/e.kosmolat.eu\/lt\/wp-json\/wp\/v2\/product"}],"about":[{"href":"https:\/\/e.kosmolat.eu\/lt\/wp-json\/wp\/v2\/types\/product"}],"wp:featuredmedia":[{"embeddable":true,"href":"https:\/\/e.kosmolat.eu\/lt\/wp-json\/wp\/v2\/media\/97209"}],"wp:attachment":[{"href":"https:\/\/e.kosmolat.eu\/lt\/wp-json\/wp\/v2\/media?parent=53651"}],"wp:term":[{"taxonomy":"product_cat","embeddable":true,"href":"https:\/\/e.kosmolat.eu\/lt\/wp-json\/wp\/v2\/product_cat?post=53651"},{"taxonomy":"product_tag","embeddable":true,"href":"https:\/\/e.kosmolat.eu\/lt\/wp-json\/wp\/v2\/product_tag?post=53651"}],"curies":[{"name":"wp","href":"https:\/\/api.w.org\/{rel}","templated":true}]}}