{"id":53611,"date":"2024-07-09T22:36:00","date_gmt":"2024-07-09T22:36:00","guid":{"rendered":"https:\/\/e.kosmolat.eu\/product\/lv-bs-zel-korekt-02-uzacim-ar-mikrofib-3in1\/"},"modified":"2025-09-20T02:56:47","modified_gmt":"2025-09-20T02:56:47","slug":"lv-bs-zel-korekt-02-uzacim-ar-mikrofib-3in1","status":"publish","type":"product","link":"https:\/\/e.kosmolat.eu\/lt\/produktas\/lv-bs-zel-korekt-02-uzacim-ar-mikrofib-3in1\/","title":{"rendered":"LUX VISAGE Brow Styler Antaki\u0173 gelis-korektorius su mikropluo\u0161tu 3in1, 02 tonas"},"content":{"rendered":"<p><strong>Naudojimas: <\/strong>&scaron;epet\u0117liu u\u017etepkite ant antaki\u0173.<\/p>\n<p>Laikyti nuo +5 &deg;C iki +25 &deg;C temperat\u016broje, sausoje vietoje, atokiau nuo tiesiogini\u0173 saul\u0117s spinduli\u0173.<br \/>\n&nbsp;<\/p>\n","protected":false},"excerpt":{"rendered":"<p>Naudojimas: &scaron;epet\u0117liu u\u017etepkite ant antaki\u0173. Laikyti nuo +5 &deg;C iki +25 &deg;C temperat\u016broje, sausoje vietoje, atokiau nuo tiesiogini\u0173 saul\u0117s spinduli\u0173. &nbsp;<\/p>\n","protected":false},"featured_media":90446,"template":"","meta":[],"product_cat":[1508],"product_tag":[],"class_list":{"0":"post-53611","1":"product","2":"type-product","3":"status-publish","4":"has-post-thumbnail","6":"product_brand-lux-visage_by-lt","7":"product_cat-antakiams","9":"first","10":"outofstock","11":"taxable","12":"shipping-taxable","13":"product-type-simple"},"_links":{"self":[{"href":"https:\/\/e.kosmolat.eu\/lt\/wp-json\/wp\/v2\/product\/53611","targetHints":{"allow":["GET"]}}],"collection":[{"href":"https:\/\/e.kosmolat.eu\/lt\/wp-json\/wp\/v2\/product"}],"about":[{"href":"https:\/\/e.kosmolat.eu\/lt\/wp-json\/wp\/v2\/types\/product"}],"wp:featuredmedia":[{"embeddable":true,"href":"https:\/\/e.kosmolat.eu\/lt\/wp-json\/wp\/v2\/media\/90446"}],"wp:attachment":[{"href":"https:\/\/e.kosmolat.eu\/lt\/wp-json\/wp\/v2\/media?parent=53611"}],"wp:term":[{"taxonomy":"product_cat","embeddable":true,"href":"https:\/\/e.kosmolat.eu\/lt\/wp-json\/wp\/v2\/product_cat?post=53611"},{"taxonomy":"product_tag","embeddable":true,"href":"https:\/\/e.kosmolat.eu\/lt\/wp-json\/wp\/v2\/product_tag?post=53611"}],"curies":[{"name":"wp","href":"https:\/\/api.w.org\/{rel}","templated":true}]}}