{"id":53283,"date":"2024-06-27T04:30:42","date_gmt":"2024-06-27T04:30:42","guid":{"rendered":"https:\/\/e.kosmolat.eu\/product\/hs-crazy-hair-termoaizsardz-sprejs-matiem-ar-roza-greipfr-arom-100-ml\/"},"modified":"2025-09-20T04:41:11","modified_gmt":"2025-09-20T04:41:11","slug":"i_hs-crazy-hair-termoaizsardz-sprejs-matiem-ar-roza-greipfr-arom-100-ml","status":"publish","type":"product","link":"https:\/\/e.kosmolat.eu\/lt\/produktas\/i_hs-crazy-hair-termoaizsardz-sprejs-matiem-ar-roza-greipfr-arom-100-ml\/","title":{"rendered":"I_HISKIN Crazy Hair Termo apsauginis plauk\u0173 lakas su raus\u0173j\u0173o greipfrut\u0173 aromatu, 100 ml"},"content":{"rendered":"<p>Nuo kar&scaron;\u010dio apsaugantis plauk\u0173 pur&scaron;kiklis veikia kaip apsauginis j\u016bs\u0173 plauk\u0173 skydas. Jis apsaugo juos nuo aplinkos veiksni\u0173, toki\u0173 kaip smogas ir \u017ealingo plauk\u0173 d\u017eiovintuv\u0173, garbanojimo, lygintuv\u0173 ir tiesintuv\u0173 auk&scaron;tos temperat\u016bros poveikio. Be to, pur&scaron;kiklis palengvina &scaron;ukavim\u0105, padidina \u017evilges\u012f ir stiprina plaukus.<\/p>\n<p><strong>Kas suteikia WOW efekt\u0105?<\/strong><\/p>\n<ul>\n<li>Alavij\u0173 sultys, trehaloz\u0117, karbamidas ir pantenolis &ndash; intensyviai dr\u0117kina plaukus.<\/li>\n<li>Hidrolizuotas keratinas &ndash; apsaugo plaukus nuo \u017ealingo aplinkos poveikio ir apsaugo nuo statin\u0117s elektros.<\/li>\n<li>Keramidai &ndash; palaiko hidrolipidin\u012f galvos odos ir odeli\u0173 barjer\u0105, u\u017etikrina tinkam\u0105 dr\u0117kinim\u0105. Keramid\u0173 d\u0117ka j\u016bs\u0173 plaukai taps lygesni, elastingesni ir atsparesni i&scaron;oriniams veiksniams.<\/li>\n<\/ul>\n<p><strong>Naudojimas:<\/strong> purk&scaron;ti per vis\u0105 plauk\u0173 ilg\u012f i&scaron; 15-20 cm atstumo Ant dr\u0117gn\u0173 plauk\u0173: u\u017epurk&scaron;ti ir i&scaron;d\u017eiovinti plauk\u0173 d\u017eiovintuvu. Ant saus\u0173 plauk\u0173: u\u017epurk&scaron;kite ir naudokite tiesintuv\u0105.<\/p>\n<p>Dermatologi&scaron;kai patikrintas.<br \/>\n&nbsp;<\/p>\n","protected":false},"excerpt":{"rendered":"<p>Nuo kar&scaron;\u010dio apsaugantis plauk\u0173 pur&scaron;kiklis veikia kaip apsauginis j\u016bs\u0173 plauk\u0173 skydas. Jis apsaugo juos nuo aplinkos veiksni\u0173, toki\u0173 kaip smogas ir \u017ealingo plauk\u0173 d\u017eiovintuv\u0173, garbanojimo, lygintuv\u0173 ir tiesintuv\u0173 auk&scaron;tos temperat\u016bros poveikio. Be to, pur&scaron;kiklis palengvina &scaron;ukavim\u0105, padidina \u017evilges\u012f ir stiprina plaukus. Kas suteikia WOW efekt\u0105? Alavij\u0173 sultys, trehaloz\u0117, karbamidas ir pantenolis &ndash; intensyviai dr\u0117kina plaukus. [&#8230;]\n","protected":false},"featured_media":92086,"template":"","meta":[],"product_cat":[1404],"product_tag":[],"class_list":{"0":"post-53283","1":"product","2":"type-product","3":"status-publish","4":"has-post-thumbnail","6":"product_brand-hiskin_pl-lt","7":"product_cat-silumine-apsauga","9":"first","10":"outofstock","11":"taxable","12":"shipping-taxable","13":"product-type-simple"},"_links":{"self":[{"href":"https:\/\/e.kosmolat.eu\/lt\/wp-json\/wp\/v2\/product\/53283","targetHints":{"allow":["GET"]}}],"collection":[{"href":"https:\/\/e.kosmolat.eu\/lt\/wp-json\/wp\/v2\/product"}],"about":[{"href":"https:\/\/e.kosmolat.eu\/lt\/wp-json\/wp\/v2\/types\/product"}],"wp:featuredmedia":[{"embeddable":true,"href":"https:\/\/e.kosmolat.eu\/lt\/wp-json\/wp\/v2\/media\/92086"}],"wp:attachment":[{"href":"https:\/\/e.kosmolat.eu\/lt\/wp-json\/wp\/v2\/media?parent=53283"}],"wp:term":[{"taxonomy":"product_cat","embeddable":true,"href":"https:\/\/e.kosmolat.eu\/lt\/wp-json\/wp\/v2\/product_cat?post=53283"},{"taxonomy":"product_tag","embeddable":true,"href":"https:\/\/e.kosmolat.eu\/lt\/wp-json\/wp\/v2\/product_tag?post=53283"}],"curies":[{"name":"wp","href":"https:\/\/api.w.org\/{rel}","templated":true}]}}