{"id":53267,"date":"2024-06-27T04:27:03","date_gmt":"2024-06-27T04:27:03","guid":{"rendered":"https:\/\/e.kosmolat.eu\/product\/tenera-daily-pad-siev-ikdien-higien-paketes-normal-40-gab\/"},"modified":"2025-08-14T12:31:02","modified_gmt":"2025-08-14T12:31:02","slug":"i_tenera-daily-pad-siev-ikdien-higien-paketes-normal-40-gab","status":"publish","type":"product","link":"https:\/\/e.kosmolat.eu\/lt\/produktas\/i_tenera-daily-pad-siev-ikdien-higien-paketes-normal-40-gab\/","title":{"rendered":"I_TENERA DAILY PAD Moteri\u0161ki \u012fklotai Normal, 40 vnt."},"content":{"rendered":"<p>Sud\u0117tis: polietilenas, polipropilenas, kar\u0161ti klijai, celiulioz\u0117, poliesteris, medviln\u0117, bambuko pluo\u0161tai.<\/p>\n<p>Naudokite gamin\u012f pagal paveiksl\u0117liuose nurodytas instrukcijas. Higienin\u012f \u012fklot\u0105 keiskite ne re\u010diau kaip kas 3-4 valandas.<\/p>\n<p>Laikyti v\u0117sioje ir sausoje vietoje.<\/p>\n","protected":false},"excerpt":{"rendered":"<p>Sud\u0117tis: polietilenas, polipropilenas, kar\u0161ti klijai, celiulioz\u0117, poliesteris, medviln\u0117, bambuko pluo\u0161tai. Naudokite gamin\u012f pagal paveiksl\u0117liuose nurodytas instrukcijas. Higienin\u012f \u012fklot\u0105 keiskite ne re\u010diau kaip kas 3-4 valandas. Laikyti v\u0117sioje ir sausoje vietoje.<\/p>\n","protected":false},"featured_media":53269,"template":"","meta":[],"product_cat":[1815],"product_tag":[],"class_list":{"0":"post-53267","1":"product","2":"type-product","3":"status-publish","4":"has-post-thumbnail","6":"product_brand-blyskavka_ua-lt","7":"product_cat-higieniniai-iklotai-ir-tamponai","9":"first","10":"outofstock","11":"taxable","12":"shipping-taxable","13":"product-type-simple"},"_links":{"self":[{"href":"https:\/\/e.kosmolat.eu\/lt\/wp-json\/wp\/v2\/product\/53267","targetHints":{"allow":["GET"]}}],"collection":[{"href":"https:\/\/e.kosmolat.eu\/lt\/wp-json\/wp\/v2\/product"}],"about":[{"href":"https:\/\/e.kosmolat.eu\/lt\/wp-json\/wp\/v2\/types\/product"}],"wp:featuredmedia":[{"embeddable":true,"href":"https:\/\/e.kosmolat.eu\/lt\/wp-json\/wp\/v2\/media\/53269"}],"wp:attachment":[{"href":"https:\/\/e.kosmolat.eu\/lt\/wp-json\/wp\/v2\/media?parent=53267"}],"wp:term":[{"taxonomy":"product_cat","embeddable":true,"href":"https:\/\/e.kosmolat.eu\/lt\/wp-json\/wp\/v2\/product_cat?post=53267"},{"taxonomy":"product_tag","embeddable":true,"href":"https:\/\/e.kosmolat.eu\/lt\/wp-json\/wp\/v2\/product_tag?post=53267"}],"curies":[{"name":"wp","href":"https:\/\/api.w.org\/{rel}","templated":true}]}}