{"id":53235,"date":"2024-06-27T04:16:03","date_gmt":"2024-06-27T04:16:03","guid":{"rendered":"https:\/\/e.kosmolat.eu\/product\/blackforest-kosmetiska-ella-persiks-30-ml\/"},"modified":"2025-03-25T06:23:27","modified_gmt":"2025-03-25T06:23:27","slug":"blackforest-kosmetiska-ella-persiks-30-ml","status":"publish","type":"product","link":"https:\/\/e.kosmolat.eu\/lt\/produktas\/blackforest-kosmetiska-ella-persiks-30-ml\/","title":{"rendered":"BLACKFOREST Kosmetinis riebus aliejus persikas, 30 ml"},"content":{"rendered":"<p>100%  persik\u0173 aliejus.<\/p>\n<p>Naudojimas:<br \/>\nGryna forma; kartu su kitais riebaliniais ir eteriniais aliejais.<\/p>\n<p>\u2022 Krem\u0173 praturtinimas: 10-15 g kremo \u2013 5-10 la\u0161\u0173 riebaus aliejaus, i\u0161mai\u0161yti, tepti ant nuvalytos odos.<br \/>\n\u2022 \u0160amp\u016bn\u0173 ir plauk\u0173 kondicionieri\u0173 praturtinimas: 5-10 ml riebaus aliejaus \u012fpilkite \u012f 50 ml \u0161amp\u016bno ar kondicionieriaus, i\u0161mai\u0161ykite, tepkite plaukus ir galvos od\u0105, nuplaukite \u0161iltu vandeniu.<br \/>\n\u2022 Kauk\u0117s veido ir k\u016bno odos prie\u017ei\u016brai: nuvalyt\u0105 veido ir k\u016bno od\u0105 patepkite 5-10 ml riebaus aliejaus arba aliej\u0173 mi\u0161inio.<br \/>\n\u2022 Plauk\u0173 kauk\u0117s: \u012ftrinkite 5-10 la\u0161\u0173 \u012f galvos od\u0105, masa\u017euokite 2-3 minutes, paskirstykite per vis\u0105 plauk\u0173 ilg\u012f, po 20 minu\u010di\u0173 i\u0161skalaukite.<br \/>\n\u2022 Veido ir k\u016bno masa\u017eas: 10-15 ml riebaus aliejaus arba aliej\u0173 mi\u0161inio masa\u017euojamaisiais judesiais u\u017etepkite veido ir k\u016bno od\u0105.<br \/>\n\u2022 Nag\u0173 prie\u017ei\u016bra: 1-5 ml \u012ftrinkite \u012f nago plok\u0161tel\u0119 ir odel\u0119.<br \/>\n\u2022 Eterini\u0173 aliej\u0173 baz\u0117: 5 ml bazinio (riebalinio) aliejaus \u2013 3-5 la\u0161ai eterinio aliejaus.<br \/>\n\u2022 L\u016bp\u0173 mink\u0161tiklis: 1-2 la\u0161ai Canesti riebalinio aliejaus<\/p>\n<p>Naudingos savyb\u0117s:<br \/>\n\u2022 tonizuoja, skaistina, maitina ir dr\u0117kina od\u0105, pasi\u017eymi jauninamuoju poveikiu;<br \/>\n\u2022 efektyvi priemon\u0117 rauk\u0161l\u0117ms aplink akis, veido ir kaklo naikinti;<br \/>\n\u2022 pagerina odos stangrum\u0105 ir elastingum\u0105 masa\u017eo metu;<br \/>\n\u2022 puikiai tinka aki\u0173 vok\u0173 ir l\u016bp\u0173 odos prie\u017ei\u016brai;<br \/>\n\u2022 padeda atkurti plauk\u0173 strukt\u016br\u0105, sugr\u0105\u017einti sveik\u0105 blizges\u012f.<br \/>\nGali b\u016bti nuos\u0117d\u0173, prie\u0161 naudojim\u0105 suplakite! <\/p>\n<p>Laikyti nuo +5 iki +25 \u00b0C temperat\u016broje, vaikams nepasiekiamoje vietoje.<\/p>\n<p>Geriausias 36 m\u0117n. nuo pagaminimo datos.<\/p>\n","protected":false},"excerpt":{"rendered":"<p>100% persik\u0173 aliejus. Naudojimas: Gryna forma; kartu su kitais riebaliniais ir eteriniais aliejais. \u2022 Krem\u0173 praturtinimas: 10-15 g kremo \u2013 5-10 la\u0161\u0173 riebaus aliejaus, i\u0161mai\u0161yti, tepti ant nuvalytos odos. \u2022 \u0160amp\u016bn\u0173 ir plauk\u0173 kondicionieri\u0173 praturtinimas: 5-10 ml riebaus aliejaus \u012fpilkite \u012f 50 ml \u0161amp\u016bno ar kondicionieriaus, i\u0161mai\u0161ykite, tepkite plaukus ir galvos od\u0105, nuplaukite \u0161iltu vandeniu. [&#8230;]\n","protected":false},"featured_media":53237,"template":"","meta":[],"product_cat":[1621],"product_tag":[],"class_list":{"0":"post-53235","1":"product","2":"type-product","3":"status-publish","4":"has-post-thumbnail","6":"product_brand-medical-fort_by-lt","7":"product_cat-aliejai","9":"first","10":"outofstock","11":"taxable","12":"shipping-taxable","13":"product-type-simple"},"_links":{"self":[{"href":"https:\/\/e.kosmolat.eu\/lt\/wp-json\/wp\/v2\/product\/53235","targetHints":{"allow":["GET"]}}],"collection":[{"href":"https:\/\/e.kosmolat.eu\/lt\/wp-json\/wp\/v2\/product"}],"about":[{"href":"https:\/\/e.kosmolat.eu\/lt\/wp-json\/wp\/v2\/types\/product"}],"wp:featuredmedia":[{"embeddable":true,"href":"https:\/\/e.kosmolat.eu\/lt\/wp-json\/wp\/v2\/media\/53237"}],"wp:attachment":[{"href":"https:\/\/e.kosmolat.eu\/lt\/wp-json\/wp\/v2\/media?parent=53235"}],"wp:term":[{"taxonomy":"product_cat","embeddable":true,"href":"https:\/\/e.kosmolat.eu\/lt\/wp-json\/wp\/v2\/product_cat?post=53235"},{"taxonomy":"product_tag","embeddable":true,"href":"https:\/\/e.kosmolat.eu\/lt\/wp-json\/wp\/v2\/product_tag?post=53235"}],"curies":[{"name":"wp","href":"https:\/\/api.w.org\/{rel}","templated":true}]}}