{"id":53123,"date":"2024-06-21T04:07:07","date_gmt":"2024-06-21T04:07:07","guid":{"rendered":"https:\/\/e.kosmolat.eu\/product\/essential-oil-blackforest-cinnamon-10-ml\/"},"modified":"2025-05-12T11:02:47","modified_gmt":"2025-05-12T11:02:47","slug":"blackforest-eteriska-ella-kanelis-10-ml","status":"publish","type":"product","link":"https:\/\/e.kosmolat.eu\/lt\/produktas\/blackforest-eteriska-ella-kanelis-10-ml\/","title":{"rendered":"BLACKFOREST Cinamono eterinis aliejus, 10 ml"},"content":{"rendered":"<p>100% cinamono eterinis aliejus.<\/p>\n<p><strong>Aromatas:<\/strong> ry&scaron;kus, gundantis, &scaron;iltas, saldus.<\/p>\n<p><strong>Naudojimo instrukcijos: <\/strong><\/p>\n<ul>\n<li>Kosmetikos praturtinimas: (kremas, kauk\u0117, balzamas, losjonas, &scaron;amp\u016bnas): 2-4 la&scaron;ai aliejaus 10 g praturtinto produkto;<\/li>\n<li>Masa\u017eas, trynimas: 1-4 la&scaron;ai 10 ml bazinio aliejaus.<\/li>\n<li>Vonios: 5-10 la&scaron;\u0173 vienai voniai, i&scaron; anksto i&scaron;tirpinti 1-2 valg. &scaron;auk&scaron;tai j\u016bros druskos.<\/li>\n<li>Vonia, sauna: \u012f kar&scaron;\u010diui atspar\u0173 ind\u0105 \u012fla&scaron;inkite 1-2 &scaron;auk&scaron;tus j\u016bros druskos ir 5-10 la&scaron;\u0173 aliejaus. Sumai&scaron;ykite su 0,5 l vandens, kad i&scaron;garuot\u0173.<\/li>\n<li>Kauk\u0117s: iki 1 valg. \u012f &scaron;auk&scaron;t\u0105 pagrindo \u012fla&scaron;inkite 1-2 la&scaron;us eterinio aliejaus (pavyzd\u017eiui, riebaus kosmetinio aliejaus).<\/li>\n<li>&Scaron;ukavimas: \u012f &scaron;ukas u\u017ela&scaron;inkite 2-3 la&scaron;us aliejaus).<\/li>\n<\/ul>\n<p><strong>Naudingos savyb\u0117s:<\/strong><\/p>\n<ul>\n<li>veiksmingas kovojant su rauk&scaron;l\u0117mis, didina odos elastingum\u0105, gerina veido spalv\u0105;<\/li>\n<li>valo riebalines liaukas, skaistina ir jaunina od\u0105;<\/li>\n<li>kovoja su celiulitu.<\/li>\n<\/ul>\n<p><strong>Suderinamumas:<\/strong> bazilikas, kedras, levanda, kiparisas, kmynas, raudonmedis..<\/p>\n<p>Tik i&scaron;oriniam naudojimui.<\/p>\n<p><strong>Laikymo s\u0105lygos:<\/strong> laikyti nuo +5 &deg;C iki +25 &deg;C temperat\u016broje.<\/p>\n<p><img decoding=\"async\" alt=\"\" src=\"data:image\/png;base64,iVBORw0KGgoAAAANSUhEUgAAAD4AAABACAYAAAE17vRjAAAAAXNSR0IArs4c6QAAAARnQU1BAACxjwv8YQUAAAAJcEhZcwAAFxEAABcRAcom8z8AABNPSURBVGhDzVsJeFRVsm71AbImZCP7AtkDYd8GUJBFIoiggiv6yaAQnuKCgwziDIyA23vD4owKCjozMghPEJ7IE2QRQXCegKzdfbuTztbpTqez7+l0p15V3Xt776Qbgt\/7+Zp77znnnjpVp6pO1Tk3CnCDVbrKcGmgGZMBZRtWg7W9XSpxaqAZmcrXjz\/5BEpfXgI2m9iIGwhDEvmB0K1XT74WPPkA2LAnha2hngtknD5zhq\/tWKlK7C\/2YKup5kLCHT178FVIi+SrfQytujzpDiuzE6Q7Ny4aL57FwaZITyJcGljMZdKdAy4NCKqUUOlOhEuD9Rs3IP820I7NkEqkBtY6kYuI2Bi+Eot5M8bzvUIzLotvCOFRImuEmv3\/5KuCBKodJY48eEA4X5uKdCDPBpOgLtWDRd4t+kK+yrAPkhq5y4DgwaYztOMyQTUoTHryDq8daEelQrulVXoCMK5bCcLwZPu4neEYIv5UwwaiHB06GZ0YD\/2jIqQngJLFj0H+lFHSkwiWkiojBtoMJWKJE7r16QnTZs6QniTgC7oHpkDBQ2I5j8BWXwfqEZ4C8oaG8+dAnewYlYsMLOUmUGfF23k996+f7KZhqS7HqYrzkINXITbrBBDSo\/jeVl8L6qEJXgVI8NqBjNpv9oFNuvcFnx1YcTbqzxyTnrzD+8s41vxpY3neLSVF\/g\/d1m6DvHvGQkHOBH5WZydCGwrVGzxeLnriAdDQNKK+y9CMSuPpdYf9ZaJYkvsUurs0NpSamhpY9OyzUi12MCIZrDWV0pMI+8tlq5aDkBnLno3wwEMPQlRiHJw4eZKfSfLCaNR9axs\/ExRExfSf60FIHuAimE927oAY1Hmr1dUva0YlI0viJCrMO\/4CqrQojzk1GowwIC5aenKACGhGi85aoZ08AoqfWcB8uiMo3NXFEagVaV6LPh8dNw5BGJmM7t4hHF+gF5UDw6Hhf0XnzgJjNzQ8Bco2vm6foQMHD7Kdy7DhP2V8ENQdPWSXjV3aVmRajbZeufVdqQRg49tv8ZWHmhEN1Z9\/ws8yXJSERiCg8Kr+vt0uA5o6FS4t5Zvf8pCLy8sEkUoU1KBVUVsNuizThj+IlW7weFmGMiEE8u4eAYY3VuC0ulKU4fNlal60YJb44AM+X\/YFeRTCxCHoddCZVpSLCuYmD3\/gN3GiSd3nTx2LxpcOhQ\/nQOVn29BHJoI6KRRayW8EOIBOicuc6nImgoCuIW9iNpZZ2QvIMK1dyauBgM7a6sV1+ILvOZOYKH7mYVwd00A9Oq1T0RpWv4gDTAE1api1toal1RE8iMuiK12xFN3wQFZV4tFZpFOnT2Pri0lMgL6h\/eHYyeNcL7szfe5CNPlBKKVh6ERr7BbpDjtxWYjGN1eh4xgIytRIsDW6Bnwy3li3FqIS4tjl9Q4JgsJC1\/BFRuGiBRxT5E0fh1OFftRNcgq5wPyX93DOYjFYGwCWMr0Lp+44ceIEezziPihM9Hze2suSKECTo6nT3X8PP8ttFeWbNoIqMwZUyGmbycCF\/kChUEBYdCSsW\/+mVNI5dPfdBZoJQ0B3zxh+VlDUaWtqBM24DFwlUkC\/9Emu6Ihzwsu\/W8EDKDN5xr52YB\/US\/2PJ0FAx6pO6A+N1y7adUCcc3yiZm211bzWk7IY16N750rvmL9gPvTo28e+RrqDTLFJeRmuxwWDOnUA1P5wVKxw6tRD2ylJITMRhiaxtpdtXCPVOHDp8mW4rWd3CImMgNQsR6wuo9VsBFVyGIeTNV\/u8slEh3ZuwaREhaMmnaj4cFOHkiBO24yloMQwm6ylcscHUo1v+CQugyTRgmkCDYLCzeovP5dqHLAY9JikJWB9PJS\/\/UfJL4h1HaFT4jKorxbhGs+fgL+6o4dZUdWjBnGEZlq\/xu4r\/IXfxBk4AnKZ9ee+B2ViMCpmKpT+7nmpzg9W3RAY8S5GwMTZh+O1cs8ODD1pdQucYxkBESfCRKru1FFWwOKnH+TyGx2A\/8TthI9x1kpbEDTn+lzJI\/L\/gcFv4iTq+nOnMOINxdQQo97vDmHUn4ouOQP0K3LFRgGiU+LEL3HVqEYzGxgB6sxoqDt0gMvopx6WwGtC6UtLqHlA6JC4SBbtW30dhKxYUKMjqd3\/hVSK0sBFqb2lBePkWHbFRgxAGH7qQCfEkbDqGvroaBCyk6Dqq91ihRNoANbqKvbl1Mb0lvcA3Rt8Erci5ZZrl0CJnWqyE6Bq7y6pxhNkBW2VFaDCJVMYEg+m99+1S6cjeCVOnZGoKUcRyF\/vFBcJeY3fd+AryH3h32Htn9ZBUVER1TCxtmozJ4oalJR522ZuK8rPO7wSby3UoQjjeYvJ\/P57UqmIi7\/8wkEExW9R8XGQlIppqgRyvW3lBlCnR+IvGir\/vk2q8Q4X4jx6QymKOZ7Xc9Pmtz3Gfe3qVejWpxcHkJEJsZA22LGbRiCTbC7QogRwFUyLhtoDnqugDDtxWjrbyjAIGJqIq1QqlG8Rc0t3kIIpbldw8DggLgYWL\/HMiGnAzdrroMRMRp0eC\/VHD4oVbmDiHL1UVSC3SHgYZsjviBrra7bu7NsbohPiISwmCj797FOp1BONl3\/GAYTwMlx3zJFRy+CtCGtdFWgwrydT0b++nCt8ESaMHj+W5zskKgLOnD1rV0RnyCX1P50GAT2iKiUSGnApZkjtFTZ0EuQmaY71K6W1uRPkPr+M57x\/ZDioVSqp1DuITN3pE8h9BFwfGAaNv5yzD0xBG0uaCdmgX\/5bqahz7NixAyLjY6EfJg7VNTVSaceglVDIigNlXBA0YChNUNQc+RpTI\/TZ6CJbhKuorZ4idAaJ+NDhbyA8Nhp69esjlfoG5wVtFkytR4EwNgNKli2E9lZxS5YVrvLTD3kfQ50Sha7S1CF5Im4ymdjWH3n8UanUE7wgSXOrnT6Gc\/qiJ+fys1zOxOnWvG0LqDA6VQ3EXK22shP+HfCmbAypOH\/2JMzT0kH3oLi969zabudUaNryNqgwSKC0xlJp9toxlV28eBF69w+GCXffBa2SCJ0h7+4WPjILlTkDdDkTRKJu3TmISzsNpo2vo+ZjihwfhFOAEvASDyelpUI0m9oAOPm9ZD4S5B2LwifmgICiLsiZyM\/eQi07cYLMqeG15aBB01Ohj7Y1N3GZM2bNncOpUs\/gvnDhwgWp1IHCR2fxzqJ22mik6jvIdCHujNKXc0HAxF47wrFwEGiALegbNm3eBMe\/d00SiUTJ0oUgjBgE2vFZYGvBgfsgTPBKXG5uePE5UJMDGpaE4vdthLLE9C8uwogmBblOA\/djLG\/wybksqpJlT4sSGJ8JVpwCdyWkQREMq54H7fBUUI9MgXZMo\/wJp30SJ8gdFD\/9MKhR\/PmTh0N7c7NDAlK98Y+v4oKEawPqCR3NSOPpFB0SZ2D\/1FfRo7MxTk+B\/JzfQHubuElO5aa1r2EEi7n84ETULauHZDpC58QRcneF82eCdmQGFMyaxM+mt97AiDaJvSMFkYHCL+IEWZK6OZN5J7JgzhRWLlV8MIZOZThA\/zmW4Tdxguy5dPdPBu2EoZgmB0FrWYlfyuUNAREniHPajllKKrSWFNwAvw4ETLwr8asQJ30gnaFf3eF9qDPJqLw50GosvinJ3QxuHePIES1wsirWH\/8W8nCduY6xpPY3Q\/jzA1VyBJQsWQit0rE3tb1B1Q0YXc44zyyOXt7mrz35HeTNnIDxUai4+Y2hRQEaat6UkewvSQACRvaGFxbzbh+B7MnXeVJXocsYF92bY7CNF\/\/FPph2jegolo7pdDmToPrgXq6npbD8nbW4VmPIRFuXI9O5Temry8BSJGkA\/3drBNBljNNM0xCblZfZ56szYzAIScEFJxryp4+HmkP7uJ2dDdIKvmAYTjHjMAxasxN4a0UYmgDG118Ga2UFf8tzK1i\/KcZJpeXDbNrEKJw3A4TMOHZemsFJkD8xG2oP7nH5XsQXbHW1UL4BV+fMaA7\/1JivalgAr9hP+CmGu5GF0xsCZpw9NNofzRah+dIFjG9mgZJmGG2YvlHKQ7ut2bcbbBLDbLN85x1cjz9Cm9kExg1r2CeQ\/WswTKEDef5Iq0YMVUjgcvsbhd+MExlxgOJzi\/IK6J97HFRpEZiSoA2nx\/IMVe75h9iWfj4GV48zaDabpScHKF2S37GYDHwuqkoIRvWnHYtE0KLpVHz0Z\/tBrShO7zQ6g\/+MSwNqRc9b8sIzoEyPQpXEGU6LwTg9GSr\/9pHPIdTX18P2j7dDVGwMp9S0kaS443a+7967F6xeswbKzeXcVqYj99VaU4FZ03N8wqkZNghNKZ73eCs+3mo\/Zu1Yn7yjQ8ZpEPZvmEpLoDh3IajQhumLMtpFIbU2b9\/C9R3h1Knv4a4pk+HOoD68cxadEMebWLyRFR3Jx7AHv\/5vqbV3WKrKkf6TvErQMqjKiAPtuCyo+uyv0N4q5i++NMwbPBnHd3kdlh5J5YxvrGCPS4kQHV7R+UL51nd4k5tABDuiWWGugCXLckHR\/d+Ycdq\/omtkXAxvJU2beS9vpvoCT4B031pcAEWLHsFgPYSzfhVqHsUEtf9zAAcuulraTexMBC6Ms9TEW2irLAfTO3\/gjx\/o2wNiWDkoBEybNvCHaNQukAxh8\/tbUb1v430zmumYpAQIj42CHv16w9o31\/HnVoSOZo0FgNXUoll5CYqemgfXaW99TAao0yIxex0FDScOY33n47IzLndorasB8\/vv8vcRlG2q0X5pho2rXwJLdQW37bxbT+zZuxeicJZDoyJFNad7VPPufXrBkSPSkbafIPryGBrOn4WCh2aCKikMtOhkyRfkz5wI9WdPurRzh4LUgmBFR2He9md0WAP5GEWNgQQdLhhezQVLhdMHAQHMsjOuXLkCcx+aB72C+\/E+caS0XZucngY\/nz\/PbUST8a9\/aubctOHnM6CbOw2UaegER6fx51QFc6dC4\/kfuZ7aOmuowmIogYrPd4r2Qo5jXCYuSwPBsGIZtBqKuRFpQyBq7Q20PUifo5GdR6G6R6CaBw8Ig8VLnwO9Xi+1Chyk1pwMSc8NJ76Fggdn8AqgQV6uxwVB0SP3QdMvP7E2y1BUbt8K+ZOGYWgZg0xn8XGQftlTmDDkS026Dnv+ay\/c3u0OtnPaNewT2h\/+sfuf0Ob2MeONgpinD7Xqjh4A3X0T+USKJxQzwuIFOdAkzT5BwfGytQ0qdu\/kTX46gqJISckp4+O4jDklDDcIWX1P\/fADZGYPgb5hIdATVb5XUF82gZsBmwdfkeHj30D+PaNBnYo8jEJ1x+iv+Jn50CxcFRs7wf4pFIG8deXOD0A7cQioBmMIOnwQn8OULl+Ey5qeCciJxY2ioLAQdn\/xBezatQsEQYC2trYb6E\/0BfJbdT8ex9R3EqiTI0Eg+06JgOIn5kDTxZ+kFvSGK+xendJEeWecTtTMW9\/jHVY6axCG4zUlHMowhLTVyvGy\/wJwbqfN08JH27bBBx99CGd+dKieXyBmaYxSd02XfkZ7vhdnNgyjOZFh3bypUH\/6ODXmNr7G6CWAwYyLCOAt7V+W\/8cGzpYEshcUxPXkAWBYuxJTRqdY23vfLjCWGeG3zy7mMJWOI4LRxm\/r0Q2mzpgOGq1WauULNB5xTPRr1FyF\/Mdmw\/WkEGQYbTgtGgrunwT1R8ToT27XETwZ9wJrbTUY\/\/R7Vn063qRDXVoBjBvXoKf0L5jZf+AriBuUBP0iwviomwKYUBTAHXd29ziTcQVFbaImNueroeixObxW02YzMZyXMwHqDu\/n+kDQKePO7FhrqsGw6kWO0WnJowMnMgX6BJs281nSkrm4w2KxYDz+NcQNTITuPbpDN2Q4LCYSDn\/7rdeTMHJWMsOtZXooeWIuCKlRYp6QHgN5U0dD9ZeYCbaKYXOg8GvGCZyDS7NqKSlGh\/csf5ZDCQPF8SpMGU3vrud6AtuWk9Scba2puYkzNg\/QK9hOZpj+RqF40XxxNwfpCEMwQRqbzh80t0tHRdTeiYzf8JtxGbQJKEd7lgId6JcvRlvrD1pUf3U2xvVjUnFgmKJKf5XAA3Ni2hvEWtmKkWGjHgwrl4EanRVt4CvRvEi45m2UijZwq8767AwBM+4MmbRFXwz6pZiyoufXjEwDIQtzZgwcqnZ\/hhlcM7fpaKC8AYFXS1kpGNe8ggyHg5pyfdp9wdC5AjNBm3Ry1VW4Ocbl2ZR4spQZoHDevXzOS6edqoxYyL8bU8b9e9gWqZksALrIpkObisbfv8QnYbTrSvtt9IFK+bpVXE9gfZDadwVuinEZNBxiQnZrzUVaXF6m4LqKPmA0LTeRoJuNGdORg3YnSCC1Nb35GmgwA6SNDbJjihgNq18BW5N4QH6zOYIvdAnjzqCBypF305ULUDgHBZAUygJQDwqHwkdnQyMGGJXbt6Cjwjx6cDx\/4K5KDIGyta9h8CT+yRN9SnIr0eWM24ETJc9Vw7mToJt1FwuA\/q5RnYXRIGVP6AeUCaFQ+upSx9+B3qIZdsetYxxh9wES6k9\/B\/n3jgd1Yhh\/DleSuxBaK8U\/q6NWXWnDneGWMm4HMiTbKv01UxUGHg2nj0F7m+VXZ1jGr8P4\/zsA\/B+KadZisAxKzwAAAABJRU5ErkJggg==\" \/><strong>GHS07 Atsargiai<\/strong><\/p>\n<p><strong>H312 <\/strong>Kenksminga susilietus su oda.<\/p>\n<p><strong>H315<\/strong> Dirgina od\u0105<\/p>\n<p><strong>H319<\/strong> Sukelia smark\u0173 aki\u0173 dirginim\u0105.<\/p>\n<p><strong>H317<\/strong> Gali sukelti alergin\u0119 odos reakcij\u0105.<\/p>\n<p><strong>H412<\/strong> Kenksminga vandens organizmams, sukelia ilgalaikius pakitimus.<\/p>\n<p>P102 Laikyti vaikams neprieinamoje vietoje.<\/p>\n<p>P261 Stengtis ne\u012fkv\u0117pti gar\u0173.<\/p>\n<p>P264 Po naudojimo kruop&scaron;\u010diai nuplaukite rankas<\/p>\n<p>P273 Saugoti, kad nepatekt\u0173 \u012f aplink\u0105.<\/p>\n<p>P280 M\u016bv\u0117ti apsaugines pir&scaron;tines\/naudoti aki\u0173 (veido) apsaugos priemones.<\/p>\n<p>P301+P312 PRARIJUS: pasijutus blogai, skambinti \u012f APSINUODIJIM\u0172 KONTROL\u0116S IR INFORMACIJOS BIUR\u0104 \/ kreiptis \u012f gydytoj\u0105.<\/p>\n<p>P330 I&scaron;skalauti burn\u0105.<\/p>\n<p>P302+P352 PATEKUS ANT ODOS: Nuplauti dideliu kiekiu muilo ir vandens.<\/p>\n<p>P333+P313 Jeigu sudirginama oda arba j\u0105 i&scaron;beria: kreiptis \u012f gydytoj\u0105.<\/p>\n<p>P305+P351+P338 PATEKUS \u012e AKIS: Kelias minutes atsargiai plauti vandeniu. I&scaron;imti kontaktinius l\u0119&scaron;ius, jeigu jie yra ir jeigu lengvai galima tai padaryti. Toliau plauti akis.<\/p>\n<p>P337+P313 Jei aki\u0173 dirginimas nepraeina: kreiptis \u012f gydytoj\u0105.<\/p>\n<p>P321 Specialus gydymas (nuplaukite kontakto vietas muilu ir vandeniu).<\/p>\n<p>P501 Turin\u012f\/talpykl\u0105 i&scaron;pilti (i&scaron;mesti) &#8211; sunaudot\u0105&nbsp; pakuot\u0117 utilizuoti&nbsp; kaip buitines atliekas.<\/p>\n","protected":false},"excerpt":{"rendered":"<p>100% cinamono eterinis aliejus. Aromatas: ry&scaron;kus, gundantis, &scaron;iltas, saldus. Naudojimo instrukcijos: Kosmetikos praturtinimas: (kremas, kauk\u0117, balzamas, losjonas, &scaron;amp\u016bnas): 2-4 la&scaron;ai aliejaus 10 g praturtinto produkto; Masa\u017eas, trynimas: 1-4 la&scaron;ai 10 ml bazinio aliejaus. Vonios: 5-10 la&scaron;\u0173 vienai voniai, i&scaron; anksto i&scaron;tirpinti 1-2 valg. &scaron;auk&scaron;tai j\u016bros druskos. Vonia, sauna: \u012f kar&scaron;\u010diui atspar\u0173 ind\u0105 \u012fla&scaron;inkite 1-2 &scaron;auk&scaron;tus [&#8230;]\n","protected":false},"featured_media":53125,"template":"","meta":[],"product_cat":[1621],"product_tag":[],"class_list":{"0":"post-53123","1":"product","2":"type-product","3":"status-publish","4":"has-post-thumbnail","6":"product_brand-medical-fort_by-lt","7":"product_cat-aliejai","9":"first","10":"outofstock","11":"taxable","12":"shipping-taxable","13":"product-type-simple"},"_links":{"self":[{"href":"https:\/\/e.kosmolat.eu\/lt\/wp-json\/wp\/v2\/product\/53123","targetHints":{"allow":["GET"]}}],"collection":[{"href":"https:\/\/e.kosmolat.eu\/lt\/wp-json\/wp\/v2\/product"}],"about":[{"href":"https:\/\/e.kosmolat.eu\/lt\/wp-json\/wp\/v2\/types\/product"}],"wp:featuredmedia":[{"embeddable":true,"href":"https:\/\/e.kosmolat.eu\/lt\/wp-json\/wp\/v2\/media\/53125"}],"wp:attachment":[{"href":"https:\/\/e.kosmolat.eu\/lt\/wp-json\/wp\/v2\/media?parent=53123"}],"wp:term":[{"taxonomy":"product_cat","embeddable":true,"href":"https:\/\/e.kosmolat.eu\/lt\/wp-json\/wp\/v2\/product_cat?post=53123"},{"taxonomy":"product_tag","embeddable":true,"href":"https:\/\/e.kosmolat.eu\/lt\/wp-json\/wp\/v2\/product_tag?post=53123"}],"curies":[{"name":"wp","href":"https:\/\/api.w.org\/{rel}","templated":true}]}}