{"id":53115,"date":"2024-06-21T04:00:56","date_gmt":"2024-06-21T04:00:56","guid":{"rendered":"https:\/\/e.kosmolat.eu\/product\/essential-oil-blackforest-ylang-ylang-10-ml\/"},"modified":"2025-06-01T14:40:04","modified_gmt":"2025-06-01T14:40:04","slug":"blackforest-eteriska-ella-ilangilangs-10-ml","status":"publish","type":"product","link":"https:\/\/e.kosmolat.eu\/lt\/produktas\/blackforest-eteriska-ella-ilangilangs-10-ml\/","title":{"rendered":"BLACKFOREST Eterinis aliejus Ylang-Ylang, 10 ml"},"content":{"rendered":"<p>100% ylang-ylang eterinis aliejus.<\/p>\n<p><strong>Aromatas<\/strong>: g\u0117li\u0173, saldus, egzoti&scaron;kas.<\/p>\n<p>Naudojimo instrukcijos:<\/p>\n<ul>\n<li>Kosmetikos praturtinimas: (kremas, kauk\u0117, balzamas, losjonas, &scaron;amp\u016bnas): 2-4 la&scaron;ai aliejaus 10 g praturtinto produkto;<\/li>\n<li>Masa\u017eas, trynimas: 1-4 la&scaron;ai 10 ml bazinio aliejaus.<\/li>\n<li>Vonios: 5-10 la&scaron;\u0173 vienai voniai, i&scaron; anksto i&scaron;tirpinti 1-2 valg. &scaron;auk&scaron;tai j\u016bros druskos.<\/li>\n<li>Vonia, sauna: \u012f kar&scaron;\u010diui atspar\u0173 ind\u0105 \u012fla&scaron;inkite 1-2 &scaron;auk&scaron;tus j\u016bros druskos ir 5-10 la&scaron;\u0173 aliejaus. Sumai&scaron;ykite su 0,5 l vandens, kad i&scaron;garuot\u0173.<\/li>\n<li>Kauk\u0117s: iki 1 valg. \u012f &scaron;auk&scaron;t\u0105 pagrindo \u012fla&scaron;inkite 1-2 la&scaron;us eterinio aliejaus (pavyzd\u017eiui, riebaus kosmetinio aliejaus).<\/li>\n<li>&Scaron;ukavimas: \u012f &scaron;ukas u\u017ela&scaron;inkite 2-3 la&scaron;us aliejaus).<\/li>\n<\/ul>\n<p><strong>Naudingos savyb\u0117s:<\/strong><\/p>\n<ul>\n<li>skatina odos atsinaujinim\u0105 ir gil\u0173 dr\u0117kinim\u0105;<\/li>\n<li>reguliuoja poodini\u0173 riebal\u0173 balans\u0105;<\/li>\n<li>pa&scaron;alina nag\u0173 trapum\u0105 ir skilin\u0117jim\u0105;<\/li>\n<li>skatina plauk\u0173 augim\u0105.<\/li>\n<\/ul>\n<p><strong>Suderinamumas:<\/strong> apelsinas, bergamot\u0117, greipfrutas, levanda, citrina, pa\u010diulis.Tik i&scaron;oriniam naudojimui\/<\/p>\n<p>Laikymo s\u0105lygos: laikyti nuo +5 &deg;C iki +25 &deg;C temperat\u016broje.<\/p>\n<p>&nbsp;<\/p>\n<p><img decoding=\"async\" alt=\"\" src=\"data:image\/png;base64,iVBORw0KGgoAAAANSUhEUgAAADsAAAA7CAYAAAGyIsIlAAAAAXNSR0IArs4c6QAAAARnQU1BAACxjwv8YQUAAAAJcEhZcwAAFxEAABcRAcom8z8AABCESURBVFhH1VkHdFZFFv4TkhCQXlSKKAIhwaCISzUUCygrsvQqCsIRG4iLAjGAKJ4DRJEeSkAUxdXdCBhQwEITRQikUKQEKQEVRAQhIY3k7vfdNy\/\/n+RPJcmy3zmTP++9mbl17ty54ygSMhyOTFmxQsxjduCttGrVih9Fli\/P3okfiTNnzoi3t7f+L0uXOjtJeLiEhobK6NGjZcyYMdYswDWHo7\/VA5Bly6R+\/fr68Zfff5d0h6Ov9cUFsnixpGdk8GNv8yo3Mt2NLBAg7C3JyWQqzryygA8+kpiojG3dtk2gqL36AXQqyNWrKoqHh4f+EphhvwN\/ovjAUYsWLZKuXbvK3r17RQID+c7BDnGHDh2S2rVrS7169UQCAqwPNkjnux9+EGnePPsHG+gQa\/7NHxjujUZm9phXBQM9dVAqdNLg9tulZ58+IitXWtLlBQwop5SuXFFV9O\/fH4987ZCEhAR9R0OD9WgdYAMvMuxBNsaNGye1atWSGjVqyBdffGHeGrz\/Pjlxyo+HPRIWJlHQMR6lZs2a8jvc6MiRI1KuHJlyyCFycM89kqeD6CTw3O3ffSc33XSTDroCd6NtMMjprPkBk+wje9KsmXsnLggJ8Cvzb9EAJc4Dz2S1qXlVOGDgXHnqKUuzFStygibmU\/7AwNkyfLhMnTFDqlWrJj9D4+LrKykOR4Dp4h7oEMaByWlpqmU2L5hJAc3jhb92zAlQXCBPPqn90tPTswZXrVpV3ykwAUTw0wE2lNWhQ00PCy1atJC6devKwoULzRsDawJLBAxcKs88Y75Y2L9\/v8r7ySefyJAhQyQlJcV8MahShRM0p5z+1KgNzCe33XabTJo0SXbt2iVvv\/22umelSpWsDgcOcHFcVMoEFWFP0KhRI51g9uzZiFTJ0q1bN30ORISQY8fobVd0kCvoDFKhgk7Qtl07HTBt2jSlGhISIhIfz5X0p9XbDTBBI3uCW2+9VYKCgmTEyJEiBw+S1dwUc4KalPLldYLIyEiRfftI8bL5XDAwQWOdIDaWFC+Y14VHMiYoFKtFBTgrj4mXQ5wYimlely5AcA7MKDJqlMj8+ULjgIFY+Foz06XkwGAEgguU4LBhkpmUJIfhMrujouRyaqrIhx9qyDAMlIgGPEBwIdo1jUkg+O\/Vq7OCuN36Dhwo6XQp5CxGA\/toZ05QJByFDbFyLJWSoNmGruC3evXq2Yjabd68edpHgQ3DaCAOPlCwCTBDOUg3Fy2TKpXLl81MTkREROQiyoWXhniZC2TA0gCdMHfkxmgvENO9AeHKLUFXDANTjG4TJkwQPz8\/JD+J5kseeO89jfqgEZ3FAIj5UiVIjUQWLDA9naB6mRg9\/fTTMmDAAGnYsKF4eXnJHXfcgQxhGQSqAK1WlMaNG8sbb7whL7\/8smzevFkyuB+7AkFB7ryTxBNBvJcSJ+CNfuRIYxdVZECC+JzVyiOyMDOlarmjMEt75JFHlBnXfv\/6+GNrAsR+qEXDNPymJ765B70RGojW0EUVATt\/\/FFVykC6GMnslClT5PHHH5fV8HDal4w8+OCDcsstt0ibtm3l6OnTIocPazIBLi5hvgFm+oIBDTRVE3D\/ADGCqQ1TTnxWRgYPHqzJK5+7g5HztPXRo0oQYy9DwmIk0wawBxmIVQaMCTZs2IC5m0mbNm30MKD+\/PPPShAqvXBdBHMCGmgCBqKUgSVLlAEFbWgRTMT3QaZ7yQMM+IPAXmzwIsiiaUNImPfhpaQBEwSAYA\/zWHaApF7m37JBmsPRCZKehMRTQNzTvC49gFBbONBJEONSyUCbaD6VDiBhOxA8gfOiCKNRly4knI42qVQkhoT3g+BxhCORr76yls6ff4o88ACXzjUQnlCihEGwDSY+pQS3bJHzf\/2lafIRZLd61EZopLrRbzx+r9\/BkhyOvylBxGPZvl1i4+OlPeJwFSTw3JGWML25cCFL1TDBFDO0eMAE92OiEzjVinzzjSCDkntbtoQwzp2mcuXK8iWkd1F1GsYVz7nopVgWCXLzzSJff60mDA8Pz5VPsfXs2VNSsQXi5GwTplfTxuXwvXCgl2LQMVXppk1KkAgODs5FkO3uu++WX3\/91ep05owSBtNCVaODB\/rkD3QKAqcnsa+JbNxoTWTwFbyWWYTVzdleeuml7JnEL7+IPPSQejU6TETLmzAlREdrWXz5pZnBCU7c3KraZDVmEx\/SmXLi3DnBzq+EjVfnXk740BIqtST89lszMjd4MER3zS58fHwkMDDQqdqcOH9epHNnXU6YOwS\/ThvTacDRKXUaNxK6ghUWZhDP4IzctGlT5Hq5k71scKqakStYCcJDOytBhjZkeXnhKoLAxwh9HTt2VEknT54sffr0EX9\/f5k1axYSCWQSeYGqfvRRXU4Q8FVWakaSC9aE1OVzgJkg007mwx06dNCgQKI8vD\/22GOqYtYdhg4dqt49Y8YM+eOPP8xoAzrZK6+omkFrBb2hHAi\/iodrdHUYyPQUOXnypDRp0kSJsD0Kbl9\/\/XWVMjo6WrPFuXPnyosvvqh5st3v2WefdZ4MSBBjmHeDxuc4ZtdGH+3pYTzMiqOG8I9ISZnt25OxMfR9\/\/33+v0c1MZEnSmpa5+O0MilS5e0DzgURBQS\/OySw1ED351Ab0o8ER\/TpFMnXeTXMIb1PTv1pCo7wxtZWLmM4wnLGyRqp6ps3lhCb82cKdeuYXRoqIinp0oIoSqTjluQMFqauvpvvymzTLJZ3huIIySdiQn4fBykn3\/+eenRo4eqkykqic945x0dgzOIbcN1+K1ups8bIBoCzjScUeJUcD19+nS1G48c6CLPPfectDM1GVY56WRbtm61CL75pk1wDeapqZMWBAzwAuHxShhRhYucAX348OFKhGpmTZaHKj7Te1fZ5xoShIqpUnyspBMWBSA8Tm2MtSlnz+rpfMSIEUqodevWSoyRaRN3IXopnQbfMCYSv1WtWYoB2pgT2cspCUthGE7yDArt27eXHayi2xJaBD\/Db8E2zA+YwBOEX0PLsCW+CM9dtWqVxDNdIbgOvb1tlRZfQleQMHagV0A43dWrFQgQZuGvR79qZkjJAYRDlDACuB4TnSpdjYV\/fSrNCyDgQRtjk8jkUd946dpSkdAVIGDH6ky06\/PSogCEvLGGB1wsbQlLAmC2IpjtAN8YA22NxP+84yr9A1hZgq4AwXgcCoMfnsEzfZBHoFi0CfjGfbvgbPVGBgSg27WCYPPQTnBL1zQeBxRNkhDB8Z5ngji0iejblIoxw\/8\/AKYrwFUp5FwIocd3zXOxR8q2bYJMSoO5FpYfflhru+yDvvvRJqc4HM1ueEuDQU80notYSbeErFVLS\/h6CmTpPid4zsXupUL7+lJgdW8oLBgt+3XaDQIPWLI9BFxAIdEy9UzG27odOyQzMVGOJiTI+xDqn8jBByDzGTR4sNa11+HsfT4pSZCwW5ZmRoycEALzVBKNeSdBaFq6bMtYOQEGfMEMD5yz0OLVkjwH8qoCQkhmphzDkWrKW2+Jf0AAPnNI9uaLfLMDMu\/wjz6S3yj0xYt6g64Jk9O996EFs2iM57KN3tB0+auwJCIrLZlAhqROHdELW9YQwDSPDDEHD8oLL7yglwMYlm\/jNevUqVPlrH0i45pevlzPnhQaNCn0XiiX+XLpuze48gSh1hDwXRA+QQY08NCSFNLlmoVXLjz55Tx05ddaIEKHhYUhH3RJCHnIY+Wd5y7riiYVtGPQXmNtGgNLNpBhQh\/jrvMpJJ5FatYUvbNn4DG3a67goZ6lC+br9oEwv8Y+PH9vgtLc3k1RARSa7l2pEoXOBC8HKTSUfv3ufcJakyyR0F1PYULRwMPLNVrSjZCuYE2GxYKbYX1Ml2ejoLz0fweH0JSUFDM6D9DStntb0TsDvO3FRDwc+WO+osO4q5UMgCEVknf\/DDwF3CK6gjXcvn37ZlVQ2FiA9MQR3n72BdNPYSnsQOTWI35hwFoSr9ZoaQQ58JmOxntYO3rn797o4IWOTOso5HG0zKzoylpiAZZ0BzLP4gnrUrQgT\/usV7Gaw5JCLezDLDHE8uayOGCRNDzcsrTl3rpPQxY7I8vu3nhRFR86UEhdkz4+ooU2CsnqXhEsaSMVCQRrXYcPH8b2uQIGeECFpYCsjy3F+uuEoMNy1vjx49WqDEws7hTauq5g8W7ZMis5qV7drjZFQx5Gb+57FSmoD16MRrO2EDAk991nZTWu1d4CcBZbRUxMjFqRQWbOnDlqzbp162Jay13ZaEkK98EHH0jv3r2zaurcnlgK7dWrlyqCtbuD2Lpo8ePHj+s1c6GA5EWP9A0b6h7NBqHXQr6B5KBcKo5aCERT8IIhPYMJunTtamU01FgeYDChcKyEsdJVB3sthWnQoIEWoVjxZD23e\/fu+p3veS29ZMkSiYiIkEGDBmm05iUuy3ZdQbNLly76f4sWLaR+\/fo6J+tM\/fr1k08\/\/RTZJdLLvADlyLRpgsG6N0PIy2jrIFP\/RIejDpRqAUKziNkIH3gqj0ZL1wt+VmAY\/dwIzeAzEkGLFTZrCmejyzLw8BKC1biVK1dKVFSURmhWVOmy69evl8jISNmyZYt6AsuF9bB83N2gsFEZa9esQehwiR20+L59ljWhUHS0hVxDISFT9qJpTqCDHzqy3BSHQWkqNKs\/DAQMCAanTp2Sd7GXUiAMy7Mx8g7BdrVz505kkJlmtAWWoafBGq4lZneNc9DFN2I3SLLXdHy8VRQyQoLfSxQS\/P8DrQrGFQ4Y7Gluz19Fi+ZkmqvS0osXZ1k6EclD1J49Wqinm1pDre3kPqz9sWPHykfIe2lB\/vISZvfu3XpTsBERnhlTaGiohISE6Bqm0DnTy5b33ivTZ86UOAiXSEsi6KmQd92l9T3wdwVCsuTWD0IWrlbrDpiAKWJjIzQrC5kqNNM3ZjQml00GE7sgBC8EgoKCwMdd6pZctw9hW+D6oxD85Rpn4Zn9WP+thC0jAAcFrlWu2b9366bZ1DCcf5fAm+JZnmewPHJEkEALIpkdbSkkC5n90EquEGaEDoCwdO+YLPem0IsWZXPv2Lg4GT1mjK4\/a6jVeL3GYMM1TEuy7OsNy7j2YfJBC6\/bsEFr04qffrJK+4GBtrv+BfqfgZ8epV58A5EmIDgBbQ9auu7L9po+fVr5S0YQ2rp9u4xCwmALzaDFrYiWfhj7oeshgVF3yBNPyOp16+Qcj3kEoytL0c41SSEjQb8PWv6BpyQB4h5Y001AlO4dg19rTTN94+Zu3PsqtqdvN2\/GmeFJ3ZZ4WXMPTje8RaAVKeSoUaNkO7Ywrn8F1ySFRMJBd8X8jK6f40jZF3T\/d2VUEKd709IsnR9Q90ZKCB+1hOYtP3AFQn+NSDoWgUzXI9YyrzSjkTRobLXXJAKRFuMwNebimozA\/z3RyqY4XVhAaG5ZdO8oMJmq7o3kQt2bpxUgGUIxjcy6SCQOHLDuhpz7JN11PebrW2p3DCUBMEv39kNGptGbzLOmpGua0dv1jpmBh8mAn58dXVVIjBuAcbXMlDc+wKy9TwdTaLQMTdCZhuIgIOPGWe5qCck1GYE1SXct+hXjjQSzpmnpPRAqTa2Nhmdaci2+98HzjeuuxQEsHQDBmHv\/B20Foyuey2gLcTj+C+4S68A6gGbXAAAAAElFTkSuQmCC\" \/><strong>GHS08 Pavojinga<\/strong><\/p>\n<p><strong>H<\/strong><strong>304<\/strong> Prarijus ir patekus \u012f kv\u0117pavimo takus, gali sukelti mirt\u012f.<\/p>\n<p><strong>H412<\/strong> Kenksminga vandens organizmams, sukelia ilgalaikius pakitimus.<\/p>\n<p><strong>EUH208<\/strong> Sud\u0117tyje yra: Benzilsalicilatas ir eugenolis. Gali sukelti alergin\u0119 reakcij\u0105.<\/p>\n<p>P102 Laikyti vaikams neprieinamoje vietoje.<\/p>\n<p>P273 Saugoti, kad nepatekt\u0173 \u012f aplink\u0105.<\/p>\n<p>P301+P310 PRARIJUS: nedelsiant skambinti \u012f APSINUODIJIM\u0172 KONTROL\u0116S IR INFORMACIJOS BIUR\u0104\/kreiptis \u012f gydytoj\u0105.<\/p>\n<p>P331 NESKATINTI v\u0117mimo.<\/p>\n<p>P405 Laikyti u\u017erakint\u0105.<\/p>\n<p>P501 Turin\u012f\/talpykl\u0105 i&scaron;pilti (i&scaron;mesti) &#8211; sunaudot\u0105&nbsp; pakuot\u0117 utilizuoti&nbsp; kaip buitines atliekas.<\/p>\n","protected":false},"excerpt":{"rendered":"<p>100% ylang-ylang eterinis aliejus. Aromatas: g\u0117li\u0173, saldus, egzoti&scaron;kas. Naudojimo instrukcijos: Kosmetikos praturtinimas: (kremas, kauk\u0117, balzamas, losjonas, &scaron;amp\u016bnas): 2-4 la&scaron;ai aliejaus 10 g praturtinto produkto; Masa\u017eas, trynimas: 1-4 la&scaron;ai 10 ml bazinio aliejaus. Vonios: 5-10 la&scaron;\u0173 vienai voniai, i&scaron; anksto i&scaron;tirpinti 1-2 valg. &scaron;auk&scaron;tai j\u016bros druskos. Vonia, sauna: \u012f kar&scaron;\u010diui atspar\u0173 ind\u0105 \u012fla&scaron;inkite 1-2 &scaron;auk&scaron;tus j\u016bros [&#8230;]\n","protected":false},"featured_media":53117,"template":"","meta":[],"product_cat":[1621],"product_tag":[],"class_list":{"0":"post-53115","1":"product","2":"type-product","3":"status-publish","4":"has-post-thumbnail","6":"product_brand-medical-fort_by-lt","7":"product_cat-aliejai","9":"first","10":"instock","11":"taxable","12":"shipping-taxable","13":"product-type-simple"},"_links":{"self":[{"href":"https:\/\/e.kosmolat.eu\/lt\/wp-json\/wp\/v2\/product\/53115","targetHints":{"allow":["GET"]}}],"collection":[{"href":"https:\/\/e.kosmolat.eu\/lt\/wp-json\/wp\/v2\/product"}],"about":[{"href":"https:\/\/e.kosmolat.eu\/lt\/wp-json\/wp\/v2\/types\/product"}],"wp:featuredmedia":[{"embeddable":true,"href":"https:\/\/e.kosmolat.eu\/lt\/wp-json\/wp\/v2\/media\/53117"}],"wp:attachment":[{"href":"https:\/\/e.kosmolat.eu\/lt\/wp-json\/wp\/v2\/media?parent=53115"}],"wp:term":[{"taxonomy":"product_cat","embeddable":true,"href":"https:\/\/e.kosmolat.eu\/lt\/wp-json\/wp\/v2\/product_cat?post=53115"},{"taxonomy":"product_tag","embeddable":true,"href":"https:\/\/e.kosmolat.eu\/lt\/wp-json\/wp\/v2\/product_tag?post=53115"}],"curies":[{"name":"wp","href":"https:\/\/api.w.org\/{rel}","templated":true}]}}