{"id":53104,"date":"2024-06-20T10:20:38","date_gmt":"2024-06-20T10:20:38","guid":{"rendered":"https:\/\/e.kosmolat.eu\/product\/cristal-shaving-foam-200-ml-%d1%81ool-effect\/"},"modified":"2026-04-21T08:31:03","modified_gmt":"2026-04-21T08:31:03","slug":"i_cristal-viriesu-skus-putas-jutig-adai-atvesinosas-200-ml","status":"publish","type":"product","link":"https:\/\/e.kosmolat.eu\/lt\/produktas\/i_cristal-viriesu-skus-putas-jutig-adai-atvesinosas-200-ml\/","title":{"rendered":"I_CRISTAL FOR MEN Vyri\u0161kos skutimosi putos jautriai odai V\u0117sinan\u010dios, 200 ml"},"content":{"rendered":"<p><html><br \/>\n<head><br \/>\n\t<title><\/title><br \/>\n<\/head><br \/>\n<body><\/p>\n<p>Naudojimo instrukcija: prie&scaron; naudojim\u0105 sukratykite&nbsp; ir i&scaron;spauskite nedidel\u012f kiek\u012f gelio ant delno. Paverskite gel\u012f &scaron;velniomis putomis. Tepkite putas lygiu sluoksniu ant i&scaron; anksto sudr\u0117kintos veido odos. Po skutimosi od\u0105 kruop&scaron;\u010diai nuplaukite &scaron;iltu vandeniu ir patepkite losjonu, balzamu ar kremu po skutimosi.<\/p>\n<p>Laikymo s\u0105lygos: laikyti patalpoje ne ma\u017eesniu kaip 1 m atstumu nuo &scaron;ildymo prietais\u0173, esant temperat\u016brai nuo +5&deg;C iki +25&deg;C ir santykinei oro dr\u0117gmei 55-70%. Saugoti nuo dr\u0117gm\u0117s ir tiesiogini\u0173 saul\u0117s spinduli\u0173.<\/p>\n<p>Geriausias: 5 metai nuo pagaminimo datos.<\/p>\n<p><\/body><br \/>\n<\/html><\/p>\n<p>&nbsp;<\/p>\n<p><strong><img decoding=\"async\" alt=\"\" src=\"file:\/\/\/C:\/Users\/masha\/Desktop\/GHS%2002.jpg\" style=\"height:40px; width:40px\" \/>GHS02 &nbsp;Atsargiai<\/strong><br \/>\n<strong>H223<\/strong> Degus aerozolis.<br \/>\n<strong>H229 <\/strong>Sl\u0117gin\u0117 talpykla. Kaitinama gali sprogti.<br \/>\nP102 Laikyti vaikams neprieinamoje vietoje<br \/>\nP210 Laikyti atokiau nuo &scaron;ilumos &scaron;altini\u0173, kar&scaron;t\u0173 pavir&scaron;i\u0173, \u017eie\u017eirb\u0173, atviros liepsnos arba kit\u0173 degimo &scaron;altini\u0173. Ner\u016bkyti.<br \/>\nP211 Nepurk&scaron;ti \u012f atvir\u0105 liepsn\u0105 arba kitus degimo &scaron;altinius.<br \/>\nP251 Nepradurti ir nedeginti net panaudoto.<br \/>\nP410+P412 Saugoti nuo saul\u0117s &scaron;viesos. Nelaikyti auk&scaron;tesn\u0117je kaip 50 o C\/122 o F temperat\u016broje.<br \/>\n&nbsp;<\/p>\n","protected":false},"excerpt":{"rendered":"<p>Naudojimo instrukcija: prie&scaron; naudojim\u0105 sukratykite&nbsp; ir i&scaron;spauskite nedidel\u012f kiek\u012f gelio ant delno. Paverskite gel\u012f &scaron;velniomis putomis. Tepkite putas lygiu sluoksniu ant i&scaron; anksto sudr\u0117kintos veido odos. Po skutimosi od\u0105 kruop&scaron;\u010diai nuplaukite &scaron;iltu vandeniu ir patepkite losjonu, balzamu ar kremu po skutimosi. Laikymo s\u0105lygos: laikyti patalpoje ne ma\u017eesniu kaip 1 m atstumu nuo &scaron;ildymo prietais\u0173, esant [&#8230;]\n","protected":false},"featured_media":92498,"template":"","meta":[],"product_cat":[1682],"product_tag":[],"class_list":{"0":"post-53104","1":"product","2":"type-product","3":"status-publish","4":"has-post-thumbnail","6":"product_brand-blyskavka_ua-lt","7":"product_cat-kosmetika-skutimuisi","9":"first","10":"instock","11":"taxable","12":"shipping-taxable","13":"product-type-simple"},"_links":{"self":[{"href":"https:\/\/e.kosmolat.eu\/lt\/wp-json\/wp\/v2\/product\/53104","targetHints":{"allow":["GET"]}}],"collection":[{"href":"https:\/\/e.kosmolat.eu\/lt\/wp-json\/wp\/v2\/product"}],"about":[{"href":"https:\/\/e.kosmolat.eu\/lt\/wp-json\/wp\/v2\/types\/product"}],"wp:featuredmedia":[{"embeddable":true,"href":"https:\/\/e.kosmolat.eu\/lt\/wp-json\/wp\/v2\/media\/92498"}],"wp:attachment":[{"href":"https:\/\/e.kosmolat.eu\/lt\/wp-json\/wp\/v2\/media?parent=53104"}],"wp:term":[{"taxonomy":"product_cat","embeddable":true,"href":"https:\/\/e.kosmolat.eu\/lt\/wp-json\/wp\/v2\/product_cat?post=53104"},{"taxonomy":"product_tag","embeddable":true,"href":"https:\/\/e.kosmolat.eu\/lt\/wp-json\/wp\/v2\/product_tag?post=53104"}],"curies":[{"name":"wp","href":"https:\/\/api.w.org\/{rel}","templated":true}]}}