{"id":53090,"date":"2024-06-20T04:09:50","date_gmt":"2024-06-20T04:09:50","guid":{"rendered":"https:\/\/e.kosmolat.eu\/product\/burdock-oil-premium-100ml\/"},"modified":"2025-04-01T14:42:59","modified_gmt":"2025-04-01T14:42:59","slug":"mf-premium-dizdadza-ella-100-10-ml","status":"publish","type":"product","link":"https:\/\/e.kosmolat.eu\/lt\/produktas\/mf-premium-dizdadza-ella-100-10-ml\/","title":{"rendered":"MEDICALFORT PREMIUM Varnal\u0117\u0161\u0173 aliejus, 100 ml + 10 ml dovan\u0173"},"content":{"rendered":"<p>Varnal\u0117\u0161\u0173 aliejus yra plauk\u0173 augimo ir stiprinimo priemon\u0117. Stimuliuoja med\u017eiag\u0173 apykaitos procesus plauk\u0173 folikuluose, u\u017ekertant keli\u0105 plauk\u0173 slinkimui. Pa\u0161alina neigiam\u0173 klimato ir chemini\u0173 poveiki\u0173 poveik\u012f, u\u017ekerta keli\u0105 pleiskan\u0173 susidarymui.<\/p>\n<p>Naudojimas: varnal\u0117\u0161\u0173 aliejumi (\u0161iltu) i\u0161tepkite plauk\u0173 \u0161aknis, po 20-30 minu\u010di\u0173 i\u0161skalaukite plaukus \u0161amp\u016bnu. Proced\u016br\u0105 kartokite 1-2 kartus per savait\u0119. Vengti patekimo \u012f akis. Patekus, nuplaukite dideliu kiekiu vandens.<\/p>\n<p>Sud\u0117tis: varnal\u0117\u0161\u0173 aliejus, ramun\u0117li\u0173 ekstraktas, neroli\u0173 eterinis aliejus.<\/p>\n<p>Tik i\u0161oriniam naudojimui!<\/p>\n<p>Laikymo s\u0105lygos: nuo +5 iki +25 \u00b0C, nuo \u0161viesos apsaugotoje vietoje. Atidarius, rekomenduojama laikyti \u0161aldytuve.<\/p>\n<p>Geriausias: 36 m\u0117n. nuo pagaminimo datos.<\/p>\n","protected":false},"excerpt":{"rendered":"<p>Varnal\u0117\u0161\u0173 aliejus yra plauk\u0173 augimo ir stiprinimo priemon\u0117. Stimuliuoja med\u017eiag\u0173 apykaitos procesus plauk\u0173 folikuluose, u\u017ekertant keli\u0105 plauk\u0173 slinkimui. Pa\u0161alina neigiam\u0173 klimato ir chemini\u0173 poveiki\u0173 poveik\u012f, u\u017ekerta keli\u0105 pleiskan\u0173 susidarymui. Naudojimas: varnal\u0117\u0161\u0173 aliejumi (\u0161iltu) i\u0161tepkite plauk\u0173 \u0161aknis, po 20-30 minu\u010di\u0173 i\u0161skalaukite plaukus \u0161amp\u016bnu. Proced\u016br\u0105 kartokite 1-2 kartus per savait\u0119. Vengti patekimo \u012f akis. Patekus, nuplaukite dideliu [&#8230;]\n","protected":false},"featured_media":53092,"template":"","meta":[],"product_cat":[1621],"product_tag":[],"class_list":{"0":"post-53090","1":"product","2":"type-product","3":"status-publish","4":"has-post-thumbnail","6":"product_brand-medical-fort_by-lt","7":"product_cat-aliejai","9":"first","10":"instock","11":"taxable","12":"shipping-taxable","13":"product-type-simple"},"_links":{"self":[{"href":"https:\/\/e.kosmolat.eu\/lt\/wp-json\/wp\/v2\/product\/53090","targetHints":{"allow":["GET"]}}],"collection":[{"href":"https:\/\/e.kosmolat.eu\/lt\/wp-json\/wp\/v2\/product"}],"about":[{"href":"https:\/\/e.kosmolat.eu\/lt\/wp-json\/wp\/v2\/types\/product"}],"wp:featuredmedia":[{"embeddable":true,"href":"https:\/\/e.kosmolat.eu\/lt\/wp-json\/wp\/v2\/media\/53092"}],"wp:attachment":[{"href":"https:\/\/e.kosmolat.eu\/lt\/wp-json\/wp\/v2\/media?parent=53090"}],"wp:term":[{"taxonomy":"product_cat","embeddable":true,"href":"https:\/\/e.kosmolat.eu\/lt\/wp-json\/wp\/v2\/product_cat?post=53090"},{"taxonomy":"product_tag","embeddable":true,"href":"https:\/\/e.kosmolat.eu\/lt\/wp-json\/wp\/v2\/product_tag?post=53090"}],"curies":[{"name":"wp","href":"https:\/\/api.w.org\/{rel}","templated":true}]}}