{"id":53074,"date":"2024-06-20T04:05:03","date_gmt":"2024-06-20T04:05:03","guid":{"rendered":"https:\/\/e.kosmolat.eu\/product\/essential-oil-blackforest-mint-10-ml\/"},"modified":"2025-04-01T14:37:47","modified_gmt":"2025-04-01T14:37:47","slug":"blackforest-eteriska-ella-piparmetra-10-ml","status":"publish","type":"product","link":"https:\/\/e.kosmolat.eu\/lt\/produktas\/blackforest-eteriska-ella-piparmetra-10-ml\/","title":{"rendered":"BLACKFOREST Eterinis aliejus Pipirm\u0117t\u0117s, 10 ml"},"content":{"rendered":"<p>100% pipirm\u0117\u010di\u0173 eterinis aliejus.<\/p>\n<p><strong>Aromatas:<\/strong> aitrus, aitrus, m\u0117tinis.<\/p>\n<p><strong>Naudojimo instrukcijos: <\/strong><\/p>\n<ul>\n<li>Kosmetikos praturtinimas: (kremas, kauk\u0117, balzamas, losjonas, &scaron;amp\u016bnas): 2-4 la&scaron;ai aliejaus 10 g praturtinto produkto;<\/li>\n<li>Masa\u017eas, trynimas: 1-4 la&scaron;ai 10 ml bazinio aliejaus.<\/li>\n<li>Vonios: 5-10 la&scaron;\u0173 vienai voniai, i&scaron; anksto i&scaron;tirpinti 1-2 valg. &scaron;auk&scaron;tai j\u016bros druskos.<\/li>\n<li>Vonia, sauna: \u012f kar&scaron;\u010diui atspar\u0173 ind\u0105 \u012fla&scaron;inkite 1-2 &scaron;auk&scaron;tus j\u016bros druskos ir 5-10 la&scaron;\u0173 aliejaus. Sumai&scaron;ykite su 0,5 l vandens, kad i&scaron;garuot\u0173.<\/li>\n<li>Kauk\u0117s: iki 1 valg. \u012f &scaron;auk&scaron;t\u0105 pagrindo \u012fla&scaron;inkite 1-2 la&scaron;us eterinio aliejaus (pavyzd\u017eiui, riebaus kosmetinio aliejaus).<\/li>\n<li>&Scaron;ukavimas: \u012f &scaron;ukas u\u017ela&scaron;inkite 2-3 la&scaron;us aliejaus).<\/li>\n<\/ul>\n<p><strong>Naudingos savyb\u0117s:<\/strong><\/p>\n<ul>\n<li>Padeda suvienodinti odos spalv\u0105;<\/li>\n<li>Normalizuoja riebalini\u0173 liauk\u0173 veikl\u0105, padeda susiaurinti poras;<\/li>\n<li>Suteikia odai elastingumo, &scaron;velnumo ir aksomi&scaron;kumo.<\/li>\n<\/ul>\n<p><strong>Suderinamumas:<\/strong> kedras, levanda, kiparisas, mandarinas, pu&scaron;is, rozmarinas.<\/p>\n<p>Tik i&scaron;oriniam naudojimui.<\/p>\n<p>Laikymo s\u0105lygos: laikyti nuo +5 &deg;C iki +25 &deg;C temperat\u016broje.<\/p>\n<p>&nbsp;<\/p>\n<p><img decoding=\"async\" alt=\"\" src=\"data:image\/png;base64,iVBORw0KGgoAAAANSUhEUgAAAEAAAABCCAYAAAGQpuBDAAAAAXNSR0IArs4c6QAAAARnQU1BAACxjwv8YQUAAAAJcEhZcwAAFxEAABcRAcom8z8AABRISURBVGhDzVsJeFRVsm5BH3sg+wrZSQghbLLJKrLvMCCg80DgiYIbM48BYUZGcXyu8yKiPBUVdARnEIcRGREdEFQWZRHHSfftJens+wZZe0tNVZ17e++kEwLf+790+t5zzz2nqk6dOlV1TqvADS1Wi3wl4FJBOygGrNWV8p2AvYKUPoC\/jblGaC7M5msCV9BmxPENITQmkr\/rz5zgb1XVu6\/zhYJeQf3kKwD92HTRQsWul7iAcEfP7vwtTcjgbzsNxb96GFrka+P8SfKVGxd5K+dDwcP32ysSXCp4g0sF5zcVuFSo+XAfaIcnyncCXIHeLH3paairq8MrG+hSI6iYoaKHhVs2ipuut\/E3QZMQxN8qzaBoviDsen23fCVaLVy3HLtoaQH1QNHkwxse5m8sgrwVs\/laEIkFmoz+4rLFBvrJI\/iaYOfChq\/pJwxBLuLlEgEXNr3BZwUikjjRjhgoCnzAowEiRUoMhsr33pBLAEzGHNANTZDvXOHgwWYDdXIYlO7cKpcAdO8XAJGxgnlC3eXzoEmJchlSlRV71I5IhMIH7xPyc8LMObMgKCJMvpOBVWqOfATq+BCs3oIU4L+aP+0FdUIIDrIrqMKly5fkOwEq041Og6IN\/yk3IIN4L312G2gGhmMngpLtO54C1e1d+NrWYgXjtDGQPX8yv6jAU4goi8INq7GXFK5In\/xVi0GLs5Y6cYfPYaTKxqUzQR0X6PVFBT4boJ6r\/vIOvuwuGVd4bwBfvv6P42xPCh9fJxd6h0cD1HP9jxeR5xi+V6dFQeET67ncGzwaaLz0PUhoAxUQA+qEQCh\/5VlR4AZ7AzR0zXoJdCOS5BKAU1+fAovFwoOqSQyDyn177EOswN6A2aAH7TCHvn\/66d9YjfuFBsslNLlCoPaTD+U7AW7AUl4Cujs9Z11U7ADY9rvt8p1gJwutR\/23X4kChMpafw2kkcnyrSuIglNffy3fOaBOiYCGq9\/ztUpKjYSGK+f5xh3UgMlslu8csNZWgnSn6JRZ0AyOgsarF7lAAQ3bq5mZHsNnMzeB1oliboB40w6OAVOhkW7t6BcRClqtVr7DnnGeSG4Wyj4KBLI6psI8+Q4fqlRQWFQk32EnJGiLK0suDRBIfa211fKdA9qRqfKVKzwaIEijBoK1xtGIdkQy2OppXfGE1wYI+hFoD5oa0M4nu+meK3w2QNCPzwBzZZl85x2tNuAP2t0A6QWxVPvlUTbEBevv5\/LWrFZr8JsAap70re70P9BwR4CEa1DNgXdYNXQjU6Bw8yNcr71okwCF44bz36KvFgUSqln1B3vtA2tFk2vON4ImPhCkoXFQuu0J8cBPibRKAHHcLGWh\/xHGvmDlay9yuUfT1Bn+mUoLUTphoB0SC+WZz3nW8wKvBNCLphwtSGjOSY1LX35GPJCh1mhA1eU26BbQG7r26AZTZ86Qn5AuoFVX\/wjqAf2ADFXNR\/vkJ97hQgB1bC4pRDHH4oxOgOItj4lyN1bKy8t5wSZrF9E\/GqbNmik\/EVAMWMP336H0InF4QuD6l595lQgTQC9YaqpAhy6m9s4UKCC3gR\/7RkRsDBv84KhwOHT4sFzqCWqn9ugh9LhwGFF53U23ymQ0gG7sYPykoYPk\/5TavGULEtAf+oYFgyHbIJd6B7mlhJqD+3DGJENWTB9ouHiWy1T0qArXOU1yOLp34UjhBX7QFo787QgEhIVAt1495BLfIAJsuPJph8bzWlK06UH5iX0IBIUVezJxcYoGdWwgmHSaNofh8+PHQSNJ8p0nxPsYGIxH3xsNOvloBGfPwOssKHvhaZxKcaBJjQJTWTFPR3eEREVCNOpASHQEHP7kE7lUgDxJ6iJ7ygheFHKXzcRg0CoeusErATaaS4jirZuE2FAq5KYrULTcYHAde4WznIV3gxaXNAO6swSlvjd4JUCB8lrxpvUowiR0fZLBcv0aNig\/kNFiE9zlLp2OjlkK6Mel8frpu1sHWiVAgcJB\/tpl6FMgIeMHg62ulssIhf+1kr0cGjaq2RrH7vCLAAY2qjRrXDwdRZwCBlyvdaNS2WO01V3HJ\/53rMB\/ApygcKgfnw7m0iI2vx1Fhwiw4pibivOh7ruT4F23\/Ue7CVC4103MAG1qNJgrythytmfcndE+ArAP6iZ76ig03YPYuEjxwWDKxynawWHwmwCyDWSQDGhcdKNTIXfJLDRYO0BCzdcmhoKpBA1WG\/GgN\/hFgNKwYdJI1v7sScPB1tzMZQUbV4M0PAkdlhicCXU8HO1B2wTIKm6cP4U7pwjQ1lCPY+7gtujRB3AZxyEZngDWqgqasaQs4mEb8EsClPHSj0lFfyEJWiwmr40XblyFK10KDskAsFYSETdIgCJK47JZbGwk5J7grWGlLH\/VEpQCDsdwER9RIqYteCVA6Tx\/7XI0vYmgwYiUxpzCOwKlQwoKCuDvn38OtdeESaYyQt6y2UJPJqbjO02ouK0T4VMCRb\/GBQhdNCkuCCzYiTPn965YDrf37A49+gbAbd3ugPMXhBOjGOtcJIJmin7CULCZhLL6glcCitFjIc3WoENpacRVzU2Ud44dA1FxA9gpDY2OhH3798tPHDAumgZaJMIwIQNazM0+dcJOgCL24qd+jYoUD1JKJFipcy51xb33rYTo+Fgmok9wIJw7d05+ItAizxzDrPE8HDlzJqH9NnvVCSZAKS59aQdo02Mx5kOx11Z69YQIm5\/cytwTEbf36g41NTUeHLJO4FTNnjGGU2c5sybirWeLdglU7H4JO4+DrLhAaM7Wtqo6r+\/ZA0GR4SyBrj27yaWeoDYoL2+YMgr0GENmL5zm0S4TUL7nFYxiotAzDoMmXRY\/aA3nzp6F7n17c2yQlCIyJr7GmEptSIT+7pHskucunyPK5fqqin1vgiYplC1ck\/SzoJof+UZjYyNHRqHokK5et1Yu9Q3qrKWxAbJnjgfdmEGQv2YpWK\/V8DNVzj2jQTsmDafOLKrJhf7gti5dOKO7d9+7cknroJar3s4UhioJJf3zFS5X2dBdJvFo0afLQXtP8CVOZyQMTIaegQFoA7xnydxR8VYmSIMHgCYxBEx5Tjst1BX5c4bJw3HKDIS8FXP5QVtEXP3pJ8jMzASTCdcGH1AMU8X+NzEuxCAVpzYNM0NunpWQXCxbbS3oxqWj3acxWsYPW6OhsKgQPv\/iuHznBfLLNUf+zKlwyhs0\/Pi9h345DBE+Il9eNw4DVZwyuetWyE88UYGrXZeuXaF3SBDcu3K5XOoMwXvNV8dAkxaDRi0C6r856dWu2AlQQKsYBZC6YYmQLyeg3Idj1+7X2A6QIVIS+86gjq6dOMrbb2oUe\/0ZR37WHR4EUFeWonxe1ylfUPCEyJo7E1FWVgaqrirOZW7f8Tu5VPBNtepOHENrGgzSoGi4joS0Bg8CCOT\/mdHH06ZFo31IhuJtm8QDmQaFGErV2IFl3Pm5b3j51qRGQO0nB5VXfMIrAQTqg\/KlGpLEsHgoeeq\/fa4NBHrW9K+rHN5rUPRVf3q3zc4JPglQYCkvRVFGgg6935Kdcv7dTSdolWu6ehE06f05W1z9wdvyk7bRJgEkbtqOyIruzXqh7K1SOdFBpDT+cI4zatKQWKh+R2zQKktyW2iTAAJx2KxXi2QkTqvKfY7tveasqywhDX4q\/+81IXaizE\/4RQCBxphyh1pUMAkNS82B\/RgRGVFHYtiHKN\/1Yqs64gt+E6Bw1Zh1GdQYjukpRhhNsUASlL4iEpntYNwO\/wmQQX3UXzwL6v59ROfP75DLO9A7ot0EEKir2qMfs9vO3Xasb0aHCOhM3DICaIhISUlY144cxKU\/GfLuW8AZdrsAb0CSHcXNFQAypERshOu4Rhmmj4as+CDQ35XBy4w6MRSKnlgPzXli049k4L743kx0ugAEA4IJvsZP7dlToJ8xDjS4QOvR6dNjwJaNrjDl2MSOEyV6AqF480b0Fh2CUPK1NxOdrwHy6NH\/hqsXIGfGWPTJotDHS2HnQj9pOFS+j0sl1rPU1uDorwUJ7bgG3S8JNUKLbnPJ1sfAUuV6iulmodMEQCOunMxqvHIBjAumsguuHZnE8Sad1ak++B7YMDpSQEKij7mkCAofR0HgakqxiTQEfYph6Hs8vRWsGC7QJOrIIucPblgANMcVTW248C3kLZ3Nqk7xjW5IPBgwKq\/et8e+8+3QDwHn+W5Cn6fosQdBSg7n9yn9qBscA2U7nwRrudi\/ponlnJy7UXRIAESyE9044j9A3v0L+GAFEU57K4aRKVC++2Xe1BX18b\/zS26g50rKu8kgQf5D94MWBUHxupQRz2FS+f\/+ASxlxVzH3uYNov0CID7ky2adBvJXLWJ\/jAyZfnB\/JDgBSl99wS+VdV4hFDgz1WTUQe7K+aDG4EI3Em1EOsYG44dAxZuZIk0r17sR+C0AIkwht1mLjGO8qEGCaFNbRx901ctfexGscsKS4E7g6TNnYMmypZA0MBliEuIgJj4Or5NgwuRJcOjQx2A2iaMp7iPbiBqR+8tFvKHKxhRDPf3EYVDx9qt8PoQg6xlftwdtCoAyakqzjT9fhYLH1mLQE4uMJ6ChSuSzDKWv7ARzVYVcyztohzctfTB06XYH9GfmY1kAFFgHhodCr8AAeHe\/5w6\/sywafroIufehRiQEgY5sRGoMGKaMxujvLbQxtFcmhNeeqeFTAM5NmHFtLtn6OOgo4huWwKqoRQtfsuM3YJEP3VL91jq+dOkSny6gbKKS3I2M6w8RA6JZAGlDM+DoZ5\/JtT0hGBP9NJz\/BnKXzEAnKoRtDp2SpOX22rGPXU4J+6bGAQ8B0EuKVTeXFuNS9BuQMCaXMmjEEzjNUbT9CVyeav3qQAEx8NAjG0F1m4oFQJ9o\/IT3j4Ye\/frAA+vWemxAe4MiBPrUnT8NhjkTOT6kqaFOjoCcuZOg\/sujqLn+7SLaBUAZciWDbakog9KXd7KKU5itp+2XuCDhqZU5jpS1Fzufew669+kNYTFRfOSDBEBb\/zQt3tjzRqsa5BPI6PWT6GLPuIvzjjqMMehsk2HOJKg7\/SW2ics0VfOxdPKRWKVja00lGrLneenRolHToxOjiQ2CvEdXQ6Ne5K3FOtwBQhGfHPkrDBs1krcVSAA0BYIiwyAA72nHR0F72le01WZqgpqjhyF7+jiQWBCpPDWMi6ZD42WxhUFVqW3n9kVytqkRKt7axX65JhW9MVR1StbnoaWns1MEeqeDfNthzDHCL1evYjtANiAcNSEwIhSmTp8GV66IdHVHoSSBaGus+tAHYJg0jKcG2YgsFEjuirnQ+M8fuI4zVGV\/fJZPpJHa6HBpodNFtDPZpHdK+nUinn\/hBc5o0qGjkKhw6BMaDL\/9\/Q7O93YGlEEiG1D94V7Q06GooQnsP2SF9wQjTo36S45NLRWl5mtPHQfD7LvQqgaBFl+QBseCcd4UnkPYEquON6elI9j\/\/vvQLyQYQtH49Q0Ngu69e8KJr8SPLm4EpNbKTh8d+yz\/4062B5Tnpp06TRxGm0\/9Cm1YIbSYHVsKKoUxClKqD7yHDkYGzh20qrTODowE48J7oDnrMtchuM8hf6G8k2PMgVVr17AW0GfewgWQm+c4u9sekD2iIVfIabGY+ci2Fr1GsmHEvBQfAgWProFmg9BoqupiA+RvtpL8EF3MagxXtWPTOIyVRg8C9QA0hCvmQaPmJ1G5AwJoCx0SqhABf6oOvMPHjzVJEaAfgd\/oNeatuReapH9yXYK3Hhx+AD7l0ZWrWTF6K38rk0+maNLQAcKoTtM\/AArWLufsDdVqT75CYVCtVsMG9AdogzE4IhwWL\/0FXLp8GcxeDp17BdEpe6c0aNe+OMIHH+lHNjpUdSkxFIz3zYP6H5227lqh06snSGunQjAFHTSf9LisUFxPQQ\/tquatWgLWqlJRBz8+llkXHDh4EJIGpUBP+s3LAPQC0RAGoB3o1qdXq14ggehRjgTS9bUzJ9DA4VKHkSdFirTxmbd8LtR\/9zUSpAioFc5leBWAM5QTGhaMx0v\/sB0NpHCHyUmi7YD8h1aCuayE67SFv1I8MCwD\/iOgp\/2oAR0\/7dG3Nxw9dkyu1Tqunfwc7dQQPldJ3h+t9dnzJkPdyeNIrPj5hjJ4\/qBNAShQ1N1SUsSZGikVJT88EZ0mdEExOCl58jGwFBVwHW8EKGXZOTmw45nfw8JFC2HOvLmwZfuTUFXt+dsDAYpAxQDUnT0NxtkT0CMN5EMglG3Kno7+\/xefcr2Owm8BEAPiI+6tFeX8Az\/6yRI7Tmh5\/4XLaNHmR8BSLNxldxvh18hgHVqZqCZ9Gn+6jIyOEYEPMk6Cz7lnFNT8+QOuTmC65Ov2wm8B2IE9iTSY6NJaWwP5G1aBhGExpbk1GCpLdyZB6XPb0ZDKIar9n29Qc84Col0349LpnCQl11yDMYmEhrhq725cx83Cv5en542g\/QJwApFLARR9mwryoBAFQVuIdFiKVg4yThWv\/g\/YrjuSJL6gsN748xXIe2Aph9uUJZbQ1tAOcfX+N+1ZIH8Mrr+4IQHYIYaPL5t0Wshf\/QtcKUhl0TqjIGgnsfLtXfZskTLS9K1EoM2o6gVrlmFEF8yZZIpCSaMq92TaT52J95RP56BzBIAg4pS5S2hEzytv6SxQU3CF1pqmiGFiOjpZOJLXxdQgUF6xYP1yfB4DdESPzgSQTSl7foe9LWq781h2RacJQAERakXrp2hpE87lvMXT+PevdPKSPDTjwqlQ+9F7UEqn8yj0pmAFmaYfvpS9+AzYcI5TO94OuHU2Ol0ALkAulJFruPgd5CyeLjbXxwwCCZnWjhzIH3VCKPoY2\/i3NARlitwK3FwBMMTyqYCOvOcsuBs00QG8pBX\/dhOYahXGby3zhFsgAAG2ETJzdPSm9thh\/jFRi\/zjW39PtXQ2bpkA\/n8C4N87AXB7lidMUgAAAABJRU5ErkJggg==\" \/><strong>GHS07 <\/strong><img decoding=\"async\" alt=\"\" src=\"data:image\/png;base64,iVBORw0KGgoAAAANSUhEUgAAADsAAAA9CAYAAAFkeyE4AAAAAXNSR0IArs4c6QAAAARnQU1BAACxjwv8YQUAAAAJcEhZcwAAFxEAABcRAcom8z8AAA1bSURBVFhH3ZkJdFRFFoYDqBxcBtAzOjpHx3WOIgFFWYKgCaAYQFEHBUVHEXAFBceoOKIj4kISwr4kKmhwCAoMeyRADIuExUHZEXQQRMAMJL2kl6Q76Tv3v6+q08vrTncW5sx853S\/9+pV1a1b71bVrVsJVAtBGco6t6WqH75XTwb+DJYubcnpdMq9Z91quQLJYLntJnlo07YtnT59Wu5dOTPkGiQiISGBirdsoYWLFsmzfcjA4AzNW7SgC1q1oqZnn03WfimS5s\/gq3CrOxZ5+y3qLkRE9ckTZElqp54MgjJ49+1WdwY11duscrV0bS9XYLysrqJDhw\/LLbD0SpKrv+Tdqam0Mj9fPRHZHuxLCZZuN6vHYJzp442Slq7tKLVPH2rZujWde8EFVLEoTzL4q0WfA++Ob+QK\/C+B5fYO6s4g6GUg0indO3DHJKqUcMIK+9xufxM03h3bg7peE9wsVgy8PW4cHT9+nJ4cOlSeNVBUf1wghc26K6FJE6qqqpJ7bVcadGOQ+WgjBKc4c9fu3WnxkiXkcDjorHPOIavV+LwwTHwgEKwzf2YLjwEzYPL6s2vCOgzAiDCQAAZToDEFYlpYE2qioTROYRgHjATGEgnTwtCx6pAxcUB3PZBCCSsMSwo0boBWwPJCCSqMT+EpLCB3RQVVV1erVANLF7Zx\/pSB+AvD7GB+TpeLMrOy6JPcXPWmBm2+GikMi9FTGizqq\/Xr6cZ27eihQYMkLZBAS0yAjcJWQ2nevLm6I1pdUKDuDPRYiFj4jzfcINdK1v\/AgQNyr\/EXxl9gs8Fjjz9O2Tk5VMAS0159lZo0a6behDRbXf0dlrdgAbXv0IFaXXihTFbnt2xJzc89l\/Z+DxuPMt3Kpypaq56CkXk60qfSWO64VaadQDAtBa4GmrDCIMw87Ta5D8W0MEAz0avVJ+IcGJp6jedIVB\/9SdTBD\/d1IS7B1f8uMbqCO7\/656Pyw3yJNLyLh5gE+8rt0u8Q4t0b3oVIkwZwHuSNhaiCfV4vWVI6iYbezRtUamQ8X2+Q6QZlfB6PSjUnomDrXd1kBFWuXKpSiLrx2nXy5EnKyMwkn88XNkFoUAYTprV3d5USTphgW\/87ZUy4581RKQaO8nIZ1u+9\/z4tX7GCSn79VdL\/Pn++XM1AHagLdYbiF2wbfL9MLq5pE1VKDaWlpfTtzp0iGE5fM16pW110EZ2IMtYCQZ2oGzI0CY6\/jZG1xTbwHpUUDlxQTGr\/YBcBfsYll11GS5cvpy8WLqTFixfT62+8QSUlJTQrO1tmzEhABmRBZkwaa7BuwR+G8AkZGeJdf8c9ofnk00\/VXTCmGqurn0jfWGOz2WjAwIH0O9Z6c3GxTOXoenyCP1x9Nb02ZozKGeM3DgUWGWrVseJZtVwmFWvvbiolnIiCgYzjZGMce2IYx5WbimQYWZI7StloRBWs8c9cmEj27FKpNTT4zBVK2Fx9DHP1jfJJGmWuDuWMr06BOF5\/Sd3FT52Elo8YLq4zrnUhbqGOl0eKQLhnMCJH2kj1JnbiEuoY+woLvJk1NPZy5SOHseCbJD0eYhbqGP+maGYf\/qhKMbA\/9ZihMb+PlZiEOjPfFY3sjz+kUoKx\/\/lBeY98sVCrUNf0LGMif7i\/SjHHNqi\/CHbNyFIpkYkq1D03x5hXB6SqlOjY\/pRqLCJzZqsUcyIKdS\/IlRnHdm8veZ7P663ehvvk3xzrPT2loSgfCVOhFUsXikNm7ZusUojWFRZS71RDY7gyGRMjr8nW1GSZMlGPGWFCK1evMLr0zq6skqETPAdEK27p1EmesU08duyY3JvC5VAe9aC+UIKEetavEw0tPboQqdCI5uW0NPEmQEovo8st3N3wJE3h8paeXaQ+1BuIX6hny9eGQN6G+SorVarBrNmz6d333pPt6ILPP6c+fftSzkcf0RNDhqgc5qAe1CeCuX6NCEVAAN8A0xuZBAJOnTpFw55+2u874Tp9Rs0WNyoIaSEOhnVZBR4SvPv3GgKxGEfYG2o+njOHmvKeeexbb6mUGrZt20b7QzbjGtSL+kUwy0so69iGynhsVf14SGUJ5ujPP9PnX3wh7uiQoUNFy6nTponLirTczz6T9+XstMOqV61apUoGg\/ohB\/Li0jRr0iQReuhQTQMhWDOb\/WIdEA4kTFMk1vZNNX9hC25y1ll0fZs2YrWYMDS7d++mQz\/8oJ4CMPum8s9Es17wLu91Xhw9WnxeTBQz2aK9PCzy8\/OpU1KS9MBTzzyjchtEtV5NtHGqWbFyJZ3TogU9+\/zzNHPWLBEGJxy\/pNtukziTgHHK9UDDiONUEzojWSwWemHUKOrM2rTmjRWizb\/hHwI5Lc4\/X6LtCOjgHr\/Lr7xS6ol5RtLI3AvBAXNvPFj7YO5NjH3u1YSuMrEiqwyWt\/nmGy0QUSjQ66ltQB+VEp2a9TRbpZgTVSiAJyCew6B7VYo58CxkGzpzkkqJTK1CgTPrA6kQvpAZ8J3ER5r4vkqJTkxCgd8bZO8vEHiHaFCDe4Maxxtpht\/L\/i4oH8mePjfEMTZNnmMlLqFAPHwWZO3XwxD4ygvqTezELRSc8b2M5ozv2upK1eEfyf7sECrr1EaueD6TnBFlETEoH\/2ssYhheeVRZiyziZKO92eCRlUWoRDHa6N4FmcleZCVsXLYSnu2buYBOIKfDWcJSiNfvKGTeGkUZX1lpRKdxNJjKNOWzfYJNttgZ0rM+rkn5b3k4\/woh\/KNQYMq67PZyPnB24aZ4teZlXzyYao6sE\/lMKfq4H7JJ8ExKM1lUQ\/qa0gaRFmci7qmZPgbii9le\/QBqtq5Q+WIDeS3DX7ACEGiHq7PNTmdfC6XylE\/6qWsr6KC3NnTJahuKJlItof6kXf7FpWjbni2FctxqJg36mUXHnIgrz7UTdnqaiOu3qOzMS7xJe+7iyrXF5KXvfZqFUuoL56NRVxvb+lEkZPSidy5H4v8uhCfsqyEe1GesZWAcOwO+qVQZUG+ykASKBn10kuyr508ZQodPHhQ0nHipU9DkCdwG1oblQWrDLeJ5WFjAPnuhXnSnniIWVkcclj73GH0sjqOC9zGeLxe+tfhw+qJ6J7+\/SmpWzdyqvE2dfp0msj7bRz5IJ5Srjd+cVCxdJFx6IKlDG3g9sRz+FKrspVrv+Qtk+7V9mTtlUTuvHk8m4Sb0t59+2jQI4\/QvffdRw8PHiyHawVr1sg7BBGw+Vy2bJk8a9AZZgGFiLBcyEc7\/NbF7UM7ayOisp5NPF4euNvoRVR6R0dy8XattlMhN8\/MOKjNzMqiZs2a0f0DBsgBH4KNXbvzV+FdOHCxkuPGj6c5c+fK+3hBO1xzs6VdhtI8OXJ70e5IhCnr\/WYrWXFsGTATumZO4ZkwcmQGrFm7Vr7qby++WGIV11x3HV1y6aUSQrjq2mvlELF9hw70+yuukPc3JiZKUKy+oF1onwRd1LKH9kOPUPzKend9R7bHHjTGJG9JUdCVNYF8zvjHlpd7Pf\/LLym5Rw8JOSJAg2uL886jabGGHuME7UR7RWG0H8sg6wO9NAnefXvIPuxROWUT5zy5IzknvBPzmSLweDxkt9vlSLiMzRRRJ5jppMmT\/fHVK666irZt306VlZWS115ebvz4HmMWE1ZxcTHNz8ujovXrKT0jQ0wcY35nwJl2baDdzvTxogf0gV7QD3qGK8tjwJken7IYc2gwGo7QKZRFB2RkZoqiWtkdO3b4OwaKIq+VOwjLFMKuFcppQJ7iLVtoK5s5wnl79uyR9FgwlH3HGMuhyqo8DWrGmgn8dbSyl11+OW3mLxfIsV9+oU9yc6m0NNzxR1Q2d948Ono0tu1fTGasrn7qOkFp8JV385cY+eKLdF7LloayTZtSS152rrv+ekru2ZPGvvkm5Xz4Ia1ZFxxQPcKK4VwjsV07GjJsGJWU1L7lq9MEFUpdlx6YIhqpTfLwTz\/Rxk2bZA0eOnw4TUhPpxMnTsg7jN\/nRoygVq1b+y0AHdOEl6xbO3akbO6Q48ePmy5NsvRwe+q19IQSj1OBSenIkSO0a9cuWVamTJ1Kt6ekSAhdFFGTFX6tEOnmr60VTGAFg34q3y2s9IyZM8lqNdbnRnEqQvG7i\/KlWUCAu1jOSmIywVoLHxjXtWyiXxUV0YaNG2nDhg1UxPeFhYXyQzryYKbVv\/zVq2llfr6Ux7KFiWnZ8uW0ZOlSWs112R1O8qxYYriLXbkN3I4GdxeDwEaAHfDQjYAnYCPQGKB+\/0YAMht7IxAEjyFstWSLh9mbp3ds8Ty8xWtIarZ4PFlCUZaHrWWkU6faqJuyCtm858wI3rzzptuzteacrC4Eb97ZgthBcOfw5j3KYWIs1EtZjYRlpmbyIq7DMqx0HcIy3m\/\/KeX8yx7CMlMy6q2kpkGU1fjg+iHghvGMxsJ7QcDt4H6VwxwE5IyAGyuJOBaOiz4YRz6bVeVoGBpUWY2EUsf9VWZtaTx\/KSOUGnwCUBNKhdfG+XhcSii19LTK0bA0irIa0yD5yyOMIHnaSCpDuvJ6HGNG\/28GyUPxH39oM1XjEc\/\/N8cfofx3D7aI\/gP55nU0dczHNQAAAABJRU5ErkJggg==\" \/><strong>GHS09 Atsargiai<\/strong><\/p>\n<p><strong>H315<\/strong> Dirgina od\u0105<\/p>\n<p><strong>H317<\/strong> Gali sukelti alergin\u0119 odos reakcij\u0105.<\/p>\n<p><strong>H411<\/strong> Toksi&scaron;ka vandens organizmams, sukelia ilgalaikius pakitimus.<\/p>\n<p>P102 Laikyti vaikams neprieinamoje vietoje.<\/p>\n<p>P261 Stengtis ne\u012fkv\u0117pti gar\u0173.<\/p>\n<p>P264 Po naudojimo kruop&scaron;\u010diai nuplaukite rankas<\/p>\n<p>P273 Saugoti, kad nepatekt\u0173 \u012f aplink\u0105.<\/p>\n<p>P280 M\u016bv\u0117ti apsaugines pir&scaron;tines\/naudoti aki\u0173 (veido) apsaugos priemones.<\/p>\n<p>P391 Surinkti i&scaron;tek\u0117jusi\u0105 med\u017eiag\u0105.<\/p>\n<p>P302+P352 PATEKUS ANT ODOS: Nuplauti dideliu kiekiu muilo ir vandens.<\/p>\n<p>P333+P313 Jeigu sudirginama oda arba j\u0105 i&scaron;beria: kreiptis \u012f gydytoj\u0105.<\/p>\n<p>P321 Specialus gydymas (nuplaukite kontakto vietas muilu ir vandeniu).<\/p>\n<p>P501 Turin\u012f\/talpykl\u0105 i&scaron;pilti (i&scaron;mesti) &#8211; sunaudot\u0105&nbsp; pakuot\u0117 utilizuoti&nbsp; kaip buitines atliekas.<\/p>\n<p><\/body><br \/>\n<\/html><\/p>\n","protected":false},"excerpt":{"rendered":"<p>100% pipirm\u0117\u010di\u0173 eterinis aliejus. Aromatas: aitrus, aitrus, m\u0117tinis. Naudojimo instrukcijos: Kosmetikos praturtinimas: (kremas, kauk\u0117, balzamas, losjonas, &scaron;amp\u016bnas): 2-4 la&scaron;ai aliejaus 10 g praturtinto produkto; Masa\u017eas, trynimas: 1-4 la&scaron;ai 10 ml bazinio aliejaus. Vonios: 5-10 la&scaron;\u0173 vienai voniai, i&scaron; anksto i&scaron;tirpinti 1-2 valg. &scaron;auk&scaron;tai j\u016bros druskos. Vonia, sauna: \u012f kar&scaron;\u010diui atspar\u0173 ind\u0105 \u012fla&scaron;inkite 1-2 &scaron;auk&scaron;tus j\u016bros [&#8230;]\n","protected":false},"featured_media":53076,"template":"","meta":[],"product_cat":[1621],"product_tag":[],"class_list":{"0":"post-53074","1":"product","2":"type-product","3":"status-publish","4":"has-post-thumbnail","6":"product_brand-medical-fort_by-lt","7":"product_cat-aliejai","9":"first","10":"instock","11":"taxable","12":"shipping-taxable","13":"product-type-simple"},"_links":{"self":[{"href":"https:\/\/e.kosmolat.eu\/lt\/wp-json\/wp\/v2\/product\/53074","targetHints":{"allow":["GET"]}}],"collection":[{"href":"https:\/\/e.kosmolat.eu\/lt\/wp-json\/wp\/v2\/product"}],"about":[{"href":"https:\/\/e.kosmolat.eu\/lt\/wp-json\/wp\/v2\/types\/product"}],"wp:featuredmedia":[{"embeddable":true,"href":"https:\/\/e.kosmolat.eu\/lt\/wp-json\/wp\/v2\/media\/53076"}],"wp:attachment":[{"href":"https:\/\/e.kosmolat.eu\/lt\/wp-json\/wp\/v2\/media?parent=53074"}],"wp:term":[{"taxonomy":"product_cat","embeddable":true,"href":"https:\/\/e.kosmolat.eu\/lt\/wp-json\/wp\/v2\/product_cat?post=53074"},{"taxonomy":"product_tag","embeddable":true,"href":"https:\/\/e.kosmolat.eu\/lt\/wp-json\/wp\/v2\/product_tag?post=53074"}],"curies":[{"name":"wp","href":"https:\/\/api.w.org\/{rel}","templated":true}]}}