{"id":53028,"date":"2024-06-18T04:21:35","date_gmt":"2024-06-18T04:21:35","guid":{"rendered":"https:\/\/e.kosmolat.eu\/product\/ekel-pearl-auduma-sejas-maska-ar-perlu-ekstraktu-25-ml\/"},"modified":"2025-05-19T05:38:29","modified_gmt":"2025-05-19T05:38:29","slug":"i_ekel-pearl-auduma-sejas-maska-ar-perlu-ekstraktu-25-ml","status":"publish","type":"product","link":"https:\/\/e.kosmolat.eu\/lt\/produktas\/i_ekel-pearl-auduma-sejas-maska-ar-perlu-ekstraktu-25-ml\/","title":{"rendered":"I_EKEL PEARL Ultra Hydrating Essence Mask Lak\u0161tin\u0117 veido kauk\u0117 su perl\u0173 ekstraktu, 25 ml"},"content":{"rendered":"<p>Lak\u0161tin\u0117 veido kauk\u0117 idealiai tinka bet kokio tipo odai. Perl\u0173 ekstraktas padeda i\u0161lyginti veido spalv\u0105 ir pa\u0161viesinti am\u017eiaus d\u0117mes bei strazdanas. Vitaminai ir aminor\u016bg\u0161tys, kuri\u0173 perl\u0173 ekstrakte gausu, maitina od\u0105 ir prisotina j\u0105 naudingomis med\u017eiagomis, reikalingomis odos jaunystei ir spindesiui palaikyti. Kauk\u0117s naudojimas \u017eymiai sul\u0117tina sen\u0117jimo proces\u0105, ma\u017eina rauk\u0161les ir suteikia veidui gra\u017eios nat\u016bralios spalvos.<\/p>\n<p>\u0160velnus ir mink\u0161tas kauk\u0117s pagrindas \u0161velniai guli ant odos ir lengvai \u012fsigeria. Reguliariai naudojant kauk\u0119 oda tampa \u0161velni, lygi, \u0161vari ir gerai pri\u017ei\u016br\u0117ta.<\/p>\n<p>Naudojimas: U\u017ed\u0117kite kauk\u0119 ant anks\u010diau nuvalytos veido odos. Palikite 20-30 minu\u010di\u0173, tada nuimkite kauk\u0119, o likusi\u0105 priemon\u0119 ant veido tolygiai paskirstykite per veido ir kaklo od\u0105 masa\u017eo judesiais, kol visi\u0161kai \u012fsigers. Vasar\u0105, norint suteikti gaiv\u0173 efekt\u0105, kauk\u0119 rekomenduojama atv\u0117sinti \u0161aldytuve (nei\u0161imant pakuot\u0117s). \u017diem\u0105 kauk\u0119 rekomenduojama pa\u0161ildyti kar\u0161tame vandenyje iki 50-60 laipsni\u0173 (nei\u0161imant pakuot\u0117s).<\/p>\n<p>Tik i\u0161oriniam naudojimui. Vengti patekimo \u012f akis.<\/p>\n<p>Laikyti nuo +5 \u00b0C iki +25 \u00b0C temperat\u016broje, vaikams nepasiekiamoje vietoje.<\/p>\n<p>Jei atsiranda dirginimas, nedelsiant nutraukite naudojim\u0105.<\/p>\n","protected":false},"excerpt":{"rendered":"<p>Lak\u0161tin\u0117 veido kauk\u0117 idealiai tinka bet kokio tipo odai. Perl\u0173 ekstraktas padeda i\u0161lyginti veido spalv\u0105 ir pa\u0161viesinti am\u017eiaus d\u0117mes bei strazdanas. Vitaminai ir aminor\u016bg\u0161tys, kuri\u0173 perl\u0173 ekstrakte gausu, maitina od\u0105 ir prisotina j\u0105 naudingomis med\u017eiagomis, reikalingomis odos jaunystei ir spindesiui palaikyti. Kauk\u0117s naudojimas \u017eymiai sul\u0117tina sen\u0117jimo proces\u0105, ma\u017eina rauk\u0161les ir suteikia veidui gra\u017eios nat\u016bralios spalvos. [&#8230;]\n","protected":false},"featured_media":53030,"template":"","meta":[],"product_cat":[1369],"product_tag":[],"class_list":{"0":"post-53028","1":"product","2":"type-product","3":"status-publish","4":"has-post-thumbnail","6":"product_brand-medical-fort_by-lt","7":"product_cat-veido-kaukes","9":"first","10":"outofstock","11":"taxable","12":"shipping-taxable","13":"product-type-simple"},"_links":{"self":[{"href":"https:\/\/e.kosmolat.eu\/lt\/wp-json\/wp\/v2\/product\/53028","targetHints":{"allow":["GET"]}}],"collection":[{"href":"https:\/\/e.kosmolat.eu\/lt\/wp-json\/wp\/v2\/product"}],"about":[{"href":"https:\/\/e.kosmolat.eu\/lt\/wp-json\/wp\/v2\/types\/product"}],"wp:featuredmedia":[{"embeddable":true,"href":"https:\/\/e.kosmolat.eu\/lt\/wp-json\/wp\/v2\/media\/53030"}],"wp:attachment":[{"href":"https:\/\/e.kosmolat.eu\/lt\/wp-json\/wp\/v2\/media?parent=53028"}],"wp:term":[{"taxonomy":"product_cat","embeddable":true,"href":"https:\/\/e.kosmolat.eu\/lt\/wp-json\/wp\/v2\/product_cat?post=53028"},{"taxonomy":"product_tag","embeddable":true,"href":"https:\/\/e.kosmolat.eu\/lt\/wp-json\/wp\/v2\/product_tag?post=53028"}],"curies":[{"name":"wp","href":"https:\/\/api.w.org\/{rel}","templated":true}]}}