{"id":52908,"date":"2024-06-18T04:03:57","date_gmt":"2024-06-18T04:03:57","guid":{"rendered":"https:\/\/e.kosmolat.eu\/product\/mf-dabiga-basma-matu-krasos-un-stiprin-lidzeklis-100-g\/"},"modified":"2025-08-25T05:42:28","modified_gmt":"2025-08-25T05:42:28","slug":"mf-dabiga-basma-matu-krasos-un-stiprin-lidzeklis-100-g","status":"publish","type":"product","link":"https:\/\/e.kosmolat.eu\/lt\/produktas\/mf-dabiga-basma-matu-krasos-un-stiprin-lidzeklis-100-g\/","title":{"rendered":"MEDICALFORT Natural Basma Plauk\u0173 da\u017eymui ir stiprinimui, 100 g"},"content":{"rendered":"<p>Basma yra seniausias nat\u016bralus plauk\u0173 da\u017eymo produktas. Basma yra pilk\u0161vai \u017ealsvi milteliai, gaunami i\u0161 susmulkint\u0173 indigo lap\u0173. Basma:<\/p>\n<p>&#8211; suteikia intensyvi\u0105 ry\u0161ki\u0105 spalv\u0105 ilgam laikui;<br \/>\n&#8211; suteikia plaukams elastingumo ir apimties;<br \/>\n&#8211; ma\u017eina galvos odos riebum\u0105;<br \/>\n&#8211; apsaugo nuo pleiskan\u0173 atsiradimo;<br \/>\n&#8211; stiprina plauk\u0173 \u0161aknis ir plauko strukt\u016br\u0105 per vis\u0105 ilg\u012f;<br \/>\n&#8211; skatina plauk\u0173 augim\u0105;<br \/>\n&#8211; maitina plaukus;<br \/>\n&#8211; atkuria plaukus po ilgalaikio ir da\u017eymo;<br \/>\n&#8211; apsaugo plaukus nuo mechaninio ir atmosferinio poveikio.<\/p>\n<p>Kai naudojamas vienas, jis suteikia plaukams smaragdo m\u0117lyn\u0105 spalv\u0105. Ta\u010diau da\u017eniausiai jis naudojamas kartu su chna da\u017eant tamsias spalvas, net juodas. Nerekomenduojama da\u017eyti \u0161viesi\u0173 plauk\u0173 su basma be chna.<\/p>\n<p>Naudojimo instrukcija: da\u017eyti plaukus tamsiomis spalvomis, sumai\u0161yti chna ir basma. Atskirai pasirinkite chnos ir basmos santyk\u012f. Sumai\u0161ykite chn\u0105 su basma tam tikru santykiu, praskieskite 70\u201380 \u00b0 C vandeniu arba specialia priemone, mai\u0161ykite stikliniame inde, kol gausite vienalyt\u0119 puri\u0105 mas\u0119. Palikite atv\u0117sti 10-20 minu\u010di\u0173 (ne \u017eemesn\u0117je kaip 40 \u00b0C). U\u017etepkite mi\u0161in\u012f ant plauk\u0173 padalindami juos \u012f sruogas, galiausiai masa\u017euokite ir \u0161ukuokite plaukus per vis\u0105 ilg\u012f. U\u017ed\u0117kite polietilenin\u0119 kepur\u0117l\u0119. Po da\u017eymo nuplaukite \u0161iltu vandeniu (be \u0161amp\u016bno).<\/p>\n<p>Gauti atspalviai\t                  Proporcijos\t            Laikas<br \/>\nRudi plaukai (ka\u0161toniniai)\tHenna-basma\/ 1:2\t30 min<br \/>\nBrunet\u0117 (maksimaliai tamsi)\tHenna-basma\/ 1:3\t60 min<\/p>\n<p>Kuo daugiau basmos prid\u0117site \u012f mi\u0161in\u012f, tuo tamsesnis bus j\u016bs\u0173 plauk\u0173 atspalvis. Pirmiausia galite da\u017eyti vien\u0105 plauk\u0173 sruog\u0105, kad nustatytum\u0117te ekspozicijos laik\u0105.<\/p>\n<p>Laikyti nuo +5 \u00b0C iki +25 \u00b0C temperat\u016broje, vaikams nepasiekiamoje vietoje.<\/p>\n<p>Geriusias 36 m\u0117n nuo pagaminimo datos.<\/p>\n","protected":false},"excerpt":{"rendered":"<p>Basma yra seniausias nat\u016bralus plauk\u0173 da\u017eymo produktas. Basma yra pilk\u0161vai \u017ealsvi milteliai, gaunami i\u0161 susmulkint\u0173 indigo lap\u0173. Basma: &#8211; suteikia intensyvi\u0105 ry\u0161ki\u0105 spalv\u0105 ilgam laikui; &#8211; suteikia plaukams elastingumo ir apimties; &#8211; ma\u017eina galvos odos riebum\u0105; &#8211; apsaugo nuo pleiskan\u0173 atsiradimo; &#8211; stiprina plauk\u0173 \u0161aknis ir plauko strukt\u016br\u0105 per vis\u0105 ilg\u012f; &#8211; skatina plauk\u0173 augim\u0105; [&#8230;]\n","protected":false},"featured_media":52910,"template":"","meta":[],"product_cat":[1660],"product_tag":[],"class_list":{"0":"post-52908","1":"product","2":"type-product","3":"status-publish","4":"has-post-thumbnail","6":"product_brand-medical-fort_by-lt","7":"product_cat-chna-ir-basma","9":"first","10":"outofstock","11":"taxable","12":"shipping-taxable","13":"product-type-simple"},"_links":{"self":[{"href":"https:\/\/e.kosmolat.eu\/lt\/wp-json\/wp\/v2\/product\/52908","targetHints":{"allow":["GET"]}}],"collection":[{"href":"https:\/\/e.kosmolat.eu\/lt\/wp-json\/wp\/v2\/product"}],"about":[{"href":"https:\/\/e.kosmolat.eu\/lt\/wp-json\/wp\/v2\/types\/product"}],"wp:featuredmedia":[{"embeddable":true,"href":"https:\/\/e.kosmolat.eu\/lt\/wp-json\/wp\/v2\/media\/52910"}],"wp:attachment":[{"href":"https:\/\/e.kosmolat.eu\/lt\/wp-json\/wp\/v2\/media?parent=52908"}],"wp:term":[{"taxonomy":"product_cat","embeddable":true,"href":"https:\/\/e.kosmolat.eu\/lt\/wp-json\/wp\/v2\/product_cat?post=52908"},{"taxonomy":"product_tag","embeddable":true,"href":"https:\/\/e.kosmolat.eu\/lt\/wp-json\/wp\/v2\/product_tag?post=52908"}],"curies":[{"name":"wp","href":"https:\/\/api.w.org\/{rel}","templated":true}]}}