{"id":52888,"date":"2024-06-15T04:00:38","date_gmt":"2024-06-15T04:00:38","guid":{"rendered":"https:\/\/e.kosmolat.eu\/product\/shik-bernu-tual-kremziepes-ar-alvejas-ekstr-90-g\/"},"modified":"2025-10-28T14:44:09","modified_gmt":"2025-10-28T14:44:09","slug":"shik-bernu-tual-kremziepes-ar-alvejas-ekstr-90-g","status":"publish","type":"product","link":"https:\/\/e.kosmolat.eu\/lt\/produktas\/shik-bernu-tual-kremziepes-ar-alvejas-ekstr-90-g\/","title":{"rendered":"SHIK Vaik\u0173 tualetinis muilas su al\u0105viju ekstraktu, 90 g"},"content":{"rendered":"<p>I\u0161 nat\u016brali\u0173 palmi\u0173 ir kokoso aliej\u0173.<\/p>\n","protected":false},"excerpt":{"rendered":"<p>I\u0161 nat\u016brali\u0173 palmi\u0173 ir kokoso aliej\u0173.<\/p>\n","protected":false},"featured_media":78834,"template":"","meta":[],"product_cat":[1799],"product_tag":[],"class_list":{"0":"post-52888","1":"product","2":"type-product","3":"status-publish","4":"has-post-thumbnail","6":"product_brand-slobozanskij-milovar_ua-lt","7":"product_cat-duso-geliai-muilas-vonios-putos","9":"first","10":"instock","11":"taxable","12":"shipping-taxable","13":"product-type-simple"},"_links":{"self":[{"href":"https:\/\/e.kosmolat.eu\/lt\/wp-json\/wp\/v2\/product\/52888","targetHints":{"allow":["GET"]}}],"collection":[{"href":"https:\/\/e.kosmolat.eu\/lt\/wp-json\/wp\/v2\/product"}],"about":[{"href":"https:\/\/e.kosmolat.eu\/lt\/wp-json\/wp\/v2\/types\/product"}],"wp:featuredmedia":[{"embeddable":true,"href":"https:\/\/e.kosmolat.eu\/lt\/wp-json\/wp\/v2\/media\/78834"}],"wp:attachment":[{"href":"https:\/\/e.kosmolat.eu\/lt\/wp-json\/wp\/v2\/media?parent=52888"}],"wp:term":[{"taxonomy":"product_cat","embeddable":true,"href":"https:\/\/e.kosmolat.eu\/lt\/wp-json\/wp\/v2\/product_cat?post=52888"},{"taxonomy":"product_tag","embeddable":true,"href":"https:\/\/e.kosmolat.eu\/lt\/wp-json\/wp\/v2\/product_tag?post=52888"}],"curies":[{"name":"wp","href":"https:\/\/api.w.org\/{rel}","templated":true}]}}