{"id":52857,"date":"2024-06-13T11:06:26","date_gmt":"2024-06-13T11:06:26","guid":{"rendered":"https:\/\/e.kosmolat.eu\/?post_type=product&#038;p=52857"},"modified":"2026-04-23T12:01:55","modified_gmt":"2026-04-23T12:01:55","slug":"ti-amo-crema-cietas-kosmet-kremziep-ar-perlu-ekstraktu-125-g","status":"publish","type":"product","link":"https:\/\/e.kosmolat.eu\/lt\/produktas\/ti-amo-crema-cietas-kosmet-kremziep-ar-perlu-ekstraktu-125-g\/","title":{"rendered":"TI AMO CREMA Kosmetinis muilas-kremas Perl\u0173 ekstraktas, 125 g"},"content":{"rendered":"<p>Muilas higienos reikm\u0117ms. <\/p>\n<p>\u012esp\u0117jimas: tik i\u0161oriniam naudojimui.<\/p>\n<p>Geriausias: 3 metai nuo pagaminimo datos.<\/p>\n<p>Laikyti sausose, u\u017edarose, gerai v\u0117dinamose patalpose ne \u017eemesn\u0117je kaip -5 \u00b0C temperat\u016broje ir ne auk\u0161tesn\u0117je kaip 75% santykin\u0117je oro dr\u0117gm\u0117je.<\/p>\n","protected":false},"excerpt":{"rendered":"<p>Muilas higienos reikm\u0117ms. \u012esp\u0117jimas: tik i\u0161oriniam naudojimui. Geriausias: 3 metai nuo pagaminimo datos. Laikyti sausose, u\u017edarose, gerai v\u0117dinamose patalpose ne \u017eemesn\u0117je kaip -5 \u00b0C temperat\u016broje ir ne auk\u0161tesn\u0117je kaip 75% santykin\u0117je oro dr\u0117gm\u0117je.<\/p>\n","protected":false},"featured_media":78119,"template":"","meta":[],"product_cat":[1751],"product_tag":[],"class_list":{"0":"post-52857","1":"product","2":"type-product","3":"status-publish","4":"has-post-thumbnail","6":"product_brand-fmt-ua-lt","7":"product_cat-kosmetinis-muilas","9":"first","10":"instock","11":"taxable","12":"shipping-taxable","13":"product-type-simple"},"_links":{"self":[{"href":"https:\/\/e.kosmolat.eu\/lt\/wp-json\/wp\/v2\/product\/52857","targetHints":{"allow":["GET"]}}],"collection":[{"href":"https:\/\/e.kosmolat.eu\/lt\/wp-json\/wp\/v2\/product"}],"about":[{"href":"https:\/\/e.kosmolat.eu\/lt\/wp-json\/wp\/v2\/types\/product"}],"wp:featuredmedia":[{"embeddable":true,"href":"https:\/\/e.kosmolat.eu\/lt\/wp-json\/wp\/v2\/media\/78119"}],"wp:attachment":[{"href":"https:\/\/e.kosmolat.eu\/lt\/wp-json\/wp\/v2\/media?parent=52857"}],"wp:term":[{"taxonomy":"product_cat","embeddable":true,"href":"https:\/\/e.kosmolat.eu\/lt\/wp-json\/wp\/v2\/product_cat?post=52857"},{"taxonomy":"product_tag","embeddable":true,"href":"https:\/\/e.kosmolat.eu\/lt\/wp-json\/wp\/v2\/product_tag?post=52857"}],"curies":[{"name":"wp","href":"https:\/\/api.w.org\/{rel}","templated":true}]}}