{"id":52853,"date":"2024-06-13T10:51:53","date_gmt":"2024-06-13T10:51:53","guid":{"rendered":"https:\/\/e.kosmolat.eu\/?post_type=product&#038;p=52853"},"modified":"2026-04-22T06:40:51","modified_gmt":"2026-04-22T06:40:51","slug":"ti-amo-crema-pl-cietas-tualetes-ziepes-kosmet-ar-kolagenu-115-g","status":"publish","type":"product","link":"https:\/\/e.kosmolat.eu\/lt\/produktas\/ti-amo-crema-pl-cietas-tualetes-ziepes-kosmet-ar-kolagenu-115-g\/","title":{"rendered":"TI AMO CREMA Professional Line Tualetinis muilas, kosmetinis su kolagenu, 115 g"},"content":{"rendered":"<p>Muilas higienos reikm\u0117ms. <\/p>\n<p>\u012esp\u0117jimas: tik i\u0161oriniam naudojimui.<\/p>\n<p>Geriausias: 3 metai nuo pagaminimo datos.<\/p>\n<p>Laikyti sausose, u\u017edarose, gerai v\u0117dinamose patalpose ne \u017eemesn\u0117je kaip -5 \u00b0C temperat\u016broje ir ne auk\u0161tesn\u0117je kaip 75% santykin\u0117je oro dr\u0117gm\u0117je.<\/p>\n","protected":false},"excerpt":{"rendered":"<p>Muilas higienos reikm\u0117ms. \u012esp\u0117jimas: tik i\u0161oriniam naudojimui. Geriausias: 3 metai nuo pagaminimo datos. Laikyti sausose, u\u017edarose, gerai v\u0117dinamose patalpose ne \u017eemesn\u0117je kaip -5 \u00b0C temperat\u016broje ir ne auk\u0161tesn\u0117je kaip 75% santykin\u0117je oro dr\u0117gm\u0117je.<\/p>\n","protected":false},"featured_media":78379,"template":"","meta":[],"product_cat":[2181],"product_tag":[],"class_list":{"0":"post-52853","1":"product","2":"type-product","3":"status-publish","4":"has-post-thumbnail","6":"product_brand-fmt-ua-lt","7":"product_cat-bez-kategorijas-lt","9":"first","10":"instock","11":"taxable","12":"shipping-taxable","13":"product-type-simple"},"_links":{"self":[{"href":"https:\/\/e.kosmolat.eu\/lt\/wp-json\/wp\/v2\/product\/52853","targetHints":{"allow":["GET"]}}],"collection":[{"href":"https:\/\/e.kosmolat.eu\/lt\/wp-json\/wp\/v2\/product"}],"about":[{"href":"https:\/\/e.kosmolat.eu\/lt\/wp-json\/wp\/v2\/types\/product"}],"wp:featuredmedia":[{"embeddable":true,"href":"https:\/\/e.kosmolat.eu\/lt\/wp-json\/wp\/v2\/media\/78379"}],"wp:attachment":[{"href":"https:\/\/e.kosmolat.eu\/lt\/wp-json\/wp\/v2\/media?parent=52853"}],"wp:term":[{"taxonomy":"product_cat","embeddable":true,"href":"https:\/\/e.kosmolat.eu\/lt\/wp-json\/wp\/v2\/product_cat?post=52853"},{"taxonomy":"product_tag","embeddable":true,"href":"https:\/\/e.kosmolat.eu\/lt\/wp-json\/wp\/v2\/product_tag?post=52853"}],"curies":[{"name":"wp","href":"https:\/\/api.w.org\/{rel}","templated":true}]}}