{"id":52829,"date":"2024-06-12T04:13:59","date_gmt":"2024-06-12T04:13:59","guid":{"rendered":"https:\/\/e.kosmolat.eu\/product\/_dd-higieniska-lupu-krasa-mezroze-ar-hohobas-ellu-36-g\/"},"modified":"2026-04-24T05:33:07","modified_gmt":"2026-04-24T05:33:07","slug":"i_dd-higieniska-lupu-krasa-mezroze-ar-hohobas-ellu-36-g","status":"publish","type":"product","link":"https:\/\/e.kosmolat.eu\/lt\/produktas\/i_dd-higieniska-lupu-krasa-mezroze-ar-hohobas-ellu-36-g\/","title":{"rendered":"THE DOCTOR HEALTH &#038; CARE Higieninis l\u016bp\u0173 pie\u0161tukas Er\u0161k\u0117tuog\u0117s su simondsiju (jojoba) aliejumi, 3,6"},"content":{"rendered":"<p>R\u016bpinkit\u0117s suskeld\u0117jusiomis l\u016bpomis. Greitai pagerina nugairint\u0173, &scaron;erpetojan\u010di\u0173, skilin\u0117jan\u010di\u0173 l\u016bp\u0173 b\u016bkl\u0119. Er&scaron;k\u0117tuogi\u0173 aliejus, kuriame gausu vitamino E ir karotinoid\u0173, skatina greit\u0105 \u012ftr\u016bkim\u0173 gijim\u0105. Simondsij\u0173 aliejus suteikia apsaugin\u012f sluoksn\u012f, maitina ir mink&scaron;tina l\u016bp\u0173 od\u0105.<\/p>\n<p><strong>Naudojimas: <\/strong>tepkite ant l\u016bp\u0173.<br \/>\n&nbsp;<\/p>\n","protected":false},"excerpt":{"rendered":"<p>R\u016bpinkit\u0117s suskeld\u0117jusiomis l\u016bpomis. Greitai pagerina nugairint\u0173, &scaron;erpetojan\u010di\u0173, skilin\u0117jan\u010di\u0173 l\u016bp\u0173 b\u016bkl\u0119. Er&scaron;k\u0117tuogi\u0173 aliejus, kuriame gausu vitamino E ir karotinoid\u0173, skatina greit\u0105 \u012ftr\u016bkim\u0173 gijim\u0105. Simondsij\u0173 aliejus suteikia apsaugin\u012f sluoksn\u012f, maitina ir mink&scaron;tina l\u016bp\u0173 od\u0105. Naudojimas: tepkite ant l\u016bp\u0173. &nbsp;<\/p>\n","protected":false},"featured_media":80966,"template":"","meta":[],"product_cat":[1593],"product_tag":[],"class_list":{"0":"post-52829","1":"product","2":"type-product","3":"status-publish","4":"has-post-thumbnail","6":"product_brand-elfa_ua-lt","7":"product_cat-lupu-prieziura","9":"first","10":"instock","11":"taxable","12":"shipping-taxable","13":"product-type-simple"},"_links":{"self":[{"href":"https:\/\/e.kosmolat.eu\/lt\/wp-json\/wp\/v2\/product\/52829","targetHints":{"allow":["GET"]}}],"collection":[{"href":"https:\/\/e.kosmolat.eu\/lt\/wp-json\/wp\/v2\/product"}],"about":[{"href":"https:\/\/e.kosmolat.eu\/lt\/wp-json\/wp\/v2\/types\/product"}],"wp:featuredmedia":[{"embeddable":true,"href":"https:\/\/e.kosmolat.eu\/lt\/wp-json\/wp\/v2\/media\/80966"}],"wp:attachment":[{"href":"https:\/\/e.kosmolat.eu\/lt\/wp-json\/wp\/v2\/media?parent=52829"}],"wp:term":[{"taxonomy":"product_cat","embeddable":true,"href":"https:\/\/e.kosmolat.eu\/lt\/wp-json\/wp\/v2\/product_cat?post=52829"},{"taxonomy":"product_tag","embeddable":true,"href":"https:\/\/e.kosmolat.eu\/lt\/wp-json\/wp\/v2\/product_tag?post=52829"}],"curies":[{"name":"wp","href":"https:\/\/api.w.org\/{rel}","templated":true}]}}