{"id":52821,"date":"2024-06-12T04:11:01","date_gmt":"2024-06-12T04:11:01","guid":{"rendered":"https:\/\/e.kosmolat.eu\/product\/_dd-higieniska-lupu-krasa-kumelite-un-liepa-36-g\/"},"modified":"2026-04-24T05:32:53","modified_gmt":"2026-04-24T05:32:53","slug":"i_dd-higieniska-lupu-krasa-kumelite-un-liepa-36-g","status":"publish","type":"product","link":"https:\/\/e.kosmolat.eu\/lt\/produktas\/i_dd-higieniska-lupu-krasa-kumelite-un-liepa-36-g\/","title":{"rendered":"THE DOCTOR HEALTH &#038; CARE Higieninis l\u016bp\u0173 pie\u0161tukas Ramun\u0117l\u0117s ir liep\u0173 \u017eiedai, 3,6 g"},"content":{"rendered":"<\/p>\n","protected":false},"excerpt":{"rendered":"","protected":false},"featured_media":80962,"template":"","meta":[],"product_cat":[1593],"product_tag":[],"class_list":{"0":"post-52821","1":"product","2":"type-product","3":"status-publish","4":"has-post-thumbnail","6":"product_brand-elfa_ua-lt","7":"product_cat-lupu-prieziura","9":"first","10":"instock","11":"taxable","12":"shipping-taxable","13":"product-type-simple"},"_links":{"self":[{"href":"https:\/\/e.kosmolat.eu\/lt\/wp-json\/wp\/v2\/product\/52821","targetHints":{"allow":["GET"]}}],"collection":[{"href":"https:\/\/e.kosmolat.eu\/lt\/wp-json\/wp\/v2\/product"}],"about":[{"href":"https:\/\/e.kosmolat.eu\/lt\/wp-json\/wp\/v2\/types\/product"}],"wp:featuredmedia":[{"embeddable":true,"href":"https:\/\/e.kosmolat.eu\/lt\/wp-json\/wp\/v2\/media\/80962"}],"wp:attachment":[{"href":"https:\/\/e.kosmolat.eu\/lt\/wp-json\/wp\/v2\/media?parent=52821"}],"wp:term":[{"taxonomy":"product_cat","embeddable":true,"href":"https:\/\/e.kosmolat.eu\/lt\/wp-json\/wp\/v2\/product_cat?post=52821"},{"taxonomy":"product_tag","embeddable":true,"href":"https:\/\/e.kosmolat.eu\/lt\/wp-json\/wp\/v2\/product_tag?post=52821"}],"curies":[{"name":"wp","href":"https:\/\/api.w.org\/{rel}","templated":true}]}}