{"id":52813,"date":"2024-06-12T04:08:08","date_gmt":"2024-06-12T04:08:08","guid":{"rendered":"https:\/\/e.kosmolat.eu\/product\/hs-crazy-lupu-balzams-avene-6-ml\/"},"modified":"2026-03-04T10:38:54","modified_gmt":"2026-03-04T10:38:54","slug":"i_hs-crazy-lupu-balzams-avene-6-ml","status":"publish","type":"product","link":"https:\/\/e.kosmolat.eu\/lt\/produktas\/i_hs-crazy-lupu-balzams-avene-6-ml\/","title":{"rendered":"I_HISKIN Crazy L\u016bp\u0173 balzamas Aviet\u0117, 6 ml"},"content":{"rendered":"","protected":false},"excerpt":{"rendered":"","protected":false},"featured_media":99598,"template":"","meta":[],"product_cat":[1386],"product_tag":[],"class_list":{"0":"post-52813","1":"product","2":"type-product","3":"status-publish","4":"has-post-thumbnail","6":"product_brand-hiskin_pl-lt","7":"product_cat-lupu-balzamas","9":"first","10":"instock","11":"taxable","12":"shipping-taxable","13":"product-type-simple"},"_links":{"self":[{"href":"https:\/\/e.kosmolat.eu\/lt\/wp-json\/wp\/v2\/product\/52813","targetHints":{"allow":["GET"]}}],"collection":[{"href":"https:\/\/e.kosmolat.eu\/lt\/wp-json\/wp\/v2\/product"}],"about":[{"href":"https:\/\/e.kosmolat.eu\/lt\/wp-json\/wp\/v2\/types\/product"}],"wp:featuredmedia":[{"embeddable":true,"href":"https:\/\/e.kosmolat.eu\/lt\/wp-json\/wp\/v2\/media\/99598"}],"wp:attachment":[{"href":"https:\/\/e.kosmolat.eu\/lt\/wp-json\/wp\/v2\/media?parent=52813"}],"wp:term":[{"taxonomy":"product_cat","embeddable":true,"href":"https:\/\/e.kosmolat.eu\/lt\/wp-json\/wp\/v2\/product_cat?post=52813"},{"taxonomy":"product_tag","embeddable":true,"href":"https:\/\/e.kosmolat.eu\/lt\/wp-json\/wp\/v2\/product_tag?post=52813"}],"curies":[{"name":"wp","href":"https:\/\/api.w.org\/{rel}","templated":true}]}}