{"id":52765,"date":"2024-06-12T04:02:44","date_gmt":"2024-06-12T04:02:44","guid":{"rendered":"https:\/\/e.kosmolat.eu\/product\/hs-crazy-ice-cream-kermena-krems-zemene-200-ml\/"},"modified":"2025-01-28T11:13:31","modified_gmt":"2025-01-28T11:13:31","slug":"i_hs-crazy-ice-cream-kermena-krems-zemene-200-ml","status":"publish","type":"product","link":"https:\/\/e.kosmolat.eu\/lt\/produktas\/i_hs-crazy-ice-cream-kermena-krems-zemene-200-ml\/","title":{"rendered":"I_HISKIN Crazy Ice Cream K\u016bno kremas Bra\u0161k\u0117s, 200 ml"},"content":{"rendered":"<p>K\u016bno kremas, kuris nustebins ne tik savo skaniu aromatu, bet, vis\u0173 pirma, tuo, kaip jis r\u016bpinasi j\u016bs\u0173 oda. Kremas intensyviai dr\u0117kina ir palieka ant odos apsaugin\u0119 pl\u0117vel\u0119, tod\u0117l ji ilgai tampa lygi, \u0161velni ir kvapni. Praturtintas avie\u010di\u0173 s\u0117kl\u0173 aliejumi, padedan\u010diu atkurti od\u0105.<\/p>\n<p>Naudojimas: nedidel\u012f kiek\u012f kremo u\u017etepkite ant sausos odos ir \u0161velniai masa\u017euokite, kol visi\u0161kai \u012fsigers.<\/p>\n<p>Dermatologi\u0161kai patikrintas.<\/p>\n","protected":false},"excerpt":{"rendered":"<p>K\u016bno kremas, kuris nustebins ne tik savo skaniu aromatu, bet, vis\u0173 pirma, tuo, kaip jis r\u016bpinasi j\u016bs\u0173 oda. Kremas intensyviai dr\u0117kina ir palieka ant odos apsaugin\u0119 pl\u0117vel\u0119, tod\u0117l ji ilgai tampa lygi, \u0161velni ir kvapni. Praturtintas avie\u010di\u0173 s\u0117kl\u0173 aliejumi, padedan\u010diu atkurti od\u0105. Naudojimas: nedidel\u012f kiek\u012f kremo u\u017etepkite ant sausos odos ir \u0161velniai masa\u017euokite, kol visi\u0161kai [&#8230;]\n","protected":false},"featured_media":52767,"template":"","meta":[],"product_cat":[1390],"product_tag":[],"class_list":{"0":"post-52765","1":"product","2":"type-product","3":"status-publish","4":"has-post-thumbnail","6":"product_brand-hiskin_pl-lt","7":"product_cat-kremai-aliejai-kuno-pienelis","9":"first","10":"outofstock","11":"taxable","12":"shipping-taxable","13":"product-type-simple"},"_links":{"self":[{"href":"https:\/\/e.kosmolat.eu\/lt\/wp-json\/wp\/v2\/product\/52765","targetHints":{"allow":["GET"]}}],"collection":[{"href":"https:\/\/e.kosmolat.eu\/lt\/wp-json\/wp\/v2\/product"}],"about":[{"href":"https:\/\/e.kosmolat.eu\/lt\/wp-json\/wp\/v2\/types\/product"}],"wp:featuredmedia":[{"embeddable":true,"href":"https:\/\/e.kosmolat.eu\/lt\/wp-json\/wp\/v2\/media\/52767"}],"wp:attachment":[{"href":"https:\/\/e.kosmolat.eu\/lt\/wp-json\/wp\/v2\/media?parent=52765"}],"wp:term":[{"taxonomy":"product_cat","embeddable":true,"href":"https:\/\/e.kosmolat.eu\/lt\/wp-json\/wp\/v2\/product_cat?post=52765"},{"taxonomy":"product_tag","embeddable":true,"href":"https:\/\/e.kosmolat.eu\/lt\/wp-json\/wp\/v2\/product_tag?post=52765"}],"curies":[{"name":"wp","href":"https:\/\/api.w.org\/{rel}","templated":true}]}}