{"id":52757,"date":"2024-06-12T04:00:31","date_gmt":"2024-06-12T04:00:31","guid":{"rendered":"https:\/\/e.kosmolat.eu\/product\/hs-crazy-ice-cream-roku-krems-zemene-200-ml\/"},"modified":"2025-03-06T11:10:51","modified_gmt":"2025-03-06T11:10:51","slug":"i_hs-crazy-ice-cream-roku-krems-zemene-60-ml","status":"publish","type":"product","link":"https:\/\/e.kosmolat.eu\/lt\/produktas\/i_hs-crazy-ice-cream-roku-krems-zemene-60-ml\/","title":{"rendered":"I_HISKIN Crazy Ice Cream Rank\u0173 kremas Bra\u0161k\u0117s, 60 ml"},"content":{"rendered":"<p>Rank\u0173 kremas, kuris nustebins ne tik skaniu bra\u0161kini\u0173 led\u0173 aromatu, bet ir tuo, kaip r\u016bpinasi j\u016bs\u0173 rankomis. Kremas puikiai susigeria, suteikdamas odai vaisi\u0173 aromat\u0105, intensyviai dr\u0117kina, palieka apsaugin\u0119, bet neriebi\u0105 pl\u0117vel\u0119, tod\u0117l rankos tampa lygios ir \u0161velnios. Sud\u0117tyje yra trys augaliniai aliejai: soj\u0173, raps\u0173 ir avie\u010di\u0173, kurie palaiko optimali\u0105 epidermio lipidinio barjero b\u016bkl\u0119.<\/p>\n<p>Naudojimas: nedidel\u012f kiek\u012f kremo u\u017etepkite ant \u0161vari\u0173 rank\u0173 ir naudokite pagal poreik\u012f.<\/p>\n<p>Dermatologi\u0161kai patikrintas.<\/p>\n","protected":false},"excerpt":{"rendered":"<p>Rank\u0173 kremas, kuris nustebins ne tik skaniu bra\u0161kini\u0173 led\u0173 aromatu, bet ir tuo, kaip r\u016bpinasi j\u016bs\u0173 rankomis. Kremas puikiai susigeria, suteikdamas odai vaisi\u0173 aromat\u0105, intensyviai dr\u0117kina, palieka apsaugin\u0119, bet neriebi\u0105 pl\u0117vel\u0119, tod\u0117l rankos tampa lygios ir \u0161velnios. Sud\u0117tyje yra trys augaliniai aliejai: soj\u0173, raps\u0173 ir avie\u010di\u0173, kurie palaiko optimali\u0105 epidermio lipidinio barjero b\u016bkl\u0119. Naudojimas: nedidel\u012f [&#8230;]\n","protected":false},"featured_media":52759,"template":"","meta":[],"product_cat":[1304],"product_tag":[],"class_list":{"0":"post-52757","1":"product","2":"type-product","3":"status-publish","4":"has-post-thumbnail","6":"product_brand-hiskin_pl-lt","7":"product_cat-ranku-prieziuros-kosmetika","9":"first","10":"outofstock","11":"taxable","12":"shipping-taxable","13":"product-type-simple"},"_links":{"self":[{"href":"https:\/\/e.kosmolat.eu\/lt\/wp-json\/wp\/v2\/product\/52757","targetHints":{"allow":["GET"]}}],"collection":[{"href":"https:\/\/e.kosmolat.eu\/lt\/wp-json\/wp\/v2\/product"}],"about":[{"href":"https:\/\/e.kosmolat.eu\/lt\/wp-json\/wp\/v2\/types\/product"}],"wp:featuredmedia":[{"embeddable":true,"href":"https:\/\/e.kosmolat.eu\/lt\/wp-json\/wp\/v2\/media\/52759"}],"wp:attachment":[{"href":"https:\/\/e.kosmolat.eu\/lt\/wp-json\/wp\/v2\/media?parent=52757"}],"wp:term":[{"taxonomy":"product_cat","embeddable":true,"href":"https:\/\/e.kosmolat.eu\/lt\/wp-json\/wp\/v2\/product_cat?post=52757"},{"taxonomy":"product_tag","embeddable":true,"href":"https:\/\/e.kosmolat.eu\/lt\/wp-json\/wp\/v2\/product_tag?post=52757"}],"curies":[{"name":"wp","href":"https:\/\/api.w.org\/{rel}","templated":true}]}}