{"id":52737,"date":"2024-06-07T04:32:57","date_gmt":"2024-06-07T04:32:57","guid":{"rendered":"https:\/\/e.kosmolat.eu\/product\/srk-zeleja-dzilai-attirisanai-antibakterials-efekts-100-ml\/"},"modified":"2024-08-06T10:12:44","modified_gmt":"2024-08-06T10:12:44","slug":"srk-zeleja-dzilai-attirisanai-antibakterials-efekts-100-ml","status":"publish","type":"product","link":"https:\/\/e.kosmolat.eu\/lt\/produktas\/srk-zeleja-dzilai-attirisanai-antibakterials-efekts-100-ml\/","title":{"rendered":"SRK Gilaus valymo gelis &#8220;Antibakterinis poveikis&#8221; 100ml"},"content":{"rendered":"<p>Gelis giliai valo od\u0105, jo pagrind\u0105 sudaro citrin\u0173 r\u016bg\u0161tis, eukalipto ir magnolijos nuoviras, turi stipr\u0173 antibakterin\u012f poveik\u012f. Aktyvieji gelio komponentai efektyviai valo od\u0105 nuo ne\u0161varum\u0173, turi antiseptin\u012f poveik\u012f, tonizuoja ir gaivina. Naudojimo b\u016bdas: u\u017etepkite gelio ant dr\u0117gnos veido odos, \u0161velniai pamasa\u017euokite, tada nuplaukite vandeniu.<\/p>\n","protected":false},"excerpt":{"rendered":"<p>Gelis giliai valo od\u0105, jo pagrind\u0105 sudaro citrin\u0173 r\u016bg\u0161tis, eukalipto ir magnolijos nuoviras, turi stipr\u0173 antibakterin\u012f poveik\u012f. Aktyvieji gelio komponentai efektyviai valo od\u0105 nuo ne\u0161varum\u0173, turi antiseptin\u012f poveik\u012f, tonizuoja ir gaivina. Naudojimo b\u016bdas: u\u017etepkite gelio ant dr\u0117gnos veido odos, \u0161velniai pamasa\u017euokite, tada nuplaukite vandeniu.<\/p>\n","protected":false},"featured_media":52739,"template":"","meta":[],"product_cat":[1577],"product_tag":[],"class_list":{"0":"post-52737","1":"product","2":"type-product","3":"status-publish","4":"has-post-thumbnail","6":"product_brand-unilever-rus-lt","7":"product_cat-gelis","9":"first","10":"outofstock","11":"taxable","12":"shipping-taxable","13":"product-type-simple"},"_links":{"self":[{"href":"https:\/\/e.kosmolat.eu\/lt\/wp-json\/wp\/v2\/product\/52737","targetHints":{"allow":["GET"]}}],"collection":[{"href":"https:\/\/e.kosmolat.eu\/lt\/wp-json\/wp\/v2\/product"}],"about":[{"href":"https:\/\/e.kosmolat.eu\/lt\/wp-json\/wp\/v2\/types\/product"}],"wp:featuredmedia":[{"embeddable":true,"href":"https:\/\/e.kosmolat.eu\/lt\/wp-json\/wp\/v2\/media\/52739"}],"wp:attachment":[{"href":"https:\/\/e.kosmolat.eu\/lt\/wp-json\/wp\/v2\/media?parent=52737"}],"wp:term":[{"taxonomy":"product_cat","embeddable":true,"href":"https:\/\/e.kosmolat.eu\/lt\/wp-json\/wp\/v2\/product_cat?post=52737"},{"taxonomy":"product_tag","embeddable":true,"href":"https:\/\/e.kosmolat.eu\/lt\/wp-json\/wp\/v2\/product_tag?post=52737"}],"curies":[{"name":"wp","href":"https:\/\/api.w.org\/{rel}","templated":true}]}}