{"id":52729,"date":"2024-06-07T04:32:22","date_gmt":"2024-06-07T04:32:22","guid":{"rendered":"https:\/\/e.kosmolat.eu\/product\/i_dd-majas-dusas-ziepes-cidonija-un-piparmetru-ella-500-ml\/"},"modified":"2026-04-22T07:44:14","modified_gmt":"2026-04-22T07:44:14","slug":"i_dd-majas-dusas-ziepes-cidonija-un-piparmetru-ella-500-ml","status":"publish","type":"product","link":"https:\/\/e.kosmolat.eu\/lt\/produktas\/i_dd-majas-dusas-ziepes-cidonija-un-piparmetru-ella-500-ml\/","title":{"rendered":"DOMA\u0160NIJ DOKTOR Naminis du\u0161o muilas Svaraini\u0173 ir m\u0117t\u0173 aliejus, 500 ml"},"content":{"rendered":"<p>Tonizuojantis vis\u0173 tip\u0173 odai. Naminio du\u0161o muilo sud\u0117tyje yra naudingomis savyb\u0117mis \u017einomo pipirm\u0117\u010di\u0173 eterinio aliejaus, taip pat vis\u0173 tip\u0173 odai skirtas kompleksas i\u0161 raudon\u0173j\u0173 vynuogi\u0173, ka\u0161ton\u0173, alavij\u0173, svaraini\u0173, m\u0117lyni\u0173, kiparis\u0173 ekstrakt\u0173. Muilas puikiai putoja ir i\u0161laiko j\u016bs\u0173 od\u0105 \u0161vari\u0105. Jis turi lengv\u0105 gaiv\u0173 aromat\u0105 su pipirm\u0117\u010di\u0173 natomis.<\/p>\n<p>Naudojimas: tepti ant dr\u0117gnos odos, nuplauti vandeniu.<\/p>\n<p>Atsargumo priemon\u0117s: padid\u0117j\u0119s individualus jautrumas atskiriems komponentams.<br \/>\nLaikymo s\u0105lygos: nuo +5\u00b0C iki +25\u00b0C.<\/p>\n<p>Geriausias: 30 m\u0117nesi\u0173 nuo pagaminimo datos.<\/p>\n","protected":false},"excerpt":{"rendered":"<p>Tonizuojantis vis\u0173 tip\u0173 odai. Naminio du\u0161o muilo sud\u0117tyje yra naudingomis savyb\u0117mis \u017einomo pipirm\u0117\u010di\u0173 eterinio aliejaus, taip pat vis\u0173 tip\u0173 odai skirtas kompleksas i\u0161 raudon\u0173j\u0173 vynuogi\u0173, ka\u0161ton\u0173, alavij\u0173, svaraini\u0173, m\u0117lyni\u0173, kiparis\u0173 ekstrakt\u0173. Muilas puikiai putoja ir i\u0161laiko j\u016bs\u0173 od\u0105 \u0161vari\u0105. Jis turi lengv\u0105 gaiv\u0173 aromat\u0105 su pipirm\u0117\u010di\u0173 natomis. Naudojimas: tepti ant dr\u0117gnos odos, nuplauti vandeniu. Atsargumo [&#8230;]\n","protected":false},"featured_media":86530,"template":"","meta":[],"product_cat":[2181],"product_tag":[],"class_list":{"0":"post-52729","1":"product","2":"type-product","3":"status-publish","4":"has-post-thumbnail","6":"product_brand-elfa_ua-lt","7":"product_cat-bez-kategorijas-lt","9":"first","10":"instock","11":"taxable","12":"shipping-taxable","13":"product-type-simple"},"_links":{"self":[{"href":"https:\/\/e.kosmolat.eu\/lt\/wp-json\/wp\/v2\/product\/52729","targetHints":{"allow":["GET"]}}],"collection":[{"href":"https:\/\/e.kosmolat.eu\/lt\/wp-json\/wp\/v2\/product"}],"about":[{"href":"https:\/\/e.kosmolat.eu\/lt\/wp-json\/wp\/v2\/types\/product"}],"wp:featuredmedia":[{"embeddable":true,"href":"https:\/\/e.kosmolat.eu\/lt\/wp-json\/wp\/v2\/media\/86530"}],"wp:attachment":[{"href":"https:\/\/e.kosmolat.eu\/lt\/wp-json\/wp\/v2\/media?parent=52729"}],"wp:term":[{"taxonomy":"product_cat","embeddable":true,"href":"https:\/\/e.kosmolat.eu\/lt\/wp-json\/wp\/v2\/product_cat?post=52729"},{"taxonomy":"product_tag","embeddable":true,"href":"https:\/\/e.kosmolat.eu\/lt\/wp-json\/wp\/v2\/product_tag?post=52729"}],"curies":[{"name":"wp","href":"https:\/\/api.w.org\/{rel}","templated":true}]}}