{"id":52705,"date":"2024-06-07T04:29:46","date_gmt":"2024-06-07T04:29:46","guid":{"rendered":"https:\/\/e.kosmolat.eu\/product\/escentuals-parfim-kerm-sprejs-licija-250-ml\/"},"modified":"2025-09-20T04:47:18","modified_gmt":"2025-09-20T04:47:18","slug":"escentuals-parfim-kerm-sprejs-licija-250-ml","status":"publish","type":"product","link":"https:\/\/e.kosmolat.eu\/lt\/produktas\/escentuals-parfim-kerm-sprejs-licija-250-ml\/","title":{"rendered":"ESCENTUALS Parfumuotas k\u016bno pur\u0161kiklis Li\u010diai, 250 ml"},"content":{"rendered":"<p>Naudojimas: Tik i\u0161oriniam naudojimui. Purk\u0161ti 15 cm atstumu nuo k\u016bno. Vengti patekimo \u012f akis. Laikyti vaikams nepasiekiamoje vietoje. Netepti ant sudirgusios ar pa\u017eeistos odos.<\/p>\n<p>Skirta kvapams sluoksniuoti. Kaip mai\u0161yti Escentuals kvapus:<br \/>\n1. Pasirinkite 2 ar daugiau kvap\u0173.<br \/>\n2. purk\u0161kite juos ant tos pa\u010dios odos vietos.<br \/>\n3. I\u0161bandykite \u012fvairius derinius, kad rastum\u0117te t\u0105, kuris jums ypatingas.<\/p>\n","protected":false},"excerpt":{"rendered":"<p>Naudojimas: Tik i\u0161oriniam naudojimui. Purk\u0161ti 15 cm atstumu nuo k\u016bno. Vengti patekimo \u012f akis. Laikyti vaikams nepasiekiamoje vietoje. Netepti ant sudirgusios ar pa\u017eeistos odos. Skirta kvapams sluoksniuoti. Kaip mai\u0161yti Escentuals kvapus: 1. Pasirinkite 2 ar daugiau kvap\u0173. 2. purk\u0161kite juos ant tos pa\u010dios odos vietos. 3. I\u0161bandykite \u012fvairius derinius, kad rastum\u0117te t\u0105, kuris jums ypatingas.<\/p>\n","protected":false},"featured_media":92190,"template":"","meta":[],"product_cat":[1378],"product_tag":[],"class_list":{"0":"post-52705","1":"product","2":"type-product","3":"status-publish","4":"has-post-thumbnail","6":"product_brand-incos_gb-lt","7":"product_cat-purskikliai-kunui","9":"first","10":"outofstock","11":"taxable","12":"shipping-taxable","13":"product-type-simple"},"_links":{"self":[{"href":"https:\/\/e.kosmolat.eu\/lt\/wp-json\/wp\/v2\/product\/52705","targetHints":{"allow":["GET"]}}],"collection":[{"href":"https:\/\/e.kosmolat.eu\/lt\/wp-json\/wp\/v2\/product"}],"about":[{"href":"https:\/\/e.kosmolat.eu\/lt\/wp-json\/wp\/v2\/types\/product"}],"wp:featuredmedia":[{"embeddable":true,"href":"https:\/\/e.kosmolat.eu\/lt\/wp-json\/wp\/v2\/media\/92190"}],"wp:attachment":[{"href":"https:\/\/e.kosmolat.eu\/lt\/wp-json\/wp\/v2\/media?parent=52705"}],"wp:term":[{"taxonomy":"product_cat","embeddable":true,"href":"https:\/\/e.kosmolat.eu\/lt\/wp-json\/wp\/v2\/product_cat?post=52705"},{"taxonomy":"product_tag","embeddable":true,"href":"https:\/\/e.kosmolat.eu\/lt\/wp-json\/wp\/v2\/product_tag?post=52705"}],"curies":[{"name":"wp","href":"https:\/\/api.w.org\/{rel}","templated":true}]}}