{"id":52681,"date":"2024-06-07T04:21:45","date_gmt":"2024-06-07T04:21:45","guid":{"rendered":"https:\/\/e.kosmolat.eu\/product\/so-unique-floral-night-parfim-kerm-sprejs-frezija-un-plume-150-ml\/"},"modified":"2026-04-16T13:33:25","modified_gmt":"2026-04-16T13:33:25","slug":"so-unique-floral-night-parfim-kerm-sprejs-frezija-un-plume-150-ml","status":"publish","type":"product","link":"https:\/\/e.kosmolat.eu\/lt\/produktas\/so-unique-floral-night-parfim-kerm-sprejs-frezija-un-plume-150-ml\/","title":{"rendered":"SO&#8230;? UNIQUE Floral Night Parfumuotas k\u016bno pur\u0161kiklis Frezijos ir slyvos, 150 ml"},"content":{"rendered":"<p>Skirta kvapams sluoksniuoti. <\/p>\n<p>Naudojimas: Tik i\u0161oriniam naudojimui. Purk\u0161ti 15 cm atstumu nuo k\u016bno. Vengti patekimo \u012f akis. Laikyti vaikams nepasiekiamoje vietoje. Netepti ant sudirgusios ar pa\u017eeistos odos.<\/p>\n","protected":false},"excerpt":{"rendered":"<p>Skirta kvapams sluoksniuoti. Naudojimas: Tik i\u0161oriniam naudojimui. Purk\u0161ti 15 cm atstumu nuo k\u016bno. Vengti patekimo \u012f akis. Laikyti vaikams nepasiekiamoje vietoje. Netepti ant sudirgusios ar pa\u017eeistos odos.<\/p>\n","protected":false},"featured_media":92154,"template":"","meta":[],"product_cat":[1378],"product_tag":[],"class_list":{"0":"post-52681","1":"product","2":"type-product","3":"status-publish","4":"has-post-thumbnail","6":"product_brand-incos_gb-lt","7":"product_cat-purskikliai-kunui","9":"first","10":"instock","11":"taxable","12":"shipping-taxable","13":"product-type-simple"},"_links":{"self":[{"href":"https:\/\/e.kosmolat.eu\/lt\/wp-json\/wp\/v2\/product\/52681","targetHints":{"allow":["GET"]}}],"collection":[{"href":"https:\/\/e.kosmolat.eu\/lt\/wp-json\/wp\/v2\/product"}],"about":[{"href":"https:\/\/e.kosmolat.eu\/lt\/wp-json\/wp\/v2\/types\/product"}],"wp:featuredmedia":[{"embeddable":true,"href":"https:\/\/e.kosmolat.eu\/lt\/wp-json\/wp\/v2\/media\/92154"}],"wp:attachment":[{"href":"https:\/\/e.kosmolat.eu\/lt\/wp-json\/wp\/v2\/media?parent=52681"}],"wp:term":[{"taxonomy":"product_cat","embeddable":true,"href":"https:\/\/e.kosmolat.eu\/lt\/wp-json\/wp\/v2\/product_cat?post=52681"},{"taxonomy":"product_tag","embeddable":true,"href":"https:\/\/e.kosmolat.eu\/lt\/wp-json\/wp\/v2\/product_tag?post=52681"}],"curies":[{"name":"wp","href":"https:\/\/api.w.org\/{rel}","templated":true}]}}