{"id":52673,"date":"2024-06-07T04:21:01","date_gmt":"2024-06-07T04:21:01","guid":{"rendered":"https:\/\/e.kosmolat.eu\/product\/so-unique-white-blossom-parfim-kerm-sprejs-tuberoze-un-bumbieru-ziedi-150-ml\/"},"modified":"2025-09-20T04:45:03","modified_gmt":"2025-09-20T04:45:03","slug":"so-unique-white-blossom-parfim-kerm-sprejs-tuberoze-un-bumbieru-ziedi-150-ml","status":"publish","type":"product","link":"https:\/\/e.kosmolat.eu\/lt\/produktas\/so-unique-white-blossom-parfim-kerm-sprejs-tuberoze-un-bumbieru-ziedi-150-ml\/","title":{"rendered":"SO&#8230;? UNIQUE White Blossom Parfumuotas k\u016bno pur\u0161kiklis Tuberoza and \u017eydinti kriau\u0161\u0117, 150 ml"},"content":{"rendered":"<p>Skirta kvapams sluoksniuoti. <\/p>\n<p>Naudojimas: Tik i\u0161oriniam naudojimui. Purk\u0161ti 15 cm atstumu nuo k\u016bno. Vengti patekimo \u012f akis. Laikyti vaikams nepasiekiamoje vietoje. Netepti ant sudirgusios ar pa\u017eeistos odos.<\/p>\n","protected":false},"excerpt":{"rendered":"<p>Skirta kvapams sluoksniuoti. Naudojimas: Tik i\u0161oriniam naudojimui. Purk\u0161ti 15 cm atstumu nuo k\u016bno. Vengti patekimo \u012f akis. Laikyti vaikams nepasiekiamoje vietoje. Netepti ant sudirgusios ar pa\u017eeistos odos.<\/p>\n","protected":false},"featured_media":92150,"template":"","meta":[],"product_cat":[1378],"product_tag":[],"class_list":{"0":"post-52673","1":"product","2":"type-product","3":"status-publish","4":"has-post-thumbnail","6":"product_brand-incos_gb-lt","7":"product_cat-purskikliai-kunui","9":"first","10":"outofstock","11":"taxable","12":"shipping-taxable","13":"product-type-simple"},"_links":{"self":[{"href":"https:\/\/e.kosmolat.eu\/lt\/wp-json\/wp\/v2\/product\/52673","targetHints":{"allow":["GET"]}}],"collection":[{"href":"https:\/\/e.kosmolat.eu\/lt\/wp-json\/wp\/v2\/product"}],"about":[{"href":"https:\/\/e.kosmolat.eu\/lt\/wp-json\/wp\/v2\/types\/product"}],"wp:featuredmedia":[{"embeddable":true,"href":"https:\/\/e.kosmolat.eu\/lt\/wp-json\/wp\/v2\/media\/92150"}],"wp:attachment":[{"href":"https:\/\/e.kosmolat.eu\/lt\/wp-json\/wp\/v2\/media?parent=52673"}],"wp:term":[{"taxonomy":"product_cat","embeddable":true,"href":"https:\/\/e.kosmolat.eu\/lt\/wp-json\/wp\/v2\/product_cat?post=52673"},{"taxonomy":"product_tag","embeddable":true,"href":"https:\/\/e.kosmolat.eu\/lt\/wp-json\/wp\/v2\/product_tag?post=52673"}],"curies":[{"name":"wp","href":"https:\/\/api.w.org\/{rel}","templated":true}]}}