{"id":52657,"date":"2024-06-07T04:16:24","date_gmt":"2024-06-07T04:16:24","guid":{"rendered":"https:\/\/e.kosmolat.eu\/product\/scentology-parfimerijas-udens-pomelo-un-neroli-100-ml\/"},"modified":"2025-09-20T04:44:34","modified_gmt":"2025-09-20T04:44:34","slug":"scentology-parfimerijas-udens-pomelo-un-neroli-100-ml","status":"publish","type":"product","link":"https:\/\/e.kosmolat.eu\/lt\/produktas\/scentology-parfimerijas-udens-pomelo-un-neroli-100-ml\/","title":{"rendered":"SCENTOLOGY Parfumuotas vanduo Pomelo ir neroliai, 100 ml"},"content":{"rendered":"<p>\u012eSP\u0116JIMAS: Degi, kol i\u0161garuoja. Nenaudokite \u0161alia ugnies, liepsnos ar \u0161ildymo element\u0173.<\/p>\n<p>DEGUS SKYSTIS IR GARAI.<\/p>\n<p>Etilo alkoholio t\u016brin\u0117 dalis yra 75 %.<\/p>\n","protected":false},"excerpt":{"rendered":"<p>\u012eSP\u0116JIMAS: Degi, kol i\u0161garuoja. Nenaudokite \u0161alia ugnies, liepsnos ar \u0161ildymo element\u0173. DEGUS SKYSTIS IR GARAI. Etilo alkoholio t\u016brin\u0117 dalis yra 75 %.<\/p>\n","protected":false},"featured_media":92142,"template":"","meta":[],"product_cat":[1447],"product_tag":[],"class_list":{"0":"post-52657","1":"product","2":"type-product","3":"status-publish","4":"has-post-thumbnail","6":"product_brand-incos_gb-lt","7":"product_cat-kvepalai-ir-tualetinis-vanduo-moterims","9":"first","10":"outofstock","11":"taxable","12":"shipping-taxable","13":"product-type-simple"},"_links":{"self":[{"href":"https:\/\/e.kosmolat.eu\/lt\/wp-json\/wp\/v2\/product\/52657","targetHints":{"allow":["GET"]}}],"collection":[{"href":"https:\/\/e.kosmolat.eu\/lt\/wp-json\/wp\/v2\/product"}],"about":[{"href":"https:\/\/e.kosmolat.eu\/lt\/wp-json\/wp\/v2\/types\/product"}],"wp:featuredmedia":[{"embeddable":true,"href":"https:\/\/e.kosmolat.eu\/lt\/wp-json\/wp\/v2\/media\/92142"}],"wp:attachment":[{"href":"https:\/\/e.kosmolat.eu\/lt\/wp-json\/wp\/v2\/media?parent=52657"}],"wp:term":[{"taxonomy":"product_cat","embeddable":true,"href":"https:\/\/e.kosmolat.eu\/lt\/wp-json\/wp\/v2\/product_cat?post=52657"},{"taxonomy":"product_tag","embeddable":true,"href":"https:\/\/e.kosmolat.eu\/lt\/wp-json\/wp\/v2\/product_tag?post=52657"}],"curies":[{"name":"wp","href":"https:\/\/api.w.org\/{rel}","templated":true}]}}