{"id":52617,"date":"2024-06-07T04:04:55","date_gmt":"2024-06-07T04:04:55","guid":{"rendered":"https:\/\/e.kosmolat.eu\/product\/miss-so-eternally-yours-parfim-sprejs-salda-roze-un-vanila-140-ml\/"},"modified":"2025-09-20T04:43:25","modified_gmt":"2025-09-20T04:43:25","slug":"miss-so-eternally-yours-parfim-sprejs-salda-roze-un-vanila-140-ml","status":"publish","type":"product","link":"https:\/\/e.kosmolat.eu\/lt\/produktas\/miss-so-eternally-yours-parfim-sprejs-salda-roze-un-vanila-140-ml\/","title":{"rendered":"MISS SO\u2026? Eternally Yours Parfumuotas pur\u0161kiklis Saldi ro\u0117 ir vanil\u0117, 140 ml"},"content":{"rendered":"<p>Naudojimas: Tik i\u0161oriniam naudojimui. Purk\u0161ti 15 cm atstumu nuo k\u016bno. Vengti patekimo \u012f akis. Laikyti vaikams nepasiekiamoje vietoje. Nepurk\u0161ti ant sudirgusios ar pa\u017eeistos odos.<\/p>\n","protected":false},"excerpt":{"rendered":"<p>Naudojimas: Tik i\u0161oriniam naudojimui. Purk\u0161ti 15 cm atstumu nuo k\u016bno. Vengti patekimo \u012f akis. Laikyti vaikams nepasiekiamoje vietoje. Nepurk\u0161ti ant sudirgusios ar pa\u017eeistos odos.<\/p>\n","protected":false},"featured_media":92122,"template":"","meta":[],"product_cat":[1378],"product_tag":[],"class_list":{"0":"post-52617","1":"product","2":"type-product","3":"status-publish","4":"has-post-thumbnail","6":"product_brand-incos_gb-lt","7":"product_cat-purskikliai-kunui","9":"first","10":"outofstock","11":"taxable","12":"shipping-taxable","13":"product-type-simple"},"_links":{"self":[{"href":"https:\/\/e.kosmolat.eu\/lt\/wp-json\/wp\/v2\/product\/52617","targetHints":{"allow":["GET"]}}],"collection":[{"href":"https:\/\/e.kosmolat.eu\/lt\/wp-json\/wp\/v2\/product"}],"about":[{"href":"https:\/\/e.kosmolat.eu\/lt\/wp-json\/wp\/v2\/types\/product"}],"wp:featuredmedia":[{"embeddable":true,"href":"https:\/\/e.kosmolat.eu\/lt\/wp-json\/wp\/v2\/media\/92122"}],"wp:attachment":[{"href":"https:\/\/e.kosmolat.eu\/lt\/wp-json\/wp\/v2\/media?parent=52617"}],"wp:term":[{"taxonomy":"product_cat","embeddable":true,"href":"https:\/\/e.kosmolat.eu\/lt\/wp-json\/wp\/v2\/product_cat?post=52617"},{"taxonomy":"product_tag","embeddable":true,"href":"https:\/\/e.kosmolat.eu\/lt\/wp-json\/wp\/v2\/product_tag?post=52617"}],"curies":[{"name":"wp","href":"https:\/\/api.w.org\/{rel}","templated":true}]}}