{"id":52601,"date":"2024-06-07T04:03:16","date_gmt":"2024-06-07T04:03:16","guid":{"rendered":"https:\/\/e.kosmolat.eu\/product\/i_miss-so-starlet-parfimerijas-sprejs-baltais-muskuss-kokosrieksts-140ml\/"},"modified":"2024-12-03T10:40:55","modified_gmt":"2024-12-03T10:40:55","slug":"i_miss-so-starlet-parfimerijas-sprejs-baltais-muskuss-kokosrieksts-140ml","status":"publish","type":"product","link":"https:\/\/e.kosmolat.eu\/lt\/produktas\/i_miss-so-starlet-parfimerijas-sprejs-baltais-muskuss-kokosrieksts-140ml\/","title":{"rendered":"I_Miss So&#8230;? Starlet  Parfumuotas k\u016bno pur\u0161kalas Baltasis muskusas ir kokosas, 140 ml"},"content":{"rendered":"<p>Miss So&#8230;? Starlet &nbsp;Parfumuotas k\u016bno pur\u0161kalas Baltasis muskusas ir kokosas<br \/>\nNaudojimas: Tik i\u0161oriniam naudojimui. Laikykite 15 cm atstumu nuo k\u016bno ir purk\u0161kite. Vengti patekimo \u012f akis. Laikyti vaikams nepasiekiamoje vietoje. Nepurk\u0161ti ant pa\u017eeistos ar sudirgusios odos.<br \/>\nLENGVAI U\u017dSILIEPSNOJANTI DEGI.<br \/>\n&nbsp;<\/p>\n","protected":false},"excerpt":{"rendered":"<p>Miss So&#8230;? Starlet &nbsp;Parfumuotas k\u016bno pur\u0161kalas Baltasis muskusas ir kokosas Naudojimas: Tik i\u0161oriniam naudojimui. Laikykite 15 cm atstumu nuo k\u016bno ir purk\u0161kite. Vengti patekimo \u012f akis. Laikyti vaikams nepasiekiamoje vietoje. Nepurk\u0161ti ant pa\u017eeistos ar sudirgusios odos. LENGVAI U\u017dSILIEPSNOJANTI DEGI. &nbsp;<\/p>\n","protected":false},"featured_media":52603,"template":"","meta":[],"product_cat":[1378],"product_tag":[],"class_list":{"0":"post-52601","1":"product","2":"type-product","3":"status-publish","4":"has-post-thumbnail","6":"product_brand-incos_gb-lt","7":"product_cat-purskikliai-kunui","9":"first","10":"outofstock","11":"taxable","12":"shipping-taxable","13":"product-type-simple"},"_links":{"self":[{"href":"https:\/\/e.kosmolat.eu\/lt\/wp-json\/wp\/v2\/product\/52601","targetHints":{"allow":["GET"]}}],"collection":[{"href":"https:\/\/e.kosmolat.eu\/lt\/wp-json\/wp\/v2\/product"}],"about":[{"href":"https:\/\/e.kosmolat.eu\/lt\/wp-json\/wp\/v2\/types\/product"}],"wp:featuredmedia":[{"embeddable":true,"href":"https:\/\/e.kosmolat.eu\/lt\/wp-json\/wp\/v2\/media\/52603"}],"wp:attachment":[{"href":"https:\/\/e.kosmolat.eu\/lt\/wp-json\/wp\/v2\/media?parent=52601"}],"wp:term":[{"taxonomy":"product_cat","embeddable":true,"href":"https:\/\/e.kosmolat.eu\/lt\/wp-json\/wp\/v2\/product_cat?post=52601"},{"taxonomy":"product_tag","embeddable":true,"href":"https:\/\/e.kosmolat.eu\/lt\/wp-json\/wp\/v2\/product_tag?post=52601"}],"curies":[{"name":"wp","href":"https:\/\/api.w.org\/{rel}","templated":true}]}}