{"id":52593,"date":"2024-06-06T11:07:34","date_gmt":"2024-06-06T11:07:34","guid":{"rendered":"https:\/\/e.kosmolat.eu\/product\/modum-klasika-biezas-pirts-ziepes-skuju-500-g\/"},"modified":"2025-09-20T04:42:57","modified_gmt":"2025-09-20T04:42:57","slug":"modum-klasika-biezas-pirts-ziepes-skuju-500-g","status":"publish","type":"product","link":"https:\/\/e.kosmolat.eu\/lt\/produktas\/modum-klasika-biezas-pirts-ziepes-skuju-500-g\/","title":{"rendered":"MODUM CLASSIC Tir\u0161tas vonios muilas Spygliuo\u010di\u0173, 500 g"},"content":{"rendered":"<p>Vis\u0173 tip\u0173 odai, taip pat ir probleminei.<\/p>\n<p>Naudojimas: u\u017etepkite reikiam\u0105 kiek\u012f muilo ant dr\u0117gno k\u016bno ir\/ar plauk\u0173, masa\u017euokite, gerai i\u0161skalaukite dideliu kiekiu vandens.<\/p>\n<p>Laikyti nuo +5 \u00b0C iki +25 \u00b0C temperat\u016broje.<\/p>\n","protected":false},"excerpt":{"rendered":"<p>Vis\u0173 tip\u0173 odai, taip pat ir probleminei. Naudojimas: u\u017etepkite reikiam\u0105 kiek\u012f muilo ant dr\u0117gno k\u016bno ir\/ar plauk\u0173, masa\u017euokite, gerai i\u0161skalaukite dideliu kiekiu vandens. Laikyti nuo +5 \u00b0C iki +25 \u00b0C temperat\u016broje.<\/p>\n","protected":false},"featured_media":92114,"template":"","meta":[],"product_cat":[1609],"product_tag":[],"class_list":{"0":"post-52593","1":"product","2":"type-product","3":"status-publish","4":"has-post-thumbnail","6":"product_brand-modum_by-lt","7":"product_cat-muilas","9":"first","10":"outofstock","11":"taxable","12":"shipping-taxable","13":"product-type-simple"},"_links":{"self":[{"href":"https:\/\/e.kosmolat.eu\/lt\/wp-json\/wp\/v2\/product\/52593","targetHints":{"allow":["GET"]}}],"collection":[{"href":"https:\/\/e.kosmolat.eu\/lt\/wp-json\/wp\/v2\/product"}],"about":[{"href":"https:\/\/e.kosmolat.eu\/lt\/wp-json\/wp\/v2\/types\/product"}],"wp:featuredmedia":[{"embeddable":true,"href":"https:\/\/e.kosmolat.eu\/lt\/wp-json\/wp\/v2\/media\/92114"}],"wp:attachment":[{"href":"https:\/\/e.kosmolat.eu\/lt\/wp-json\/wp\/v2\/media?parent=52593"}],"wp:term":[{"taxonomy":"product_cat","embeddable":true,"href":"https:\/\/e.kosmolat.eu\/lt\/wp-json\/wp\/v2\/product_cat?post=52593"},{"taxonomy":"product_tag","embeddable":true,"href":"https:\/\/e.kosmolat.eu\/lt\/wp-json\/wp\/v2\/product_tag?post=52593"}],"curies":[{"name":"wp","href":"https:\/\/api.w.org\/{rel}","templated":true}]}}