{"id":52589,"date":"2024-06-06T10:53:31","date_gmt":"2024-06-06T10:53:31","guid":{"rendered":"https:\/\/e.kosmolat.eu\/product\/c%d1%83%d1%81%d1%82%d0%be%d0%b5-%d0%bcue%d0%be-ae%d1%8f-ia%d0%bdc-modum-%d0%baea%d1%81%d1%81c%d0%baa-%d1%87%d1%91s%d0%bd%d0%be%d0%b5-500-n\/"},"modified":"2025-09-20T04:43:10","modified_gmt":"2025-09-20T04:43:10","slug":"modum-klasika-biezas-pirts-ziepes-melnas-500-g","status":"publish","type":"product","link":"https:\/\/e.kosmolat.eu\/lt\/produktas\/modum-klasika-biezas-pirts-ziepes-melnas-500-g\/","title":{"rendered":"MODUM CLASSIC Tir\u0161tas vonios muilas Juodas, 500 g"},"content":{"rendered":"<p>Vis\u0173 tip\u0173 odai, taip pat ir probleminei.<\/p>\n<p>Naudojimas: u\u017etepkite reikiam\u0105 kiek\u012f muilo ant dr\u0117gno k\u016bno ir\/ar plauk\u0173, masa\u017euokite, gerai i\u0161skalaukite dideliu kiekiu vandens.<\/p>\n<p>Laikyti nuo +5 \u00b0C iki +25 \u00b0C temperat\u016broje.<\/p>\n","protected":false},"excerpt":{"rendered":"<p>Vis\u0173 tip\u0173 odai, taip pat ir probleminei. Naudojimas: u\u017etepkite reikiam\u0105 kiek\u012f muilo ant dr\u0117gno k\u016bno ir\/ar plauk\u0173, masa\u017euokite, gerai i\u0161skalaukite dideliu kiekiu vandens. Laikyti nuo +5 \u00b0C iki +25 \u00b0C temperat\u016broje.<\/p>\n","protected":false},"featured_media":92118,"template":"","meta":[],"product_cat":[1609],"product_tag":[],"class_list":{"0":"post-52589","1":"product","2":"type-product","3":"status-publish","4":"has-post-thumbnail","6":"product_brand-modum_by-lt","7":"product_cat-muilas","9":"first","10":"outofstock","11":"taxable","12":"shipping-taxable","13":"product-type-simple"},"_links":{"self":[{"href":"https:\/\/e.kosmolat.eu\/lt\/wp-json\/wp\/v2\/product\/52589","targetHints":{"allow":["GET"]}}],"collection":[{"href":"https:\/\/e.kosmolat.eu\/lt\/wp-json\/wp\/v2\/product"}],"about":[{"href":"https:\/\/e.kosmolat.eu\/lt\/wp-json\/wp\/v2\/types\/product"}],"wp:featuredmedia":[{"embeddable":true,"href":"https:\/\/e.kosmolat.eu\/lt\/wp-json\/wp\/v2\/media\/92118"}],"wp:attachment":[{"href":"https:\/\/e.kosmolat.eu\/lt\/wp-json\/wp\/v2\/media?parent=52589"}],"wp:term":[{"taxonomy":"product_cat","embeddable":true,"href":"https:\/\/e.kosmolat.eu\/lt\/wp-json\/wp\/v2\/product_cat?post=52589"},{"taxonomy":"product_tag","embeddable":true,"href":"https:\/\/e.kosmolat.eu\/lt\/wp-json\/wp\/v2\/product_tag?post=52589"}],"curies":[{"name":"wp","href":"https:\/\/api.w.org\/{rel}","templated":true}]}}